{"id":14861,"date":"2025-09-01T13:39:46","date_gmt":"2025-09-01T13:39:46","guid":{"rendered":"http:\/\/www.donatonigroup.com\/macchina\/c3-34-c4-34\/"},"modified":"2025-09-05T10:10:00","modified_gmt":"2025-09-05T10:10:00","slug":"c3-34-c4-34","status":"publish","type":"product","link":"https:\/\/www.donatonigroup.com\/pt-pt\/maquina\/c3-34-c4-34\/","title":{"rendered":"C3.34 \u2013 C4.34"},"content":{"rendered":"<p class=\"p1\">A DONATONI C3.34 \u2013 C4.34 \u00e9 um centro de maquina\u00e7\u00e3o de controlo num\u00e9rico com 3 ou 4 eixos interpolados, ideal para todas as empresas que precisam de uma m\u00e1quina que garanta\u00a0<b>acabamentos de alta qualidade<\/b>\u00a0em materiais como m\u00e1rmore, pedra, granito, aglomerado de quartzo e cer\u00e2mica.<\/p>\n","protected":false},"excerpt":{"rendered":"<p>A DONATONI C3.34 \u2013 C4.34 \u00e9 um centro de maquina\u00e7\u00e3o de controlo num\u00e9rico com 3 ou 4 eixos interpolados, ideal para todas as empresas que precisam de uma m\u00e1quina que garanta\u00a0acabamentos de alta qualidade\u00a0em materiais como m\u00e1rmore, pedra, granito, aglomerado de quartzo e cer\u00e2mica.<\/p>\n","protected":false},"featured_media":14965,"template":"","meta":{"_et_pb_use_builder":"","_et_pb_old_content":"","_et_gb_content_width":""},"product_brand":[],"product_cat":[1240,1243],"product_tag":[],"caratteristica":[1268,1272,1274,1278,1280,1285,2093,2094],"serie":[2095],"settore_di_applicazione":[1254,1255,1256,1257,1259],"class_list":{"0":"post-14861","1":"product","2":"type-product","3":"status-publish","4":"has-post-thumbnail","6":"product_cat-maquinas-para-corte-de-ceramica","7":"product_cat-centros-de-maquinacao","8":"pa_altezza-terra-banco-lavoro-610-pt-pt","9":"pa_assi-interpolati-3-4-pt-pt","10":"pa_consumo-acqua-di-ricircolo-50-pt-pt","11":"pa_consumo-acqua-pulita-15-pt-pt","12":"pa_consumo-aria-800-pt-pt","13":"pa_cop-nom-mot-elettromandrino-33-s6-pt-pt","14":"pa_corsa-carrello-asse-x-3400-pt-pt","15":"pa_corsa-ponte-asse-y-1600-pt-pt","16":"pa_dimensioni-banco-lavoro-3300-x-1500-pt-pt","17":"pa_dimensioni-ingombro-2800-w-x-5800-l-x-2650-h-pt-pt","18":"pa_n-posizioni-utensili-mag-1211-laterais-109-laterais","19":"pa_n-ventose-area-lavoro-11-ventosas","20":"pa_n-ventose-area-lavoro-3-referencias","21":"pa_peso-macchina-4800-pt-pt","22":"pa_pot-mot-elettromandrino-18-s6-pt-pt","23":"pa_potenza-totale-installata-27-pt-pt","24":"pa_range-vel-elettromandrino-t-0-12000-pt-pt","25":"pa_rotazione-testa-porta-disco-apenas-para-4-eixos","26":"pa_salita-discesa-assez-350-pt-pt","27":"pa_tensione-elettrica-standard-40010-50-pt-pt","28":"pa_velocita-max-carrello-asse-x-0-75-pt-pt","29":"pa_velocita-max-ponte-asse-y-0-75-pt-pt","30":"pa_velocita-max-teste-asse-z-0-50-pt-pt","31":"caratteristica-ampla-gama-de-acessorios-e-configuracoes","32":"caratteristica-volume-reduzido","33":"caratteristica-simples-e-rapida-de-programar","34":"caratteristica-precisa-com-um-resultado-perfeito","35":"caratteristica-extremamente-flexivel","36":"caratteristica-qualidade-e-fiabilidade-ao-longo-do-tempo","37":"caratteristica-necessita-de-pouca-manutencao","38":"caratteristica-uma-maquina-so-para-infinitas-aplicacoes","39":"serie-c-series-pt-pt","40":"settore_di_applicazione-arte-funebre","41":"settore_di_applicazione-design-e-esculturas","42":"settore_di_applicazione-grandes-projetos","43":"settore_di_applicazione-pecas-para-a-construcao-civil","44":"settore_di_applicazione-bancadas-de-cozinha-e-bancadas-para-casas-de-banho","46":"first","47":"instock","48":"shipping-taxable","49":"purchasable","50":"product-type-simple"},"acf":[],"yoast_head":"<!-- This site is optimized with the Yoast SEO plugin v25.8 - https:\/\/yoast.com\/wordpress\/plugins\/seo\/ -->\n<title>C3.34 \u2013 C4.34 - Donatoni Group<\/title>\n<meta name=\"robots\" content=\"index, follow, max-snippet:-1, max-image-preview:large, max-video-preview:-1\" \/>\n<link rel=\"canonical\" href=\"https:\/\/www.donatonigroup.com\/pt-pt\/maquina\/c3-34-c4-34\/\" \/>\n<meta property=\"og:locale\" content=\"pt_PT\" \/>\n<meta property=\"og:type\" content=\"article\" \/>\n<meta property=\"og:title\" content=\"C3.34 \u2013 C4.34 - Donatoni Group\" \/>\n<meta property=\"og:description\" content=\"A DONATONI C3.34 \u2013 C4.34 \u00e9 um centro de maquina\u00e7\u00e3o de controlo num\u00e9rico com 3 ou 4 eixos interpolados, ideal para todas as empresas que precisam de uma m\u00e1quina que garanta\u00a0acabamentos de alta qualidade\u00a0em materiais como m\u00e1rmore, pedra, granito, aglomerado de quartzo e cer\u00e2mica.\" \/>\n<meta property=\"og:url\" content=\"https:\/\/www.donatonigroup.com\/pt-pt\/maquina\/c3-34-c4-34\/\" \/>\n<meta property=\"og:site_name\" content=\"Donatoni Group\" \/>\n<meta property=\"article:publisher\" content=\"https:\/\/www.facebook.com\/donatonimacchine\" \/>\n<meta property=\"article:modified_time\" content=\"2025-09-05T10:10:00+00:00\" \/>\n<meta property=\"og:image\" content=\"https:\/\/www.donatonigroup.com\/wp-content\/uploads\/2025\/09\/Macchina-c3-34-c4-34.png\" \/>\n\t<meta property=\"og:image:width\" content=\"1500\" \/>\n\t<meta property=\"og:image:height\" content=\"935\" \/>\n\t<meta property=\"og:image:type\" content=\"image\/png\" \/>\n<meta name=\"twitter:card\" content=\"summary_large_image\" \/>\n<meta name=\"twitter:label1\" content=\"Tempo estimado de leitura\" \/>\n\t<meta name=\"twitter:data1\" content=\"1 minuto\" \/>\n<script type=\"application\/ld+json\" class=\"yoast-schema-graph\">{\"@context\":\"https:\/\/schema.org\",\"@graph\":[{\"@type\":\"WebPage\",\"@id\":\"https:\/\/www.donatonigroup.com\/pt-pt\/maquina\/c3-34-c4-34\/\",\"url\":\"https:\/\/www.donatonigroup.com\/pt-pt\/maquina\/c3-34-c4-34\/\",\"name\":\"C3.34 \u2013 C4.34 - Donatoni Group\",\"isPartOf\":{\"@id\":\"https:\/\/www.donatonigroup.com\/pt-pt\/#website\"},\"primaryImageOfPage\":{\"@id\":\"https:\/\/www.donatonigroup.com\/pt-pt\/maquina\/c3-34-c4-34\/#primaryimage\"},\"image\":{\"@id\":\"https:\/\/www.donatonigroup.com\/pt-pt\/maquina\/c3-34-c4-34\/#primaryimage\"},\"thumbnailUrl\":\"https:\/\/www.donatonigroup.com\/wp-content\/uploads\/2025\/09\/Macchina-c3-34-c4-34.png\",\"datePublished\":\"2025-09-01T13:39:46+00:00\",\"dateModified\":\"2025-09-05T10:10:00+00:00\",\"breadcrumb\":{\"@id\":\"https:\/\/www.donatonigroup.com\/pt-pt\/maquina\/c3-34-c4-34\/#breadcrumb\"},\"inLanguage\":\"pt-PT\",\"potentialAction\":[{\"@type\":\"ReadAction\",\"target\":[\"https:\/\/www.donatonigroup.com\/pt-pt\/maquina\/c3-34-c4-34\/\"]}]},{\"@type\":\"ImageObject\",\"inLanguage\":\"pt-PT\",\"@id\":\"https:\/\/www.donatonigroup.com\/pt-pt\/maquina\/c3-34-c4-34\/#primaryimage\",\"url\":\"https:\/\/www.donatonigroup.com\/wp-content\/uploads\/2025\/09\/Macchina-c3-34-c4-34.png\",\"contentUrl\":\"https:\/\/www.donatonigroup.com\/wp-content\/uploads\/2025\/09\/Macchina-c3-34-c4-34.png\",\"width\":1500,\"height\":935},{\"@type\":\"BreadcrumbList\",\"@id\":\"https:\/\/www.donatonigroup.com\/pt-pt\/maquina\/c3-34-c4-34\/#breadcrumb\",\"itemListElement\":[{\"@type\":\"ListItem\",\"position\":1,\"name\":\"Home\",\"item\":\"https:\/\/www.donatonigroup.com\/pt-pt\/\"},{\"@type\":\"ListItem\",\"position\":2,\"name\":\"Cat\u00e1logo de M\u00e1quinas\",\"item\":\"https:\/\/www.donatonigroup.com\/pt-pt\/catalogo-de-maquinas\/\"},{\"@type\":\"ListItem\",\"position\":3,\"name\":\"C3.34 \u2013 C4.34\"}]},{\"@type\":\"WebSite\",\"@id\":\"https:\/\/www.donatonigroup.com\/pt-pt\/#website\",\"url\":\"https:\/\/www.donatonigroup.com\/pt-pt\/\",\"name\":\"Donatoni Group\",\"description\":\"\",\"publisher\":{\"@id\":\"https:\/\/www.donatonigroup.com\/pt-pt\/#organization\"},\"potentialAction\":[{\"@type\":\"SearchAction\",\"target\":{\"@type\":\"EntryPoint\",\"urlTemplate\":\"https:\/\/www.donatonigroup.com\/pt-pt\/?s={search_term_string}\"},\"query-input\":{\"@type\":\"PropertyValueSpecification\",\"valueRequired\":true,\"valueName\":\"search_term_string\"}}],\"inLanguage\":\"pt-PT\"},{\"@type\":\"Organization\",\"@id\":\"https:\/\/www.donatonigroup.com\/pt-pt\/#organization\",\"name\":\"Donatoni Group\",\"url\":\"https:\/\/www.donatonigroup.com\/pt-pt\/\",\"logo\":{\"@type\":\"ImageObject\",\"inLanguage\":\"pt-PT\",\"@id\":\"https:\/\/www.donatonigroup.com\/pt-pt\/#\/schema\/logo\/image\/\",\"url\":\"http:\/\/www.donatonigroup.com\/wp-content\/uploads\/2023\/02\/donatoni-logo.png\",\"contentUrl\":\"http:\/\/www.donatonigroup.com\/wp-content\/uploads\/2023\/02\/donatoni-logo.png\",\"width\":800,\"height\":112,\"caption\":\"Donatoni Group\"},\"image\":{\"@id\":\"https:\/\/www.donatonigroup.com\/pt-pt\/#\/schema\/logo\/image\/\"},\"sameAs\":[\"https:\/\/www.facebook.com\/donatonimacchine\",\"https:\/\/instagram.com\/donatonigroup\/\",\"https:\/\/www.linkedin.com\/company\/donatoni-macchine-s-r-l\"]}]}<\/script>\n<!-- \/ Yoast SEO plugin. -->","yoast_head_json":{"title":"C3.34 \u2013 C4.34 - Donatoni Group","robots":{"index":"index","follow":"follow","max-snippet":"max-snippet:-1","max-image-preview":"max-image-preview:large","max-video-preview":"max-video-preview:-1"},"canonical":"https:\/\/www.donatonigroup.com\/pt-pt\/maquina\/c3-34-c4-34\/","og_locale":"pt_PT","og_type":"article","og_title":"C3.34 \u2013 C4.34 - Donatoni Group","og_description":"A DONATONI C3.34 \u2013 C4.34 \u00e9 um centro de maquina\u00e7\u00e3o de controlo num\u00e9rico com 3 ou 4 eixos interpolados, ideal para todas as empresas que precisam de uma m\u00e1quina que garanta\u00a0acabamentos de alta qualidade\u00a0em materiais como m\u00e1rmore, pedra, granito, aglomerado de quartzo e cer\u00e2mica.","og_url":"https:\/\/www.donatonigroup.com\/pt-pt\/maquina\/c3-34-c4-34\/","og_site_name":"Donatoni Group","article_publisher":"https:\/\/www.facebook.com\/donatonimacchine","article_modified_time":"2025-09-05T10:10:00+00:00","og_image":[{"width":1500,"height":935,"url":"https:\/\/www.donatonigroup.com\/wp-content\/uploads\/2025\/09\/Macchina-c3-34-c4-34.png","type":"image\/png"}],"twitter_card":"summary_large_image","twitter_misc":{"Tempo estimado de leitura":"1 minuto"},"schema":{"@context":"https:\/\/schema.org","@graph":[{"@type":"WebPage","@id":"https:\/\/www.donatonigroup.com\/pt-pt\/maquina\/c3-34-c4-34\/","url":"https:\/\/www.donatonigroup.com\/pt-pt\/maquina\/c3-34-c4-34\/","name":"C3.34 \u2013 C4.34 - Donatoni Group","isPartOf":{"@id":"https:\/\/www.donatonigroup.com\/pt-pt\/#website"},"primaryImageOfPage":{"@id":"https:\/\/www.donatonigroup.com\/pt-pt\/maquina\/c3-34-c4-34\/#primaryimage"},"image":{"@id":"https:\/\/www.donatonigroup.com\/pt-pt\/maquina\/c3-34-c4-34\/#primaryimage"},"thumbnailUrl":"https:\/\/www.donatonigroup.com\/wp-content\/uploads\/2025\/09\/Macchina-c3-34-c4-34.png","datePublished":"2025-09-01T13:39:46+00:00","dateModified":"2025-09-05T10:10:00+00:00","breadcrumb":{"@id":"https:\/\/www.donatonigroup.com\/pt-pt\/maquina\/c3-34-c4-34\/#breadcrumb"},"inLanguage":"pt-PT","potentialAction":[{"@type":"ReadAction","target":["https:\/\/www.donatonigroup.com\/pt-pt\/maquina\/c3-34-c4-34\/"]}]},{"@type":"ImageObject","inLanguage":"pt-PT","@id":"https:\/\/www.donatonigroup.com\/pt-pt\/maquina\/c3-34-c4-34\/#primaryimage","url":"https:\/\/www.donatonigroup.com\/wp-content\/uploads\/2025\/09\/Macchina-c3-34-c4-34.png","contentUrl":"https:\/\/www.donatonigroup.com\/wp-content\/uploads\/2025\/09\/Macchina-c3-34-c4-34.png","width":1500,"height":935},{"@type":"BreadcrumbList","@id":"https:\/\/www.donatonigroup.com\/pt-pt\/maquina\/c3-34-c4-34\/#breadcrumb","itemListElement":[{"@type":"ListItem","position":1,"name":"Home","item":"https:\/\/www.donatonigroup.com\/pt-pt\/"},{"@type":"ListItem","position":2,"name":"Cat\u00e1logo de M\u00e1quinas","item":"https:\/\/www.donatonigroup.com\/pt-pt\/catalogo-de-maquinas\/"},{"@type":"ListItem","position":3,"name":"C3.34 \u2013 C4.34"}]},{"@type":"WebSite","@id":"https:\/\/www.donatonigroup.com\/pt-pt\/#website","url":"https:\/\/www.donatonigroup.com\/pt-pt\/","name":"Donatoni Group","description":"","publisher":{"@id":"https:\/\/www.donatonigroup.com\/pt-pt\/#organization"},"potentialAction":[{"@type":"SearchAction","target":{"@type":"EntryPoint","urlTemplate":"https:\/\/www.donatonigroup.com\/pt-pt\/?s={search_term_string}"},"query-input":{"@type":"PropertyValueSpecification","valueRequired":true,"valueName":"search_term_string"}}],"inLanguage":"pt-PT"},{"@type":"Organization","@id":"https:\/\/www.donatonigroup.com\/pt-pt\/#organization","name":"Donatoni Group","url":"https:\/\/www.donatonigroup.com\/pt-pt\/","logo":{"@type":"ImageObject","inLanguage":"pt-PT","@id":"https:\/\/www.donatonigroup.com\/pt-pt\/#\/schema\/logo\/image\/","url":"http:\/\/www.donatonigroup.com\/wp-content\/uploads\/2023\/02\/donatoni-logo.png","contentUrl":"http:\/\/www.donatonigroup.com\/wp-content\/uploads\/2023\/02\/donatoni-logo.png","width":800,"height":112,"caption":"Donatoni Group"},"image":{"@id":"https:\/\/www.donatonigroup.com\/pt-pt\/#\/schema\/logo\/image\/"},"sameAs":["https:\/\/www.facebook.com\/donatonimacchine","https:\/\/instagram.com\/donatonigroup\/","https:\/\/www.linkedin.com\/company\/donatoni-macchine-s-r-l"]}]}},"_links":{"self":[{"href":"https:\/\/www.donatonigroup.com\/pt-pt\/wp-json\/wp\/v2\/product\/14861","targetHints":{"allow":["GET"]}}],"collection":[{"href":"https:\/\/www.donatonigroup.com\/pt-pt\/wp-json\/wp\/v2\/product"}],"about":[{"href":"https:\/\/www.donatonigroup.com\/pt-pt\/wp-json\/wp\/v2\/types\/product"}],"wp:featuredmedia":[{"embeddable":true,"href":"https:\/\/www.donatonigroup.com\/pt-pt\/wp-json\/wp\/v2\/media\/14965"}],"wp:attachment":[{"href":"https:\/\/www.donatonigroup.com\/pt-pt\/wp-json\/wp\/v2\/media?parent=14861"}],"wp:term":[{"taxonomy":"product_brand","embeddable":true,"href":"https:\/\/www.donatonigroup.com\/pt-pt\/wp-json\/wp\/v2\/product_brand?post=14861"},{"taxonomy":"product_cat","embeddable":true,"href":"https:\/\/www.donatonigroup.com\/pt-pt\/wp-json\/wp\/v2\/product_cat?post=14861"},{"taxonomy":"product_tag","embeddable":true,"href":"https:\/\/www.donatonigroup.com\/pt-pt\/wp-json\/wp\/v2\/product_tag?post=14861"},{"taxonomy":"caratteristica","embeddable":true,"href":"https:\/\/www.donatonigroup.com\/pt-pt\/wp-json\/wp\/v2\/caratteristica?post=14861"},{"taxonomy":"serie","embeddable":true,"href":"https:\/\/www.donatonigroup.com\/pt-pt\/wp-json\/wp\/v2\/serie?post=14861"},{"taxonomy":"settore_di_applicazione","embeddable":true,"href":"https:\/\/www.donatonigroup.com\/pt-pt\/wp-json\/wp\/v2\/settore_di_applicazione?post=14861"}],"curies":[{"name":"wp","href":"https:\/\/api.w.org\/{rel}","templated":true}]}}