{"id":14921,"date":"2025-09-01T15:08:04","date_gmt":"2025-09-01T15:08:04","guid":{"rendered":"http:\/\/www.donatonigroup.com\/macchina\/sx-5r\/"},"modified":"2025-09-05T15:13:53","modified_gmt":"2025-09-05T15:13:53","slug":"sx-5r","status":"publish","type":"product","link":"https:\/\/www.donatonigroup.com\/pt-pt\/maquina\/sx-5r\/","title":{"rendered":"SX-5r"},"content":{"rendered":"<div data-el-id=\"97c68f02-23cb-4cad-b5d8-c1d0bb9c48a9\">\n<div data-el-id=\"97c68f02-23cb-4cad-b5d8-c1d0bb9c48a9-txt\">\n<div class=\"machine-template__description-title\">\n<h1 class=\"machine-template__description-title-text\"><span style=\"font-size: 22px;\"> Centros de corte multimandril de controlo num\u00e9rico inovadores<\/span><\/h1>\n<\/div>\n<\/div>\n<\/div>\n<div data-el-id=\"41751148-8458-44e8-ad5b-e474df89f053\">\n<div data-el-id=\"41751148-8458-44e8-ad5b-e474df89f053-txt\">\n<div class=\"machine-template__description-description\">\n<p>A <strong>DONATONI SX-5r<\/strong> \u00e9 um centro de corte multimandril de controlo num\u00e9rico inovador com <strong>5 grupos de corte de 8 eixos interpolados<\/strong>, concebido e patenteado pela Donatoni Macchine para atender as exig\u00eancias de quem precisa de um sistema compacto para a produ\u00e7\u00e3o em linha de pavimentos e revestimentos de m\u00e1rmore, granito, cer\u00e2mica e aglomerados de v\u00e1rios tipos e diferentes dimens\u00f5es e espessuras.<\/p>\n<\/div>\n<\/div>\n<\/div>\n","protected":false},"excerpt":{"rendered":"<p>Centros de corte multimandril de controlo num\u00e9rico inovadores A DONATONI SX-5r \u00e9 um centro de corte multimandril de controlo num\u00e9rico inovador com 5 grupos de corte de 8 eixos interpolados, concebido e patenteado pela Donatoni Macchine para atender as exig\u00eancias de quem precisa de um sistema compacto para a produ\u00e7\u00e3o em linha de pavimentos e [&hellip;]<\/p>\n","protected":false},"featured_media":15002,"template":"","meta":{"_et_pb_use_builder":"","_et_pb_old_content":"","_et_gb_content_width":""},"product_brand":[],"product_cat":[1245],"product_tag":[],"caratteristica":[1270,1272,1274,1281,1419,1420,1423],"serie":[1265],"settore_di_applicazione":[1256,1258],"class_list":{"0":"post-14921","1":"product","2":"type-product","3":"status-publish","4":"has-post-thumbnail","6":"product_cat-maquinas-de-alta-produtividade","7":"pa_assi-interpolati-8-pt-pt","8":"pa_consumo-acqua-230-pt-pt","9":"pa_consumo-aria-20-pt-pt","10":"pa_corsa-carrello-asse-x-4100-pt-pt","11":"pa_corsa-ponte-asse-y-2850-pt-pt","12":"pa_diametro-massimo-disco-400-pt-pt","13":"pa_diametro-minimo-disco-300-pt-pt","14":"pa_distanza-dischi-250-2020-pt-pt","15":"pa_numero-assi-controllati-cn-14-pt-pt","16":"pa_peso-complessivo-macchina-20000-pt-pt","17":"pa_potenza-elettromandrino-15-s6-pt-pt","18":"pa_potenza-totale-installata-110-pt-pt","19":"pa_profondita-max-di-taglio-60-pt-pt","20":"pa_rotazione-ponte-porta-teste-182-182-pt-pt","21":"pa_salita-discesa-assez-200-pt-pt","22":"pa_sollevamento-massimo-ventose-500-pt-pt","23":"pa_tensione-elettrica-standard-40010-50-pt-pt","24":"pa_velocita-max-asse-x-y-33-pt-pt","25":"pa_velocita-max-carrello-asse-x-52-pt-pt","26":"pa_velocita-max-ponte-asse-y-33-pt-pt","27":"pa_velocita-max-teste-asse-z-4-pt-pt","28":"caratteristica-flexibilidade-de-producao","29":"caratteristica-volume-reduzido","30":"caratteristica-simples-e-rapida-de-programar","31":"caratteristica-extrema-precisao-de-corte","32":"caratteristica-elevada-produtividade","33":"caratteristica-otimizacao-do-corte","34":"caratteristica-linha-de-corte-automatizada","35":"serie-sx-series-pt-pt","36":"settore_di_applicazione-grandes-projetos","37":"settore_di_applicazione-pavimentos-e-revestimentos","39":"first","40":"instock","41":"shipping-taxable","42":"purchasable","43":"product-type-simple"},"acf":[],"yoast_head":"<!-- This site is optimized with the Yoast SEO plugin v25.8 - https:\/\/yoast.com\/wordpress\/plugins\/seo\/ -->\n<title>SX-5r - Donatoni Group<\/title>\n<meta name=\"robots\" content=\"index, follow, max-snippet:-1, max-image-preview:large, max-video-preview:-1\" \/>\n<link rel=\"canonical\" href=\"https:\/\/www.donatonigroup.com\/pt-pt\/maquina\/sx-5r\/\" \/>\n<meta property=\"og:locale\" content=\"pt_PT\" \/>\n<meta property=\"og:type\" content=\"article\" \/>\n<meta property=\"og:title\" content=\"SX-5r - Donatoni Group\" \/>\n<meta property=\"og:description\" content=\"Centros de corte multimandril de controlo num\u00e9rico inovadores A DONATONI SX-5r \u00e9 um centro de corte multimandril de controlo num\u00e9rico inovador com 5 grupos de corte de 8 eixos interpolados, concebido e patenteado pela Donatoni Macchine para atender as exig\u00eancias de quem precisa de um sistema compacto para a produ\u00e7\u00e3o em linha de pavimentos e [&hellip;]\" \/>\n<meta property=\"og:url\" content=\"https:\/\/www.donatonigroup.com\/pt-pt\/maquina\/sx-5r\/\" \/>\n<meta property=\"og:site_name\" content=\"Donatoni Group\" \/>\n<meta property=\"article:publisher\" content=\"https:\/\/www.facebook.com\/donatonimacchine\" \/>\n<meta property=\"article:modified_time\" content=\"2025-09-05T15:13:53+00:00\" \/>\n<meta property=\"og:image\" content=\"https:\/\/www.donatonigroup.com\/wp-content\/uploads\/2025\/09\/Macchina-sx-5r-img.png\" \/>\n\t<meta property=\"og:image:width\" content=\"1500\" \/>\n\t<meta property=\"og:image:height\" content=\"935\" \/>\n\t<meta property=\"og:image:type\" content=\"image\/png\" \/>\n<meta name=\"twitter:card\" content=\"summary_large_image\" \/>\n<meta name=\"twitter:label1\" content=\"Tempo estimado de leitura\" \/>\n\t<meta name=\"twitter:data1\" content=\"2 minutos\" \/>\n<script type=\"application\/ld+json\" class=\"yoast-schema-graph\">{\"@context\":\"https:\/\/schema.org\",\"@graph\":[{\"@type\":\"WebPage\",\"@id\":\"https:\/\/www.donatonigroup.com\/pt-pt\/maquina\/sx-5r\/\",\"url\":\"https:\/\/www.donatonigroup.com\/pt-pt\/maquina\/sx-5r\/\",\"name\":\"SX-5r - Donatoni Group\",\"isPartOf\":{\"@id\":\"https:\/\/www.donatonigroup.com\/pt-pt\/#website\"},\"primaryImageOfPage\":{\"@id\":\"https:\/\/www.donatonigroup.com\/pt-pt\/maquina\/sx-5r\/#primaryimage\"},\"image\":{\"@id\":\"https:\/\/www.donatonigroup.com\/pt-pt\/maquina\/sx-5r\/#primaryimage\"},\"thumbnailUrl\":\"https:\/\/www.donatonigroup.com\/wp-content\/uploads\/2025\/09\/Macchina-sx-5r-img.png\",\"datePublished\":\"2025-09-01T15:08:04+00:00\",\"dateModified\":\"2025-09-05T15:13:53+00:00\",\"breadcrumb\":{\"@id\":\"https:\/\/www.donatonigroup.com\/pt-pt\/maquina\/sx-5r\/#breadcrumb\"},\"inLanguage\":\"pt-PT\",\"potentialAction\":[{\"@type\":\"ReadAction\",\"target\":[\"https:\/\/www.donatonigroup.com\/pt-pt\/maquina\/sx-5r\/\"]}]},{\"@type\":\"ImageObject\",\"inLanguage\":\"pt-PT\",\"@id\":\"https:\/\/www.donatonigroup.com\/pt-pt\/maquina\/sx-5r\/#primaryimage\",\"url\":\"https:\/\/www.donatonigroup.com\/wp-content\/uploads\/2025\/09\/Macchina-sx-5r-img.png\",\"contentUrl\":\"https:\/\/www.donatonigroup.com\/wp-content\/uploads\/2025\/09\/Macchina-sx-5r-img.png\",\"width\":1500,\"height\":935},{\"@type\":\"BreadcrumbList\",\"@id\":\"https:\/\/www.donatonigroup.com\/pt-pt\/maquina\/sx-5r\/#breadcrumb\",\"itemListElement\":[{\"@type\":\"ListItem\",\"position\":1,\"name\":\"Home\",\"item\":\"https:\/\/www.donatonigroup.com\/pt-pt\/\"},{\"@type\":\"ListItem\",\"position\":2,\"name\":\"Cat\u00e1logo de M\u00e1quinas\",\"item\":\"https:\/\/www.donatonigroup.com\/pt-pt\/catalogo-de-maquinas\/\"},{\"@type\":\"ListItem\",\"position\":3,\"name\":\"SX-5r\"}]},{\"@type\":\"WebSite\",\"@id\":\"https:\/\/www.donatonigroup.com\/pt-pt\/#website\",\"url\":\"https:\/\/www.donatonigroup.com\/pt-pt\/\",\"name\":\"Donatoni Group\",\"description\":\"\",\"publisher\":{\"@id\":\"https:\/\/www.donatonigroup.com\/pt-pt\/#organization\"},\"potentialAction\":[{\"@type\":\"SearchAction\",\"target\":{\"@type\":\"EntryPoint\",\"urlTemplate\":\"https:\/\/www.donatonigroup.com\/pt-pt\/?s={search_term_string}\"},\"query-input\":{\"@type\":\"PropertyValueSpecification\",\"valueRequired\":true,\"valueName\":\"search_term_string\"}}],\"inLanguage\":\"pt-PT\"},{\"@type\":\"Organization\",\"@id\":\"https:\/\/www.donatonigroup.com\/pt-pt\/#organization\",\"name\":\"Donatoni Group\",\"url\":\"https:\/\/www.donatonigroup.com\/pt-pt\/\",\"logo\":{\"@type\":\"ImageObject\",\"inLanguage\":\"pt-PT\",\"@id\":\"https:\/\/www.donatonigroup.com\/pt-pt\/#\/schema\/logo\/image\/\",\"url\":\"http:\/\/www.donatonigroup.com\/wp-content\/uploads\/2023\/02\/donatoni-logo.png\",\"contentUrl\":\"http:\/\/www.donatonigroup.com\/wp-content\/uploads\/2023\/02\/donatoni-logo.png\",\"width\":800,\"height\":112,\"caption\":\"Donatoni Group\"},\"image\":{\"@id\":\"https:\/\/www.donatonigroup.com\/pt-pt\/#\/schema\/logo\/image\/\"},\"sameAs\":[\"https:\/\/www.facebook.com\/donatonimacchine\",\"https:\/\/instagram.com\/donatonigroup\/\",\"https:\/\/www.linkedin.com\/company\/donatoni-macchine-s-r-l\"]}]}<\/script>\n<!-- \/ Yoast SEO plugin. -->","yoast_head_json":{"title":"SX-5r - Donatoni Group","robots":{"index":"index","follow":"follow","max-snippet":"max-snippet:-1","max-image-preview":"max-image-preview:large","max-video-preview":"max-video-preview:-1"},"canonical":"https:\/\/www.donatonigroup.com\/pt-pt\/maquina\/sx-5r\/","og_locale":"pt_PT","og_type":"article","og_title":"SX-5r - Donatoni Group","og_description":"Centros de corte multimandril de controlo num\u00e9rico inovadores A DONATONI SX-5r \u00e9 um centro de corte multimandril de controlo num\u00e9rico inovador com 5 grupos de corte de 8 eixos interpolados, concebido e patenteado pela Donatoni Macchine para atender as exig\u00eancias de quem precisa de um sistema compacto para a produ\u00e7\u00e3o em linha de pavimentos e [&hellip;]","og_url":"https:\/\/www.donatonigroup.com\/pt-pt\/maquina\/sx-5r\/","og_site_name":"Donatoni Group","article_publisher":"https:\/\/www.facebook.com\/donatonimacchine","article_modified_time":"2025-09-05T15:13:53+00:00","og_image":[{"width":1500,"height":935,"url":"https:\/\/www.donatonigroup.com\/wp-content\/uploads\/2025\/09\/Macchina-sx-5r-img.png","type":"image\/png"}],"twitter_card":"summary_large_image","twitter_misc":{"Tempo estimado de leitura":"2 minutos"},"schema":{"@context":"https:\/\/schema.org","@graph":[{"@type":"WebPage","@id":"https:\/\/www.donatonigroup.com\/pt-pt\/maquina\/sx-5r\/","url":"https:\/\/www.donatonigroup.com\/pt-pt\/maquina\/sx-5r\/","name":"SX-5r - Donatoni Group","isPartOf":{"@id":"https:\/\/www.donatonigroup.com\/pt-pt\/#website"},"primaryImageOfPage":{"@id":"https:\/\/www.donatonigroup.com\/pt-pt\/maquina\/sx-5r\/#primaryimage"},"image":{"@id":"https:\/\/www.donatonigroup.com\/pt-pt\/maquina\/sx-5r\/#primaryimage"},"thumbnailUrl":"https:\/\/www.donatonigroup.com\/wp-content\/uploads\/2025\/09\/Macchina-sx-5r-img.png","datePublished":"2025-09-01T15:08:04+00:00","dateModified":"2025-09-05T15:13:53+00:00","breadcrumb":{"@id":"https:\/\/www.donatonigroup.com\/pt-pt\/maquina\/sx-5r\/#breadcrumb"},"inLanguage":"pt-PT","potentialAction":[{"@type":"ReadAction","target":["https:\/\/www.donatonigroup.com\/pt-pt\/maquina\/sx-5r\/"]}]},{"@type":"ImageObject","inLanguage":"pt-PT","@id":"https:\/\/www.donatonigroup.com\/pt-pt\/maquina\/sx-5r\/#primaryimage","url":"https:\/\/www.donatonigroup.com\/wp-content\/uploads\/2025\/09\/Macchina-sx-5r-img.png","contentUrl":"https:\/\/www.donatonigroup.com\/wp-content\/uploads\/2025\/09\/Macchina-sx-5r-img.png","width":1500,"height":935},{"@type":"BreadcrumbList","@id":"https:\/\/www.donatonigroup.com\/pt-pt\/maquina\/sx-5r\/#breadcrumb","itemListElement":[{"@type":"ListItem","position":1,"name":"Home","item":"https:\/\/www.donatonigroup.com\/pt-pt\/"},{"@type":"ListItem","position":2,"name":"Cat\u00e1logo de M\u00e1quinas","item":"https:\/\/www.donatonigroup.com\/pt-pt\/catalogo-de-maquinas\/"},{"@type":"ListItem","position":3,"name":"SX-5r"}]},{"@type":"WebSite","@id":"https:\/\/www.donatonigroup.com\/pt-pt\/#website","url":"https:\/\/www.donatonigroup.com\/pt-pt\/","name":"Donatoni Group","description":"","publisher":{"@id":"https:\/\/www.donatonigroup.com\/pt-pt\/#organization"},"potentialAction":[{"@type":"SearchAction","target":{"@type":"EntryPoint","urlTemplate":"https:\/\/www.donatonigroup.com\/pt-pt\/?s={search_term_string}"},"query-input":{"@type":"PropertyValueSpecification","valueRequired":true,"valueName":"search_term_string"}}],"inLanguage":"pt-PT"},{"@type":"Organization","@id":"https:\/\/www.donatonigroup.com\/pt-pt\/#organization","name":"Donatoni Group","url":"https:\/\/www.donatonigroup.com\/pt-pt\/","logo":{"@type":"ImageObject","inLanguage":"pt-PT","@id":"https:\/\/www.donatonigroup.com\/pt-pt\/#\/schema\/logo\/image\/","url":"http:\/\/www.donatonigroup.com\/wp-content\/uploads\/2023\/02\/donatoni-logo.png","contentUrl":"http:\/\/www.donatonigroup.com\/wp-content\/uploads\/2023\/02\/donatoni-logo.png","width":800,"height":112,"caption":"Donatoni Group"},"image":{"@id":"https:\/\/www.donatonigroup.com\/pt-pt\/#\/schema\/logo\/image\/"},"sameAs":["https:\/\/www.facebook.com\/donatonimacchine","https:\/\/instagram.com\/donatonigroup\/","https:\/\/www.linkedin.com\/company\/donatoni-macchine-s-r-l"]}]}},"_links":{"self":[{"href":"https:\/\/www.donatonigroup.com\/pt-pt\/wp-json\/wp\/v2\/product\/14921","targetHints":{"allow":["GET"]}}],"collection":[{"href":"https:\/\/www.donatonigroup.com\/pt-pt\/wp-json\/wp\/v2\/product"}],"about":[{"href":"https:\/\/www.donatonigroup.com\/pt-pt\/wp-json\/wp\/v2\/types\/product"}],"wp:featuredmedia":[{"embeddable":true,"href":"https:\/\/www.donatonigroup.com\/pt-pt\/wp-json\/wp\/v2\/media\/15002"}],"wp:attachment":[{"href":"https:\/\/www.donatonigroup.com\/pt-pt\/wp-json\/wp\/v2\/media?parent=14921"}],"wp:term":[{"taxonomy":"product_brand","embeddable":true,"href":"https:\/\/www.donatonigroup.com\/pt-pt\/wp-json\/wp\/v2\/product_brand?post=14921"},{"taxonomy":"product_cat","embeddable":true,"href":"https:\/\/www.donatonigroup.com\/pt-pt\/wp-json\/wp\/v2\/product_cat?post=14921"},{"taxonomy":"product_tag","embeddable":true,"href":"https:\/\/www.donatonigroup.com\/pt-pt\/wp-json\/wp\/v2\/product_tag?post=14921"},{"taxonomy":"caratteristica","embeddable":true,"href":"https:\/\/www.donatonigroup.com\/pt-pt\/wp-json\/wp\/v2\/caratteristica?post=14921"},{"taxonomy":"serie","embeddable":true,"href":"https:\/\/www.donatonigroup.com\/pt-pt\/wp-json\/wp\/v2\/serie?post=14921"},{"taxonomy":"settore_di_applicazione","embeddable":true,"href":"https:\/\/www.donatonigroup.com\/pt-pt\/wp-json\/wp\/v2\/settore_di_applicazione?post=14921"}],"curies":[{"name":"wp","href":"https:\/\/api.w.org\/{rel}","templated":true}]}}