{"id":15013,"date":"2025-09-01T10:25:33","date_gmt":"2025-09-01T10:25:33","guid":{"rendered":"http:\/\/www.donatonigroup.com\/macchina\/c3-38-c4-38\/"},"modified":"2025-09-08T09:05:22","modified_gmt":"2025-09-08T09:05:22","slug":"c3-38-c4-38","status":"publish","type":"product","link":"https:\/\/www.donatonigroup.com\/pt-pt\/maquina\/c3-38-c4-38\/","title":{"rendered":"C3.38 \u2013 C4.38"},"content":{"rendered":"<p>A DONATONI C3.38 \u2013 C4.38 \u00e9 um centro de maquina\u00e7\u00e3o de controlo num\u00e9rico com 3 ou 4 eixos interpolados, ideal para todas as empresas que precisam de uma m\u00e1quina que garanta <strong>acabamentos de alta qualidade<\/strong> em materiais como m\u00e1rmore, pedra, granito, aglomerado de quartzo e cer\u00e2mica.<\/p>\n","protected":false},"excerpt":{"rendered":"<p>A DONATONI C3.38 \u2013 C4.38 \u00e9 um centro de maquina\u00e7\u00e3o de controlo num\u00e9rico com 3 ou 4 eixos interpolados, ideal para todas as empresas que precisam de uma m\u00e1quina que garanta acabamentos de alta qualidade em materiais como m\u00e1rmore, pedra, granito, aglomerado de quartzo e cer\u00e2mica.<\/p>\n","protected":false},"featured_media":14971,"template":"","meta":{"_et_pb_use_builder":"","_et_pb_old_content":"","_et_gb_content_width":""},"product_brand":[],"product_cat":[1240,1243],"product_tag":[],"caratteristica":[1268,1272,1274,1278,1280,1285,2093,2094],"serie":[2095],"settore_di_applicazione":[1254,1255,1256,1257,1259],"class_list":{"0":"post-15013","1":"product","2":"type-product","3":"status-publish","4":"has-post-thumbnail","6":"product_cat-maquinas-para-corte-de-ceramica","7":"product_cat-centros-de-maquinacao","8":"pa_altezza-terra-banco-lavoro-580-pt-pt","9":"pa_assi-interpolati-3-4-pt-pt","10":"pa_consumo-acqua-di-ricircolo-50-pt-pt","11":"pa_consumo-acqua-pulita-15-pt-pt","12":"pa_consumo-aria-800-pt-pt","13":"pa_cop-nom-mot-elettromandrino-33-s6-pt-pt","14":"pa_corsa-carrello-asse-x-3800-pt-pt","15":"pa_corsa-ponte-asse-y-2000-pt-pt","16":"pa_dimensioni-banco-lavoro-3700-x-1900-pt-pt","17":"pa_dimensioni-ingombro-6600-w-x-4100-l-x-3010-h-pt-pt","18":"pa_dimensioni-ingombro-6600-w-x-4700-l-x-3010-h-pt-pt","19":"pa_n-posizioni-utensili-mag-1213-laterais-55-traseiros","20":"pa_n-ventose-area-lavoro-11-ventosas","21":"pa_n-ventose-area-lavoro-3-referencias","22":"pa_peso-macchina-6300-6900-pt-pt","23":"pa_pot-mot-elettromandrino-18-s6-pt-pt","24":"pa_potenza-totale-installata-26-27-pt-pt","25":"pa_range-vel-elettromandrino-t-0-12000-pt-pt","26":"pa_rotazione-testa-porta-disco-apenas-para-4-eixos","27":"pa_salita-discesa-assez-500-pt-pt","28":"pa_tensione-elettrica-standard-40010-50-pt-pt","29":"pa_velocita-max-carrello-asse-x-0-75-pt-pt","30":"pa_velocita-max-ponte-asse-y-0-75-pt-pt","31":"pa_velocita-max-teste-asse-z-0-50-pt-pt","32":"caratteristica-ampla-gama-de-acessorios-e-configuracoes","33":"caratteristica-volume-reduzido","34":"caratteristica-simples-e-rapida-de-programar","35":"caratteristica-precisa-com-um-resultado-perfeito","36":"caratteristica-extremamente-flexivel","37":"caratteristica-qualidade-e-fiabilidade-ao-longo-do-tempo","38":"caratteristica-necessita-de-pouca-manutencao","39":"caratteristica-uma-maquina-so-para-infinitas-aplicacoes","40":"serie-c-series-pt-pt","41":"settore_di_applicazione-arte-funebre","42":"settore_di_applicazione-design-e-esculturas","43":"settore_di_applicazione-grandes-projetos","44":"settore_di_applicazione-pecas-para-a-construcao-civil","45":"settore_di_applicazione-bancadas-de-cozinha-e-bancadas-para-casas-de-banho","47":"first","48":"instock","49":"shipping-taxable","50":"purchasable","51":"product-type-simple"},"acf":[],"yoast_head":"<!-- This site is optimized with the Yoast SEO plugin v25.8 - https:\/\/yoast.com\/wordpress\/plugins\/seo\/ -->\n<title>C3.38 \u2013 C4.38 - Donatoni Group<\/title>\n<meta name=\"robots\" content=\"index, follow, max-snippet:-1, max-image-preview:large, max-video-preview:-1\" \/>\n<link rel=\"canonical\" href=\"https:\/\/www.donatonigroup.com\/pt-pt\/maquina\/c3-38-c4-38\/\" \/>\n<meta property=\"og:locale\" content=\"pt_PT\" \/>\n<meta property=\"og:type\" content=\"article\" \/>\n<meta property=\"og:title\" content=\"C3.38 \u2013 C4.38 - Donatoni Group\" \/>\n<meta property=\"og:description\" content=\"A DONATONI C3.38 \u2013 C4.38 \u00e9 um centro de maquina\u00e7\u00e3o de controlo num\u00e9rico com 3 ou 4 eixos interpolados, ideal para todas as empresas que precisam de uma m\u00e1quina que garanta acabamentos de alta qualidade em materiais como m\u00e1rmore, pedra, granito, aglomerado de quartzo e cer\u00e2mica.\" \/>\n<meta property=\"og:url\" content=\"https:\/\/www.donatonigroup.com\/pt-pt\/maquina\/c3-38-c4-38\/\" \/>\n<meta property=\"og:site_name\" content=\"Donatoni Group\" \/>\n<meta property=\"article:publisher\" content=\"https:\/\/www.facebook.com\/donatonimacchine\" \/>\n<meta property=\"article:modified_time\" content=\"2025-09-08T09:05:22+00:00\" \/>\n<meta property=\"og:image\" content=\"https:\/\/www.donatonigroup.com\/wp-content\/uploads\/2025\/09\/Macchina-c3-38-c4-38.png\" \/>\n\t<meta property=\"og:image:width\" content=\"1500\" \/>\n\t<meta property=\"og:image:height\" content=\"935\" \/>\n\t<meta property=\"og:image:type\" content=\"image\/png\" \/>\n<meta name=\"twitter:card\" content=\"summary_large_image\" \/>\n<meta name=\"twitter:label1\" content=\"Tempo estimado de leitura\" \/>\n\t<meta name=\"twitter:data1\" content=\"1 minuto\" \/>\n<script type=\"application\/ld+json\" class=\"yoast-schema-graph\">{\"@context\":\"https:\/\/schema.org\",\"@graph\":[{\"@type\":\"WebPage\",\"@id\":\"https:\/\/www.donatonigroup.com\/pt-pt\/maquina\/c3-38-c4-38\/\",\"url\":\"https:\/\/www.donatonigroup.com\/pt-pt\/maquina\/c3-38-c4-38\/\",\"name\":\"C3.38 \u2013 C4.38 - Donatoni Group\",\"isPartOf\":{\"@id\":\"https:\/\/www.donatonigroup.com\/pt-pt\/#website\"},\"primaryImageOfPage\":{\"@id\":\"https:\/\/www.donatonigroup.com\/pt-pt\/maquina\/c3-38-c4-38\/#primaryimage\"},\"image\":{\"@id\":\"https:\/\/www.donatonigroup.com\/pt-pt\/maquina\/c3-38-c4-38\/#primaryimage\"},\"thumbnailUrl\":\"https:\/\/www.donatonigroup.com\/wp-content\/uploads\/2025\/09\/Macchina-c3-38-c4-38.png\",\"datePublished\":\"2025-09-01T10:25:33+00:00\",\"dateModified\":\"2025-09-08T09:05:22+00:00\",\"breadcrumb\":{\"@id\":\"https:\/\/www.donatonigroup.com\/pt-pt\/maquina\/c3-38-c4-38\/#breadcrumb\"},\"inLanguage\":\"pt-PT\",\"potentialAction\":[{\"@type\":\"ReadAction\",\"target\":[\"https:\/\/www.donatonigroup.com\/pt-pt\/maquina\/c3-38-c4-38\/\"]}]},{\"@type\":\"ImageObject\",\"inLanguage\":\"pt-PT\",\"@id\":\"https:\/\/www.donatonigroup.com\/pt-pt\/maquina\/c3-38-c4-38\/#primaryimage\",\"url\":\"https:\/\/www.donatonigroup.com\/wp-content\/uploads\/2025\/09\/Macchina-c3-38-c4-38.png\",\"contentUrl\":\"https:\/\/www.donatonigroup.com\/wp-content\/uploads\/2025\/09\/Macchina-c3-38-c4-38.png\",\"width\":1500,\"height\":935},{\"@type\":\"BreadcrumbList\",\"@id\":\"https:\/\/www.donatonigroup.com\/pt-pt\/maquina\/c3-38-c4-38\/#breadcrumb\",\"itemListElement\":[{\"@type\":\"ListItem\",\"position\":1,\"name\":\"Home\",\"item\":\"https:\/\/www.donatonigroup.com\/pt-pt\/\"},{\"@type\":\"ListItem\",\"position\":2,\"name\":\"Cat\u00e1logo de M\u00e1quinas\",\"item\":\"https:\/\/www.donatonigroup.com\/pt-pt\/catalogo-de-maquinas\/\"},{\"@type\":\"ListItem\",\"position\":3,\"name\":\"C3.38 \u2013 C4.38\"}]},{\"@type\":\"WebSite\",\"@id\":\"https:\/\/www.donatonigroup.com\/pt-pt\/#website\",\"url\":\"https:\/\/www.donatonigroup.com\/pt-pt\/\",\"name\":\"Donatoni Group\",\"description\":\"\",\"publisher\":{\"@id\":\"https:\/\/www.donatonigroup.com\/pt-pt\/#organization\"},\"potentialAction\":[{\"@type\":\"SearchAction\",\"target\":{\"@type\":\"EntryPoint\",\"urlTemplate\":\"https:\/\/www.donatonigroup.com\/pt-pt\/?s={search_term_string}\"},\"query-input\":{\"@type\":\"PropertyValueSpecification\",\"valueRequired\":true,\"valueName\":\"search_term_string\"}}],\"inLanguage\":\"pt-PT\"},{\"@type\":\"Organization\",\"@id\":\"https:\/\/www.donatonigroup.com\/pt-pt\/#organization\",\"name\":\"Donatoni Group\",\"url\":\"https:\/\/www.donatonigroup.com\/pt-pt\/\",\"logo\":{\"@type\":\"ImageObject\",\"inLanguage\":\"pt-PT\",\"@id\":\"https:\/\/www.donatonigroup.com\/pt-pt\/#\/schema\/logo\/image\/\",\"url\":\"http:\/\/www.donatonigroup.com\/wp-content\/uploads\/2023\/02\/donatoni-logo.png\",\"contentUrl\":\"http:\/\/www.donatonigroup.com\/wp-content\/uploads\/2023\/02\/donatoni-logo.png\",\"width\":800,\"height\":112,\"caption\":\"Donatoni Group\"},\"image\":{\"@id\":\"https:\/\/www.donatonigroup.com\/pt-pt\/#\/schema\/logo\/image\/\"},\"sameAs\":[\"https:\/\/www.facebook.com\/donatonimacchine\",\"https:\/\/instagram.com\/donatonigroup\/\",\"https:\/\/www.linkedin.com\/company\/donatoni-macchine-s-r-l\"]}]}<\/script>\n<!-- \/ Yoast SEO plugin. -->","yoast_head_json":{"title":"C3.38 \u2013 C4.38 - Donatoni Group","robots":{"index":"index","follow":"follow","max-snippet":"max-snippet:-1","max-image-preview":"max-image-preview:large","max-video-preview":"max-video-preview:-1"},"canonical":"https:\/\/www.donatonigroup.com\/pt-pt\/maquina\/c3-38-c4-38\/","og_locale":"pt_PT","og_type":"article","og_title":"C3.38 \u2013 C4.38 - Donatoni Group","og_description":"A DONATONI C3.38 \u2013 C4.38 \u00e9 um centro de maquina\u00e7\u00e3o de controlo num\u00e9rico com 3 ou 4 eixos interpolados, ideal para todas as empresas que precisam de uma m\u00e1quina que garanta acabamentos de alta qualidade em materiais como m\u00e1rmore, pedra, granito, aglomerado de quartzo e cer\u00e2mica.","og_url":"https:\/\/www.donatonigroup.com\/pt-pt\/maquina\/c3-38-c4-38\/","og_site_name":"Donatoni Group","article_publisher":"https:\/\/www.facebook.com\/donatonimacchine","article_modified_time":"2025-09-08T09:05:22+00:00","og_image":[{"width":1500,"height":935,"url":"https:\/\/www.donatonigroup.com\/wp-content\/uploads\/2025\/09\/Macchina-c3-38-c4-38.png","type":"image\/png"}],"twitter_card":"summary_large_image","twitter_misc":{"Tempo estimado de leitura":"1 minuto"},"schema":{"@context":"https:\/\/schema.org","@graph":[{"@type":"WebPage","@id":"https:\/\/www.donatonigroup.com\/pt-pt\/maquina\/c3-38-c4-38\/","url":"https:\/\/www.donatonigroup.com\/pt-pt\/maquina\/c3-38-c4-38\/","name":"C3.38 \u2013 C4.38 - Donatoni Group","isPartOf":{"@id":"https:\/\/www.donatonigroup.com\/pt-pt\/#website"},"primaryImageOfPage":{"@id":"https:\/\/www.donatonigroup.com\/pt-pt\/maquina\/c3-38-c4-38\/#primaryimage"},"image":{"@id":"https:\/\/www.donatonigroup.com\/pt-pt\/maquina\/c3-38-c4-38\/#primaryimage"},"thumbnailUrl":"https:\/\/www.donatonigroup.com\/wp-content\/uploads\/2025\/09\/Macchina-c3-38-c4-38.png","datePublished":"2025-09-01T10:25:33+00:00","dateModified":"2025-09-08T09:05:22+00:00","breadcrumb":{"@id":"https:\/\/www.donatonigroup.com\/pt-pt\/maquina\/c3-38-c4-38\/#breadcrumb"},"inLanguage":"pt-PT","potentialAction":[{"@type":"ReadAction","target":["https:\/\/www.donatonigroup.com\/pt-pt\/maquina\/c3-38-c4-38\/"]}]},{"@type":"ImageObject","inLanguage":"pt-PT","@id":"https:\/\/www.donatonigroup.com\/pt-pt\/maquina\/c3-38-c4-38\/#primaryimage","url":"https:\/\/www.donatonigroup.com\/wp-content\/uploads\/2025\/09\/Macchina-c3-38-c4-38.png","contentUrl":"https:\/\/www.donatonigroup.com\/wp-content\/uploads\/2025\/09\/Macchina-c3-38-c4-38.png","width":1500,"height":935},{"@type":"BreadcrumbList","@id":"https:\/\/www.donatonigroup.com\/pt-pt\/maquina\/c3-38-c4-38\/#breadcrumb","itemListElement":[{"@type":"ListItem","position":1,"name":"Home","item":"https:\/\/www.donatonigroup.com\/pt-pt\/"},{"@type":"ListItem","position":2,"name":"Cat\u00e1logo de M\u00e1quinas","item":"https:\/\/www.donatonigroup.com\/pt-pt\/catalogo-de-maquinas\/"},{"@type":"ListItem","position":3,"name":"C3.38 \u2013 C4.38"}]},{"@type":"WebSite","@id":"https:\/\/www.donatonigroup.com\/pt-pt\/#website","url":"https:\/\/www.donatonigroup.com\/pt-pt\/","name":"Donatoni Group","description":"","publisher":{"@id":"https:\/\/www.donatonigroup.com\/pt-pt\/#organization"},"potentialAction":[{"@type":"SearchAction","target":{"@type":"EntryPoint","urlTemplate":"https:\/\/www.donatonigroup.com\/pt-pt\/?s={search_term_string}"},"query-input":{"@type":"PropertyValueSpecification","valueRequired":true,"valueName":"search_term_string"}}],"inLanguage":"pt-PT"},{"@type":"Organization","@id":"https:\/\/www.donatonigroup.com\/pt-pt\/#organization","name":"Donatoni Group","url":"https:\/\/www.donatonigroup.com\/pt-pt\/","logo":{"@type":"ImageObject","inLanguage":"pt-PT","@id":"https:\/\/www.donatonigroup.com\/pt-pt\/#\/schema\/logo\/image\/","url":"http:\/\/www.donatonigroup.com\/wp-content\/uploads\/2023\/02\/donatoni-logo.png","contentUrl":"http:\/\/www.donatonigroup.com\/wp-content\/uploads\/2023\/02\/donatoni-logo.png","width":800,"height":112,"caption":"Donatoni Group"},"image":{"@id":"https:\/\/www.donatonigroup.com\/pt-pt\/#\/schema\/logo\/image\/"},"sameAs":["https:\/\/www.facebook.com\/donatonimacchine","https:\/\/instagram.com\/donatonigroup\/","https:\/\/www.linkedin.com\/company\/donatoni-macchine-s-r-l"]}]}},"_links":{"self":[{"href":"https:\/\/www.donatonigroup.com\/pt-pt\/wp-json\/wp\/v2\/product\/15013","targetHints":{"allow":["GET"]}}],"collection":[{"href":"https:\/\/www.donatonigroup.com\/pt-pt\/wp-json\/wp\/v2\/product"}],"about":[{"href":"https:\/\/www.donatonigroup.com\/pt-pt\/wp-json\/wp\/v2\/types\/product"}],"wp:featuredmedia":[{"embeddable":true,"href":"https:\/\/www.donatonigroup.com\/pt-pt\/wp-json\/wp\/v2\/media\/14971"}],"wp:attachment":[{"href":"https:\/\/www.donatonigroup.com\/pt-pt\/wp-json\/wp\/v2\/media?parent=15013"}],"wp:term":[{"taxonomy":"product_brand","embeddable":true,"href":"https:\/\/www.donatonigroup.com\/pt-pt\/wp-json\/wp\/v2\/product_brand?post=15013"},{"taxonomy":"product_cat","embeddable":true,"href":"https:\/\/www.donatonigroup.com\/pt-pt\/wp-json\/wp\/v2\/product_cat?post=15013"},{"taxonomy":"product_tag","embeddable":true,"href":"https:\/\/www.donatonigroup.com\/pt-pt\/wp-json\/wp\/v2\/product_tag?post=15013"},{"taxonomy":"caratteristica","embeddable":true,"href":"https:\/\/www.donatonigroup.com\/pt-pt\/wp-json\/wp\/v2\/caratteristica?post=15013"},{"taxonomy":"serie","embeddable":true,"href":"https:\/\/www.donatonigroup.com\/pt-pt\/wp-json\/wp\/v2\/serie?post=15013"},{"taxonomy":"settore_di_applicazione","embeddable":true,"href":"https:\/\/www.donatonigroup.com\/pt-pt\/wp-json\/wp\/v2\/settore_di_applicazione?post=15013"}],"curies":[{"name":"wp","href":"https:\/\/api.w.org\/{rel}","templated":true}]}}