{"id":15282,"date":"2025-09-17T13:19:18","date_gmt":"2025-09-17T13:19:18","guid":{"rendered":"http:\/\/www.donatonigroup.com\/macchina\/es58\/"},"modified":"2025-09-19T08:40:08","modified_gmt":"2025-09-19T08:40:08","slug":"es-58","status":"publish","type":"product","link":"https:\/\/www.donatonigroup.com\/pt-pt\/maquina\/es-58\/","title":{"rendered":"ES58"},"content":{"rendered":"<h3>A linha de m\u00e1quinas para polimento de bordas Donatoni<\/h3>\n<p><span class=\"s1\"><strong>DONATONI ES58<\/strong> \u00e9 a nova m\u00e1quina para polimento de bordas planas, com bancada de 5800 mm, que apresenta posicionamentos autom\u00e1ticos dos v\u00e1rios grupos de trabalho de acordo com o tipo de material, espessura e processamento solicitado. A espessura m\u00e1xima trabalh\u00e1vel \u00e9 de 50 mm e o n\u00famero de dispositivos configur\u00e1veis \u00e9 20. <\/span><\/p>\n","protected":false},"excerpt":{"rendered":"<p>A linha de m\u00e1quinas para polimento de bordas Donatoni DONATONI ES58 \u00e9 a nova m\u00e1quina para polimento de bordas planas, com bancada de 5800 mm, que apresenta posicionamentos autom\u00e1ticos dos v\u00e1rios grupos de trabalho de acordo com o tipo de material, espessura e processamento solicitado. A espessura m\u00e1xima trabalh\u00e1vel \u00e9 de 50 mm e o [&hellip;]<\/p>\n","protected":false},"featured_media":15304,"template":"","meta":{"_et_pb_use_builder":"","_et_pb_old_content":"","_et_gb_content_width":""},"product_brand":[],"product_cat":[3577],"product_tag":[],"caratteristica":[1268,1274,1284,1424,1426],"serie":[3578],"settore_di_applicazione":[1259,3579,3580],"class_list":{"0":"post-15282","1":"product","2":"type-product","3":"status-publish","4":"has-post-thumbnail","6":"product_cat-polidora-de-bordas","7":"pa_altezza-banco-800-860-pt-pt","8":"pa_consumo-acqua-300-pt-pt","9":"pa_consumo-aria-150-pt-pt","10":"pa_peso-macchina-4500-pt-pt","11":"pa_potenza-installata-25-pt-pt","12":"pa_tensione-elettrica-standard-40010-50-pt-pt","13":"caratteristica-ampla-gama-de-acessorios-e-configuracoes","14":"caratteristica-simples-e-rapida-de-programar","15":"caratteristica-transporte-e-montagem-faceis","16":"caratteristica-sistema-automatico-para-bordas-irregulares","17":"caratteristica-interface-software-dedicada","18":"serie-es-series-pt-pt","19":"settore_di_applicazione-bancadas-de-cozinha-e-bancadas-para-casas-de-banho","20":"settore_di_applicazione-capas","21":"settore_di_applicazione-sills-pt-pt","23":"first","24":"instock","25":"shipping-taxable","26":"product-type-simple"},"acf":[],"yoast_head":"<!-- This site is optimized with the Yoast SEO plugin v25.8 - https:\/\/yoast.com\/wordpress\/plugins\/seo\/ -->\n<title>ES58 - Donatoni Group<\/title>\n<meta name=\"robots\" content=\"index, follow, max-snippet:-1, max-image-preview:large, max-video-preview:-1\" \/>\n<link rel=\"canonical\" href=\"https:\/\/www.donatonigroup.com\/pt-pt\/maquina\/es-58\/\" \/>\n<meta property=\"og:locale\" content=\"pt_PT\" \/>\n<meta property=\"og:type\" content=\"article\" \/>\n<meta property=\"og:title\" content=\"ES58 - Donatoni Group\" \/>\n<meta property=\"og:description\" content=\"A linha de m\u00e1quinas para polimento de bordas Donatoni DONATONI ES58 \u00e9 a nova m\u00e1quina para polimento de bordas planas, com bancada de 5800 mm, que apresenta posicionamentos autom\u00e1ticos dos v\u00e1rios grupos de trabalho de acordo com o tipo de material, espessura e processamento solicitado. A espessura m\u00e1xima trabalh\u00e1vel \u00e9 de 50 mm e o [&hellip;]\" \/>\n<meta property=\"og:url\" content=\"https:\/\/www.donatonigroup.com\/pt-pt\/maquina\/es-58\/\" \/>\n<meta property=\"og:site_name\" content=\"Donatoni Group\" \/>\n<meta property=\"article:publisher\" content=\"https:\/\/www.facebook.com\/donatonimacchine\" \/>\n<meta property=\"article:modified_time\" content=\"2025-09-19T08:40:08+00:00\" \/>\n<meta property=\"og:image\" content=\"https:\/\/www.donatonigroup.com\/wp-content\/uploads\/2025\/09\/ES58-img.png\" \/>\n\t<meta property=\"og:image:width\" content=\"2000\" \/>\n\t<meta property=\"og:image:height\" content=\"1414\" \/>\n\t<meta property=\"og:image:type\" content=\"image\/png\" \/>\n<meta name=\"twitter:card\" content=\"summary_large_image\" \/>\n<meta name=\"twitter:label1\" content=\"Tempo estimado de leitura\" \/>\n\t<meta name=\"twitter:data1\" content=\"1 minuto\" \/>\n<script type=\"application\/ld+json\" class=\"yoast-schema-graph\">{\"@context\":\"https:\/\/schema.org\",\"@graph\":[{\"@type\":\"WebPage\",\"@id\":\"https:\/\/www.donatonigroup.com\/pt-pt\/maquina\/es-58\/\",\"url\":\"https:\/\/www.donatonigroup.com\/pt-pt\/maquina\/es-58\/\",\"name\":\"ES58 - Donatoni Group\",\"isPartOf\":{\"@id\":\"https:\/\/www.donatonigroup.com\/pt-pt\/#website\"},\"primaryImageOfPage\":{\"@id\":\"https:\/\/www.donatonigroup.com\/pt-pt\/maquina\/es-58\/#primaryimage\"},\"image\":{\"@id\":\"https:\/\/www.donatonigroup.com\/pt-pt\/maquina\/es-58\/#primaryimage\"},\"thumbnailUrl\":\"https:\/\/www.donatonigroup.com\/wp-content\/uploads\/2025\/09\/ES58-img.png\",\"datePublished\":\"2025-09-17T13:19:18+00:00\",\"dateModified\":\"2025-09-19T08:40:08+00:00\",\"breadcrumb\":{\"@id\":\"https:\/\/www.donatonigroup.com\/pt-pt\/maquina\/es-58\/#breadcrumb\"},\"inLanguage\":\"pt-PT\",\"potentialAction\":[{\"@type\":\"ReadAction\",\"target\":[\"https:\/\/www.donatonigroup.com\/pt-pt\/maquina\/es-58\/\"]}]},{\"@type\":\"ImageObject\",\"inLanguage\":\"pt-PT\",\"@id\":\"https:\/\/www.donatonigroup.com\/pt-pt\/maquina\/es-58\/#primaryimage\",\"url\":\"https:\/\/www.donatonigroup.com\/wp-content\/uploads\/2025\/09\/ES58-img.png\",\"contentUrl\":\"https:\/\/www.donatonigroup.com\/wp-content\/uploads\/2025\/09\/ES58-img.png\",\"width\":2000,\"height\":1414},{\"@type\":\"BreadcrumbList\",\"@id\":\"https:\/\/www.donatonigroup.com\/pt-pt\/maquina\/es-58\/#breadcrumb\",\"itemListElement\":[{\"@type\":\"ListItem\",\"position\":1,\"name\":\"Home\",\"item\":\"https:\/\/www.donatonigroup.com\/pt-pt\/\"},{\"@type\":\"ListItem\",\"position\":2,\"name\":\"Cat\u00e1logo de M\u00e1quinas\",\"item\":\"https:\/\/www.donatonigroup.com\/pt-pt\/catalogo-de-maquinas\/\"},{\"@type\":\"ListItem\",\"position\":3,\"name\":\"ES58\"}]},{\"@type\":\"WebSite\",\"@id\":\"https:\/\/www.donatonigroup.com\/pt-pt\/#website\",\"url\":\"https:\/\/www.donatonigroup.com\/pt-pt\/\",\"name\":\"Donatoni Group\",\"description\":\"\",\"publisher\":{\"@id\":\"https:\/\/www.donatonigroup.com\/pt-pt\/#organization\"},\"potentialAction\":[{\"@type\":\"SearchAction\",\"target\":{\"@type\":\"EntryPoint\",\"urlTemplate\":\"https:\/\/www.donatonigroup.com\/pt-pt\/?s={search_term_string}\"},\"query-input\":{\"@type\":\"PropertyValueSpecification\",\"valueRequired\":true,\"valueName\":\"search_term_string\"}}],\"inLanguage\":\"pt-PT\"},{\"@type\":\"Organization\",\"@id\":\"https:\/\/www.donatonigroup.com\/pt-pt\/#organization\",\"name\":\"Donatoni Group\",\"url\":\"https:\/\/www.donatonigroup.com\/pt-pt\/\",\"logo\":{\"@type\":\"ImageObject\",\"inLanguage\":\"pt-PT\",\"@id\":\"https:\/\/www.donatonigroup.com\/pt-pt\/#\/schema\/logo\/image\/\",\"url\":\"http:\/\/www.donatonigroup.com\/wp-content\/uploads\/2023\/02\/donatoni-logo.png\",\"contentUrl\":\"http:\/\/www.donatonigroup.com\/wp-content\/uploads\/2023\/02\/donatoni-logo.png\",\"width\":800,\"height\":112,\"caption\":\"Donatoni Group\"},\"image\":{\"@id\":\"https:\/\/www.donatonigroup.com\/pt-pt\/#\/schema\/logo\/image\/\"},\"sameAs\":[\"https:\/\/www.facebook.com\/donatonimacchine\",\"https:\/\/instagram.com\/donatonigroup\/\",\"https:\/\/www.linkedin.com\/company\/donatoni-macchine-s-r-l\"]}]}<\/script>\n<!-- \/ Yoast SEO plugin. -->","yoast_head_json":{"title":"ES58 - Donatoni Group","robots":{"index":"index","follow":"follow","max-snippet":"max-snippet:-1","max-image-preview":"max-image-preview:large","max-video-preview":"max-video-preview:-1"},"canonical":"https:\/\/www.donatonigroup.com\/pt-pt\/maquina\/es-58\/","og_locale":"pt_PT","og_type":"article","og_title":"ES58 - Donatoni Group","og_description":"A linha de m\u00e1quinas para polimento de bordas Donatoni DONATONI ES58 \u00e9 a nova m\u00e1quina para polimento de bordas planas, com bancada de 5800 mm, que apresenta posicionamentos autom\u00e1ticos dos v\u00e1rios grupos de trabalho de acordo com o tipo de material, espessura e processamento solicitado. A espessura m\u00e1xima trabalh\u00e1vel \u00e9 de 50 mm e o [&hellip;]","og_url":"https:\/\/www.donatonigroup.com\/pt-pt\/maquina\/es-58\/","og_site_name":"Donatoni Group","article_publisher":"https:\/\/www.facebook.com\/donatonimacchine","article_modified_time":"2025-09-19T08:40:08+00:00","og_image":[{"width":2000,"height":1414,"url":"https:\/\/www.donatonigroup.com\/wp-content\/uploads\/2025\/09\/ES58-img.png","type":"image\/png"}],"twitter_card":"summary_large_image","twitter_misc":{"Tempo estimado de leitura":"1 minuto"},"schema":{"@context":"https:\/\/schema.org","@graph":[{"@type":"WebPage","@id":"https:\/\/www.donatonigroup.com\/pt-pt\/maquina\/es-58\/","url":"https:\/\/www.donatonigroup.com\/pt-pt\/maquina\/es-58\/","name":"ES58 - Donatoni Group","isPartOf":{"@id":"https:\/\/www.donatonigroup.com\/pt-pt\/#website"},"primaryImageOfPage":{"@id":"https:\/\/www.donatonigroup.com\/pt-pt\/maquina\/es-58\/#primaryimage"},"image":{"@id":"https:\/\/www.donatonigroup.com\/pt-pt\/maquina\/es-58\/#primaryimage"},"thumbnailUrl":"https:\/\/www.donatonigroup.com\/wp-content\/uploads\/2025\/09\/ES58-img.png","datePublished":"2025-09-17T13:19:18+00:00","dateModified":"2025-09-19T08:40:08+00:00","breadcrumb":{"@id":"https:\/\/www.donatonigroup.com\/pt-pt\/maquina\/es-58\/#breadcrumb"},"inLanguage":"pt-PT","potentialAction":[{"@type":"ReadAction","target":["https:\/\/www.donatonigroup.com\/pt-pt\/maquina\/es-58\/"]}]},{"@type":"ImageObject","inLanguage":"pt-PT","@id":"https:\/\/www.donatonigroup.com\/pt-pt\/maquina\/es-58\/#primaryimage","url":"https:\/\/www.donatonigroup.com\/wp-content\/uploads\/2025\/09\/ES58-img.png","contentUrl":"https:\/\/www.donatonigroup.com\/wp-content\/uploads\/2025\/09\/ES58-img.png","width":2000,"height":1414},{"@type":"BreadcrumbList","@id":"https:\/\/www.donatonigroup.com\/pt-pt\/maquina\/es-58\/#breadcrumb","itemListElement":[{"@type":"ListItem","position":1,"name":"Home","item":"https:\/\/www.donatonigroup.com\/pt-pt\/"},{"@type":"ListItem","position":2,"name":"Cat\u00e1logo de M\u00e1quinas","item":"https:\/\/www.donatonigroup.com\/pt-pt\/catalogo-de-maquinas\/"},{"@type":"ListItem","position":3,"name":"ES58"}]},{"@type":"WebSite","@id":"https:\/\/www.donatonigroup.com\/pt-pt\/#website","url":"https:\/\/www.donatonigroup.com\/pt-pt\/","name":"Donatoni Group","description":"","publisher":{"@id":"https:\/\/www.donatonigroup.com\/pt-pt\/#organization"},"potentialAction":[{"@type":"SearchAction","target":{"@type":"EntryPoint","urlTemplate":"https:\/\/www.donatonigroup.com\/pt-pt\/?s={search_term_string}"},"query-input":{"@type":"PropertyValueSpecification","valueRequired":true,"valueName":"search_term_string"}}],"inLanguage":"pt-PT"},{"@type":"Organization","@id":"https:\/\/www.donatonigroup.com\/pt-pt\/#organization","name":"Donatoni Group","url":"https:\/\/www.donatonigroup.com\/pt-pt\/","logo":{"@type":"ImageObject","inLanguage":"pt-PT","@id":"https:\/\/www.donatonigroup.com\/pt-pt\/#\/schema\/logo\/image\/","url":"http:\/\/www.donatonigroup.com\/wp-content\/uploads\/2023\/02\/donatoni-logo.png","contentUrl":"http:\/\/www.donatonigroup.com\/wp-content\/uploads\/2023\/02\/donatoni-logo.png","width":800,"height":112,"caption":"Donatoni Group"},"image":{"@id":"https:\/\/www.donatonigroup.com\/pt-pt\/#\/schema\/logo\/image\/"},"sameAs":["https:\/\/www.facebook.com\/donatonimacchine","https:\/\/instagram.com\/donatonigroup\/","https:\/\/www.linkedin.com\/company\/donatoni-macchine-s-r-l"]}]}},"_links":{"self":[{"href":"https:\/\/www.donatonigroup.com\/pt-pt\/wp-json\/wp\/v2\/product\/15282","targetHints":{"allow":["GET"]}}],"collection":[{"href":"https:\/\/www.donatonigroup.com\/pt-pt\/wp-json\/wp\/v2\/product"}],"about":[{"href":"https:\/\/www.donatonigroup.com\/pt-pt\/wp-json\/wp\/v2\/types\/product"}],"wp:featuredmedia":[{"embeddable":true,"href":"https:\/\/www.donatonigroup.com\/pt-pt\/wp-json\/wp\/v2\/media\/15304"}],"wp:attachment":[{"href":"https:\/\/www.donatonigroup.com\/pt-pt\/wp-json\/wp\/v2\/media?parent=15282"}],"wp:term":[{"taxonomy":"product_brand","embeddable":true,"href":"https:\/\/www.donatonigroup.com\/pt-pt\/wp-json\/wp\/v2\/product_brand?post=15282"},{"taxonomy":"product_cat","embeddable":true,"href":"https:\/\/www.donatonigroup.com\/pt-pt\/wp-json\/wp\/v2\/product_cat?post=15282"},{"taxonomy":"product_tag","embeddable":true,"href":"https:\/\/www.donatonigroup.com\/pt-pt\/wp-json\/wp\/v2\/product_tag?post=15282"},{"taxonomy":"caratteristica","embeddable":true,"href":"https:\/\/www.donatonigroup.com\/pt-pt\/wp-json\/wp\/v2\/caratteristica?post=15282"},{"taxonomy":"serie","embeddable":true,"href":"https:\/\/www.donatonigroup.com\/pt-pt\/wp-json\/wp\/v2\/serie?post=15282"},{"taxonomy":"settore_di_applicazione","embeddable":true,"href":"https:\/\/www.donatonigroup.com\/pt-pt\/wp-json\/wp\/v2\/settore_di_applicazione?post=15282"}],"curies":[{"name":"wp","href":"https:\/\/api.w.org\/{rel}","templated":true}]}}