{"id":6539,"date":"2023-02-09T07:52:58","date_gmt":"2023-02-09T07:52:58","guid":{"rendered":"http:\/\/www.donatonigroup.com\/macchina\/z1200\/"},"modified":"2023-12-05T16:51:14","modified_gmt":"2023-12-05T16:51:14","slug":"z1200","status":"publish","type":"product","link":"https:\/\/www.donatonigroup.com\/pt-pt\/maquina\/z1200\/","title":{"rendered":"Z 1200"},"content":{"rendered":"<div data-el-id=\"3fa0a690-bae5-42dd-94d0-b610c6e699c1\">\n<div data-el-id=\"3fa0a690-bae5-42dd-94d0-b610c6e699c1-txt\">\n<div class=\"machine-template__description-title\">\n<h3>Centros de maquina\u00e7\u00e3o multifuncionais muito vers\u00e1teis e de alta produtividade.<\/h3>\n<p>O DONATONI Z 1200 \u00e9 um centro de maquina\u00e7\u00e3o CNC multifuncional de grandes dimens\u00f5es de controlo num\u00e9rico com 5\/6 eixos interpolados e curso do eixo Z igual a 1200 mm. \u00c9 indicada para a realiza\u00e7\u00e3o de perfis simples e complexos, retil\u00edneos, c\u00f4ncavos, convexos, em arco, rebaixos de sec\u00e7\u00e3o bidimensional e tridimensional, torneamento de colunas, esculturas e cortes de qualquer tipo.<\/p>\n<\/div>\n<\/div>\n<\/div>\n","protected":false},"excerpt":{"rendered":"<p>Centros de maquina\u00e7\u00e3o multifuncionais muito vers\u00e1teis e de alta produtividade. O DONATONI Z 1200 \u00e9 um centro de maquina\u00e7\u00e3o CNC multifuncional de grandes dimens\u00f5es de controlo num\u00e9rico com 5\/6 eixos interpolados e curso do eixo Z igual a 1200 mm. \u00c9 indicada para a realiza\u00e7\u00e3o de perfis simples e complexos, retil\u00edneos, c\u00f4ncavos, convexos, em arco, [&hellip;]<\/p>\n","protected":false},"featured_media":6529,"template":"","meta":{"_et_pb_use_builder":"","_et_pb_old_content":"","_et_gb_content_width":""},"product_brand":[],"product_cat":[1242],"product_tag":[],"caratteristica":[1268,1270,1271,1274,1275,1276,1277],"serie":[1263],"settore_di_applicazione":[1254,1255,1256,1257],"class_list":{"0":"post-6539","1":"product","2":"type-product","3":"status-publish","4":"has-post-thumbnail","6":"product_cat-equipamento-de-corte-e-dobragem","7":"pa_assi-interpolati-5-pt-pt","8":"pa_consumo-acqua-50-pt-pt","9":"pa_consumo-aria-20-pt-pt","10":"pa_corsa-carrello-asse-x-4100-pt-pt","11":"pa_corsa-ponte-asse-y-3500-pt-pt","12":"pa_diametro-massimo-disco-1000-pt-pt","13":"pa_diametro-minimo-disco-500-pt-pt","14":"pa_dimensione-banco-2000x3500-pt-pt","15":"pa_disco-max-con-move2-825-pt-pt","16":"pa_disco-max-tastatore-lastra-825-pt-pt","17":"pa_inclinazione-testa-assea-20-200-pt-pt","18":"pa_peso-complessivo-macchina-4700-pt-pt","19":"pa_peso-tot-max-sollev-ventose-500-pt-pt","20":"pa_profondita-max-di-taglio-355-pt-pt","21":"pa_rotazione-testa-porta-disco-5-545-pt-pt","22":"pa_salita-discesa-assez-1000-pt-pt","23":"pa_tensione-elettrica-standard-40010-50-pt-pt","24":"pa_velocita-di-posiz-assi-x-y-0-37-pt-pt","25":"pa_velocita-max-carrello-asse-x-0-37-pt-pt","26":"pa_velocita-max-ponte-asse-y-0-37-pt-pt","27":"pa_velocita-max-teste-asse-z-0-9-pt-pt","28":"caratteristica-ampla-gama-de-acessorios-e-configuracoes","29":"caratteristica-flexibilidade-de-producao","30":"caratteristica-tecnologia-cnc-precisao-e-produtividade","31":"caratteristica-simples-e-rapida-de-programar","32":"caratteristica-extremamente-potente","33":"caratteristica-capacidade-de-corte-de-espessuras-elevadas","34":"caratteristica-especifica-para-perfis-e-rebaixos","35":"serie-z-series-pt-pt","36":"settore_di_applicazione-arte-funebre","37":"settore_di_applicazione-design-e-esculturas","38":"settore_di_applicazione-grandes-projetos","39":"settore_di_applicazione-pecas-para-a-construcao-civil","41":"first","42":"instock","43":"shipping-taxable","44":"purchasable","45":"product-type-simple"},"acf":[],"yoast_head":"<!-- This site is optimized with the Yoast SEO plugin v25.8 - https:\/\/yoast.com\/wordpress\/plugins\/seo\/ -->\n<title>Z 1200 - Donatoni Group<\/title>\n<meta name=\"robots\" content=\"index, follow, max-snippet:-1, max-image-preview:large, max-video-preview:-1\" \/>\n<link rel=\"canonical\" href=\"https:\/\/www.donatonigroup.com\/pt-pt\/maquina\/z1200\/\" \/>\n<meta property=\"og:locale\" content=\"pt_PT\" \/>\n<meta property=\"og:type\" content=\"article\" \/>\n<meta property=\"og:title\" content=\"Z 1200 - Donatoni Group\" \/>\n<meta property=\"og:description\" content=\"Centros de maquina\u00e7\u00e3o multifuncionais muito vers\u00e1teis e de alta produtividade. O DONATONI Z 1200 \u00e9 um centro de maquina\u00e7\u00e3o CNC multifuncional de grandes dimens\u00f5es de controlo num\u00e9rico com 5\/6 eixos interpolados e curso do eixo Z igual a 1200 mm. \u00c9 indicada para a realiza\u00e7\u00e3o de perfis simples e complexos, retil\u00edneos, c\u00f4ncavos, convexos, em arco, [&hellip;]\" \/>\n<meta property=\"og:url\" content=\"https:\/\/www.donatonigroup.com\/pt-pt\/maquina\/z1200\/\" \/>\n<meta property=\"og:site_name\" content=\"Donatoni Group\" \/>\n<meta property=\"article:publisher\" content=\"https:\/\/www.facebook.com\/donatonimacchine\" \/>\n<meta property=\"article:modified_time\" content=\"2023-12-05T16:51:14+00:00\" \/>\n<meta property=\"og:image\" content=\"https:\/\/www.donatonigroup.com\/wp-content\/uploads\/2023\/02\/Z1200-1500x9352-1.png\" \/>\n\t<meta property=\"og:image:width\" content=\"1500\" \/>\n\t<meta property=\"og:image:height\" content=\"935\" \/>\n\t<meta property=\"og:image:type\" content=\"image\/png\" \/>\n<meta name=\"twitter:card\" content=\"summary_large_image\" \/>\n<meta name=\"twitter:label1\" content=\"Tempo estimado de leitura\" \/>\n\t<meta name=\"twitter:data1\" content=\"1 minuto\" \/>\n<script type=\"application\/ld+json\" class=\"yoast-schema-graph\">{\"@context\":\"https:\/\/schema.org\",\"@graph\":[{\"@type\":\"WebPage\",\"@id\":\"https:\/\/www.donatonigroup.com\/pt-pt\/maquina\/z1200\/\",\"url\":\"https:\/\/www.donatonigroup.com\/pt-pt\/maquina\/z1200\/\",\"name\":\"Z 1200 - Donatoni Group\",\"isPartOf\":{\"@id\":\"https:\/\/www.donatonigroup.com\/pt-pt\/#website\"},\"primaryImageOfPage\":{\"@id\":\"https:\/\/www.donatonigroup.com\/pt-pt\/maquina\/z1200\/#primaryimage\"},\"image\":{\"@id\":\"https:\/\/www.donatonigroup.com\/pt-pt\/maquina\/z1200\/#primaryimage\"},\"thumbnailUrl\":\"https:\/\/www.donatonigroup.com\/wp-content\/uploads\/2023\/02\/Z1200-1500x9352-1.png\",\"datePublished\":\"2023-02-09T07:52:58+00:00\",\"dateModified\":\"2023-12-05T16:51:14+00:00\",\"breadcrumb\":{\"@id\":\"https:\/\/www.donatonigroup.com\/pt-pt\/maquina\/z1200\/#breadcrumb\"},\"inLanguage\":\"pt-PT\",\"potentialAction\":[{\"@type\":\"ReadAction\",\"target\":[\"https:\/\/www.donatonigroup.com\/pt-pt\/maquina\/z1200\/\"]}]},{\"@type\":\"ImageObject\",\"inLanguage\":\"pt-PT\",\"@id\":\"https:\/\/www.donatonigroup.com\/pt-pt\/maquina\/z1200\/#primaryimage\",\"url\":\"https:\/\/www.donatonigroup.com\/wp-content\/uploads\/2023\/02\/Z1200-1500x9352-1.png\",\"contentUrl\":\"https:\/\/www.donatonigroup.com\/wp-content\/uploads\/2023\/02\/Z1200-1500x9352-1.png\",\"width\":1500,\"height\":935},{\"@type\":\"BreadcrumbList\",\"@id\":\"https:\/\/www.donatonigroup.com\/pt-pt\/maquina\/z1200\/#breadcrumb\",\"itemListElement\":[{\"@type\":\"ListItem\",\"position\":1,\"name\":\"Home\",\"item\":\"https:\/\/www.donatonigroup.com\/pt-pt\/\"},{\"@type\":\"ListItem\",\"position\":2,\"name\":\"Cat\u00e1logo de M\u00e1quinas\",\"item\":\"https:\/\/www.donatonigroup.com\/pt-pt\/catalogo-de-maquinas\/\"},{\"@type\":\"ListItem\",\"position\":3,\"name\":\"Z 1200\"}]},{\"@type\":\"WebSite\",\"@id\":\"https:\/\/www.donatonigroup.com\/pt-pt\/#website\",\"url\":\"https:\/\/www.donatonigroup.com\/pt-pt\/\",\"name\":\"Donatoni Group\",\"description\":\"\",\"publisher\":{\"@id\":\"https:\/\/www.donatonigroup.com\/pt-pt\/#organization\"},\"potentialAction\":[{\"@type\":\"SearchAction\",\"target\":{\"@type\":\"EntryPoint\",\"urlTemplate\":\"https:\/\/www.donatonigroup.com\/pt-pt\/?s={search_term_string}\"},\"query-input\":{\"@type\":\"PropertyValueSpecification\",\"valueRequired\":true,\"valueName\":\"search_term_string\"}}],\"inLanguage\":\"pt-PT\"},{\"@type\":\"Organization\",\"@id\":\"https:\/\/www.donatonigroup.com\/pt-pt\/#organization\",\"name\":\"Donatoni Group\",\"url\":\"https:\/\/www.donatonigroup.com\/pt-pt\/\",\"logo\":{\"@type\":\"ImageObject\",\"inLanguage\":\"pt-PT\",\"@id\":\"https:\/\/www.donatonigroup.com\/pt-pt\/#\/schema\/logo\/image\/\",\"url\":\"http:\/\/www.donatonigroup.com\/wp-content\/uploads\/2023\/02\/donatoni-logo.png\",\"contentUrl\":\"http:\/\/www.donatonigroup.com\/wp-content\/uploads\/2023\/02\/donatoni-logo.png\",\"width\":800,\"height\":112,\"caption\":\"Donatoni Group\"},\"image\":{\"@id\":\"https:\/\/www.donatonigroup.com\/pt-pt\/#\/schema\/logo\/image\/\"},\"sameAs\":[\"https:\/\/www.facebook.com\/donatonimacchine\",\"https:\/\/instagram.com\/donatonigroup\/\",\"https:\/\/www.linkedin.com\/company\/donatoni-macchine-s-r-l\"]}]}<\/script>\n<!-- \/ Yoast SEO plugin. -->","yoast_head_json":{"title":"Z 1200 - Donatoni Group","robots":{"index":"index","follow":"follow","max-snippet":"max-snippet:-1","max-image-preview":"max-image-preview:large","max-video-preview":"max-video-preview:-1"},"canonical":"https:\/\/www.donatonigroup.com\/pt-pt\/maquina\/z1200\/","og_locale":"pt_PT","og_type":"article","og_title":"Z 1200 - Donatoni Group","og_description":"Centros de maquina\u00e7\u00e3o multifuncionais muito vers\u00e1teis e de alta produtividade. O DONATONI Z 1200 \u00e9 um centro de maquina\u00e7\u00e3o CNC multifuncional de grandes dimens\u00f5es de controlo num\u00e9rico com 5\/6 eixos interpolados e curso do eixo Z igual a 1200 mm. \u00c9 indicada para a realiza\u00e7\u00e3o de perfis simples e complexos, retil\u00edneos, c\u00f4ncavos, convexos, em arco, [&hellip;]","og_url":"https:\/\/www.donatonigroup.com\/pt-pt\/maquina\/z1200\/","og_site_name":"Donatoni Group","article_publisher":"https:\/\/www.facebook.com\/donatonimacchine","article_modified_time":"2023-12-05T16:51:14+00:00","og_image":[{"width":1500,"height":935,"url":"https:\/\/www.donatonigroup.com\/wp-content\/uploads\/2023\/02\/Z1200-1500x9352-1.png","type":"image\/png"}],"twitter_card":"summary_large_image","twitter_misc":{"Tempo estimado de leitura":"1 minuto"},"schema":{"@context":"https:\/\/schema.org","@graph":[{"@type":"WebPage","@id":"https:\/\/www.donatonigroup.com\/pt-pt\/maquina\/z1200\/","url":"https:\/\/www.donatonigroup.com\/pt-pt\/maquina\/z1200\/","name":"Z 1200 - Donatoni Group","isPartOf":{"@id":"https:\/\/www.donatonigroup.com\/pt-pt\/#website"},"primaryImageOfPage":{"@id":"https:\/\/www.donatonigroup.com\/pt-pt\/maquina\/z1200\/#primaryimage"},"image":{"@id":"https:\/\/www.donatonigroup.com\/pt-pt\/maquina\/z1200\/#primaryimage"},"thumbnailUrl":"https:\/\/www.donatonigroup.com\/wp-content\/uploads\/2023\/02\/Z1200-1500x9352-1.png","datePublished":"2023-02-09T07:52:58+00:00","dateModified":"2023-12-05T16:51:14+00:00","breadcrumb":{"@id":"https:\/\/www.donatonigroup.com\/pt-pt\/maquina\/z1200\/#breadcrumb"},"inLanguage":"pt-PT","potentialAction":[{"@type":"ReadAction","target":["https:\/\/www.donatonigroup.com\/pt-pt\/maquina\/z1200\/"]}]},{"@type":"ImageObject","inLanguage":"pt-PT","@id":"https:\/\/www.donatonigroup.com\/pt-pt\/maquina\/z1200\/#primaryimage","url":"https:\/\/www.donatonigroup.com\/wp-content\/uploads\/2023\/02\/Z1200-1500x9352-1.png","contentUrl":"https:\/\/www.donatonigroup.com\/wp-content\/uploads\/2023\/02\/Z1200-1500x9352-1.png","width":1500,"height":935},{"@type":"BreadcrumbList","@id":"https:\/\/www.donatonigroup.com\/pt-pt\/maquina\/z1200\/#breadcrumb","itemListElement":[{"@type":"ListItem","position":1,"name":"Home","item":"https:\/\/www.donatonigroup.com\/pt-pt\/"},{"@type":"ListItem","position":2,"name":"Cat\u00e1logo de M\u00e1quinas","item":"https:\/\/www.donatonigroup.com\/pt-pt\/catalogo-de-maquinas\/"},{"@type":"ListItem","position":3,"name":"Z 1200"}]},{"@type":"WebSite","@id":"https:\/\/www.donatonigroup.com\/pt-pt\/#website","url":"https:\/\/www.donatonigroup.com\/pt-pt\/","name":"Donatoni Group","description":"","publisher":{"@id":"https:\/\/www.donatonigroup.com\/pt-pt\/#organization"},"potentialAction":[{"@type":"SearchAction","target":{"@type":"EntryPoint","urlTemplate":"https:\/\/www.donatonigroup.com\/pt-pt\/?s={search_term_string}"},"query-input":{"@type":"PropertyValueSpecification","valueRequired":true,"valueName":"search_term_string"}}],"inLanguage":"pt-PT"},{"@type":"Organization","@id":"https:\/\/www.donatonigroup.com\/pt-pt\/#organization","name":"Donatoni Group","url":"https:\/\/www.donatonigroup.com\/pt-pt\/","logo":{"@type":"ImageObject","inLanguage":"pt-PT","@id":"https:\/\/www.donatonigroup.com\/pt-pt\/#\/schema\/logo\/image\/","url":"http:\/\/www.donatonigroup.com\/wp-content\/uploads\/2023\/02\/donatoni-logo.png","contentUrl":"http:\/\/www.donatonigroup.com\/wp-content\/uploads\/2023\/02\/donatoni-logo.png","width":800,"height":112,"caption":"Donatoni Group"},"image":{"@id":"https:\/\/www.donatonigroup.com\/pt-pt\/#\/schema\/logo\/image\/"},"sameAs":["https:\/\/www.facebook.com\/donatonimacchine","https:\/\/instagram.com\/donatonigroup\/","https:\/\/www.linkedin.com\/company\/donatoni-macchine-s-r-l"]}]}},"_links":{"self":[{"href":"https:\/\/www.donatonigroup.com\/pt-pt\/wp-json\/wp\/v2\/product\/6539","targetHints":{"allow":["GET"]}}],"collection":[{"href":"https:\/\/www.donatonigroup.com\/pt-pt\/wp-json\/wp\/v2\/product"}],"about":[{"href":"https:\/\/www.donatonigroup.com\/pt-pt\/wp-json\/wp\/v2\/types\/product"}],"wp:featuredmedia":[{"embeddable":true,"href":"https:\/\/www.donatonigroup.com\/pt-pt\/wp-json\/wp\/v2\/media\/6529"}],"wp:attachment":[{"href":"https:\/\/www.donatonigroup.com\/pt-pt\/wp-json\/wp\/v2\/media?parent=6539"}],"wp:term":[{"taxonomy":"product_brand","embeddable":true,"href":"https:\/\/www.donatonigroup.com\/pt-pt\/wp-json\/wp\/v2\/product_brand?post=6539"},{"taxonomy":"product_cat","embeddable":true,"href":"https:\/\/www.donatonigroup.com\/pt-pt\/wp-json\/wp\/v2\/product_cat?post=6539"},{"taxonomy":"product_tag","embeddable":true,"href":"https:\/\/www.donatonigroup.com\/pt-pt\/wp-json\/wp\/v2\/product_tag?post=6539"},{"taxonomy":"caratteristica","embeddable":true,"href":"https:\/\/www.donatonigroup.com\/pt-pt\/wp-json\/wp\/v2\/caratteristica?post=6539"},{"taxonomy":"serie","embeddable":true,"href":"https:\/\/www.donatonigroup.com\/pt-pt\/wp-json\/wp\/v2\/serie?post=6539"},{"taxonomy":"settore_di_applicazione","embeddable":true,"href":"https:\/\/www.donatonigroup.com\/pt-pt\/wp-json\/wp\/v2\/settore_di_applicazione?post=6539"}],"curies":[{"name":"wp","href":"https:\/\/api.w.org\/{rel}","templated":true}]}}