{"id":6547,"date":"2023-02-08T14:35:19","date_gmt":"2023-02-08T14:35:19","guid":{"rendered":"http:\/\/www.donatonigroup.com\/macchina\/d725-q\/"},"modified":"2023-12-05T11:16:07","modified_gmt":"2023-12-05T11:16:07","slug":"d725-q","status":"publish","type":"product","link":"https:\/\/www.donatonigroup.com\/pt-pt\/maquina\/d725-q\/","title":{"rendered":"D 725 Q"},"content":{"rendered":"<div data-el-id=\"a0051a48-7375-40bf-8b7a-f1de731811c6\">\n<div data-el-id=\"a0051a48-7375-40bf-8b7a-f1de731811c6-txt\">\n<div class=\"machine-template__description-title\">\n<h3 class=\"machine-template__description-title-text\">Ampla gama que atende as diversas exig\u00eancias de corte<\/h3>\n<\/div>\n<\/div>\n<\/div>\n<div data-el-id=\"3c30e4ca-5b94-4c9d-8e03-d6a0336be340\">\n<div data-el-id=\"3c30e4ca-5b94-4c9d-8e03-d6a0336be340-txt\">\n<div class=\"machine-template__description-description\">A <strong>DONATONI D725 Q<\/strong> \u00e9 uma fresadora de ponte de controlo num\u00e9rico de 5\/6 eixos interpolados particularmente vers\u00e1til e potente, indicada para a produ\u00e7\u00e3o de diversos tipos de produtos como bancadas de cozinhas, bancadas para casas-de-banho, bases de chuveiro, incis\u00f5es, baixos-relevos e diversos tipos de revestimento para o setor da constru\u00e7\u00e3o em m\u00e1rmore, granito, cer\u00e2mica e pedra artificial. \u00c9 uma m\u00e1quina que permite efetuar cortes at\u00e9 250 mm de profundidade e perfis simples e complexos. A lubrifica\u00e7\u00e3o das guias de deslizamento \u00e9 feita em banho de \u00f3leo (eixos X e Y).<\/div>\n<\/div>\n<\/div>\n","protected":false},"excerpt":{"rendered":"<p>Ampla gama que atende as diversas exig\u00eancias de corte A DONATONI D725 Q \u00e9 uma fresadora de ponte de controlo num\u00e9rico de 5\/6 eixos interpolados particularmente vers\u00e1til e potente, indicada para a produ\u00e7\u00e3o de diversos tipos de produtos como bancadas de cozinhas, bancadas para casas-de-banho, bases de chuveiro, incis\u00f5es, baixos-relevos e diversos tipos de revestimento [&hellip;]<\/p>\n","protected":false},"featured_media":6549,"template":"","meta":{"_et_pb_use_builder":"","_et_pb_old_content":"","_et_gb_content_width":""},"product_brand":[],"product_cat":[1237],"product_tag":[],"caratteristica":[1268,1270,1271,1272,1273,1274,1279],"serie":[1261],"settore_di_applicazione":[1254,1256,1257,1259],"class_list":{"0":"post-6547","1":"product","2":"type-product","3":"status-publish","4":"has-post-thumbnail","6":"product_cat-fresadoras-de-ponte-cnc","7":"pa_assi-interpolati-5-pt-pt","8":"pa_consumo-acqua-50-pt-pt","9":"pa_consumo-aria-20-pt-pt","10":"pa_coppia-motore-elettro-tool-1216-s6-pt-pt","11":"pa_corsa-carrello-asse-x-3900-pt-pt","12":"pa_corsa-ponte-asse-y-2950-pt-pt","13":"pa_corsa-tastatore-lastra-300-pt-pt","14":"pa_corsa-ventose-295-pt-pt","15":"pa_diametro-albero-mandrino-50-pt-pt","16":"pa_diametro-massimo-disco-750-pt-pt","17":"pa_diametro-minimo-disco-350-pt-pt","18":"pa_dimensione-banco-3500x2000-pt-pt","19":"pa_disco-max-tastatore-lastra-725-pt-pt","20":"pa_disco-max-uso-ventose-725-pt-pt","21":"pa_inclinazione-testa-assea-0-90-pt-pt","22":"pa_peso-complessivo-macchina-4500-pt-pt","23":"pa_peso-tot-max-sollev-ventose-600-pt-pt","24":"pa_potenza-elettromandrino-177-s6-tool-pt-pt","25":"pa_potenza-totale-installata-34-pt-pt","26":"pa_profondita-max-di-taglio-260-pt-pt","27":"pa_range-vel-elettromandrino-t-0-5500-pt-pt","28":"pa_rotazione-testa-porta-disco-5-365-pt-pt","29":"pa_salita-discesa-assez-600-pt-pt","30":"pa_tensione-elettrica-standard-40010-50-pt-pt","31":"pa_velocita-max-carrello-asse-x-0-45-pt-pt","32":"pa_velocita-max-ponte-asse-y-0-45-pt-pt","33":"pa_velocita-max-teste-asse-z-0-6-pt-pt","34":"caratteristica-ampla-gama-de-acessorios-e-configuracoes","35":"caratteristica-flexibilidade-de-producao","36":"caratteristica-tecnologia-cnc-precisao-e-produtividade","37":"caratteristica-volume-reduzido","38":"caratteristica-ampla-gama-de-trabalhos","39":"caratteristica-simples-e-rapida-de-programar","40":"caratteristica-alta-qualidade-dos-materiais-utilizados","41":"serie-d-series-pt-pt","42":"settore_di_applicazione-arte-funebre","43":"settore_di_applicazione-grandes-projetos","44":"settore_di_applicazione-pecas-para-a-construcao-civil","45":"settore_di_applicazione-bancadas-de-cozinha-e-bancadas-para-casas-de-banho","47":"first","48":"instock","49":"shipping-taxable","50":"purchasable","51":"product-type-simple"},"acf":[],"yoast_head":"<!-- This site is optimized with the Yoast SEO plugin v25.8 - https:\/\/yoast.com\/wordpress\/plugins\/seo\/ -->\n<title>D 725 Q - Donatoni Group<\/title>\n<meta name=\"robots\" content=\"index, follow, max-snippet:-1, max-image-preview:large, max-video-preview:-1\" \/>\n<link rel=\"canonical\" href=\"https:\/\/www.donatonigroup.com\/pt-pt\/maquina\/d725-q\/\" \/>\n<meta property=\"og:locale\" content=\"pt_PT\" \/>\n<meta property=\"og:type\" content=\"article\" \/>\n<meta property=\"og:title\" content=\"D 725 Q - Donatoni Group\" \/>\n<meta property=\"og:description\" content=\"Ampla gama que atende as diversas exig\u00eancias de corte A DONATONI D725 Q \u00e9 uma fresadora de ponte de controlo num\u00e9rico de 5\/6 eixos interpolados particularmente vers\u00e1til e potente, indicada para a produ\u00e7\u00e3o de diversos tipos de produtos como bancadas de cozinhas, bancadas para casas-de-banho, bases de chuveiro, incis\u00f5es, baixos-relevos e diversos tipos de revestimento [&hellip;]\" \/>\n<meta property=\"og:url\" content=\"https:\/\/www.donatonigroup.com\/pt-pt\/maquina\/d725-q\/\" \/>\n<meta property=\"og:site_name\" content=\"Donatoni Group\" \/>\n<meta property=\"article:publisher\" content=\"https:\/\/www.facebook.com\/donatonimacchine\" \/>\n<meta property=\"article:modified_time\" content=\"2023-12-05T11:16:07+00:00\" \/>\n<meta property=\"og:image\" content=\"https:\/\/www.donatonigroup.com\/wp-content\/uploads\/2023\/02\/D725Q-1500x9352-1.png\" \/>\n\t<meta property=\"og:image:width\" content=\"1500\" \/>\n\t<meta property=\"og:image:height\" content=\"935\" \/>\n\t<meta property=\"og:image:type\" content=\"image\/png\" \/>\n<meta name=\"twitter:card\" content=\"summary_large_image\" \/>\n<meta name=\"twitter:label1\" content=\"Tempo estimado de leitura\" \/>\n\t<meta name=\"twitter:data1\" content=\"1 minuto\" \/>\n<script type=\"application\/ld+json\" class=\"yoast-schema-graph\">{\"@context\":\"https:\/\/schema.org\",\"@graph\":[{\"@type\":\"WebPage\",\"@id\":\"https:\/\/www.donatonigroup.com\/pt-pt\/maquina\/d725-q\/\",\"url\":\"https:\/\/www.donatonigroup.com\/pt-pt\/maquina\/d725-q\/\",\"name\":\"D 725 Q - Donatoni Group\",\"isPartOf\":{\"@id\":\"https:\/\/www.donatonigroup.com\/pt-pt\/#website\"},\"primaryImageOfPage\":{\"@id\":\"https:\/\/www.donatonigroup.com\/pt-pt\/maquina\/d725-q\/#primaryimage\"},\"image\":{\"@id\":\"https:\/\/www.donatonigroup.com\/pt-pt\/maquina\/d725-q\/#primaryimage\"},\"thumbnailUrl\":\"https:\/\/www.donatonigroup.com\/wp-content\/uploads\/2023\/02\/D725Q-1500x9352-1.png\",\"datePublished\":\"2023-02-08T14:35:19+00:00\",\"dateModified\":\"2023-12-05T11:16:07+00:00\",\"breadcrumb\":{\"@id\":\"https:\/\/www.donatonigroup.com\/pt-pt\/maquina\/d725-q\/#breadcrumb\"},\"inLanguage\":\"pt-PT\",\"potentialAction\":[{\"@type\":\"ReadAction\",\"target\":[\"https:\/\/www.donatonigroup.com\/pt-pt\/maquina\/d725-q\/\"]}]},{\"@type\":\"ImageObject\",\"inLanguage\":\"pt-PT\",\"@id\":\"https:\/\/www.donatonigroup.com\/pt-pt\/maquina\/d725-q\/#primaryimage\",\"url\":\"https:\/\/www.donatonigroup.com\/wp-content\/uploads\/2023\/02\/D725Q-1500x9352-1.png\",\"contentUrl\":\"https:\/\/www.donatonigroup.com\/wp-content\/uploads\/2023\/02\/D725Q-1500x9352-1.png\",\"width\":1500,\"height\":935},{\"@type\":\"BreadcrumbList\",\"@id\":\"https:\/\/www.donatonigroup.com\/pt-pt\/maquina\/d725-q\/#breadcrumb\",\"itemListElement\":[{\"@type\":\"ListItem\",\"position\":1,\"name\":\"Home\",\"item\":\"https:\/\/www.donatonigroup.com\/pt-pt\/\"},{\"@type\":\"ListItem\",\"position\":2,\"name\":\"Cat\u00e1logo de M\u00e1quinas\",\"item\":\"https:\/\/www.donatonigroup.com\/pt-pt\/catalogo-de-maquinas\/\"},{\"@type\":\"ListItem\",\"position\":3,\"name\":\"D 725 Q\"}]},{\"@type\":\"WebSite\",\"@id\":\"https:\/\/www.donatonigroup.com\/pt-pt\/#website\",\"url\":\"https:\/\/www.donatonigroup.com\/pt-pt\/\",\"name\":\"Donatoni Group\",\"description\":\"\",\"publisher\":{\"@id\":\"https:\/\/www.donatonigroup.com\/pt-pt\/#organization\"},\"potentialAction\":[{\"@type\":\"SearchAction\",\"target\":{\"@type\":\"EntryPoint\",\"urlTemplate\":\"https:\/\/www.donatonigroup.com\/pt-pt\/?s={search_term_string}\"},\"query-input\":{\"@type\":\"PropertyValueSpecification\",\"valueRequired\":true,\"valueName\":\"search_term_string\"}}],\"inLanguage\":\"pt-PT\"},{\"@type\":\"Organization\",\"@id\":\"https:\/\/www.donatonigroup.com\/pt-pt\/#organization\",\"name\":\"Donatoni Group\",\"url\":\"https:\/\/www.donatonigroup.com\/pt-pt\/\",\"logo\":{\"@type\":\"ImageObject\",\"inLanguage\":\"pt-PT\",\"@id\":\"https:\/\/www.donatonigroup.com\/pt-pt\/#\/schema\/logo\/image\/\",\"url\":\"http:\/\/www.donatonigroup.com\/wp-content\/uploads\/2023\/02\/donatoni-logo.png\",\"contentUrl\":\"http:\/\/www.donatonigroup.com\/wp-content\/uploads\/2023\/02\/donatoni-logo.png\",\"width\":800,\"height\":112,\"caption\":\"Donatoni Group\"},\"image\":{\"@id\":\"https:\/\/www.donatonigroup.com\/pt-pt\/#\/schema\/logo\/image\/\"},\"sameAs\":[\"https:\/\/www.facebook.com\/donatonimacchine\",\"https:\/\/instagram.com\/donatonigroup\/\",\"https:\/\/www.linkedin.com\/company\/donatoni-macchine-s-r-l\"]}]}<\/script>\n<!-- \/ Yoast SEO plugin. -->","yoast_head_json":{"title":"D 725 Q - Donatoni Group","robots":{"index":"index","follow":"follow","max-snippet":"max-snippet:-1","max-image-preview":"max-image-preview:large","max-video-preview":"max-video-preview:-1"},"canonical":"https:\/\/www.donatonigroup.com\/pt-pt\/maquina\/d725-q\/","og_locale":"pt_PT","og_type":"article","og_title":"D 725 Q - Donatoni Group","og_description":"Ampla gama que atende as diversas exig\u00eancias de corte A DONATONI D725 Q \u00e9 uma fresadora de ponte de controlo num\u00e9rico de 5\/6 eixos interpolados particularmente vers\u00e1til e potente, indicada para a produ\u00e7\u00e3o de diversos tipos de produtos como bancadas de cozinhas, bancadas para casas-de-banho, bases de chuveiro, incis\u00f5es, baixos-relevos e diversos tipos de revestimento [&hellip;]","og_url":"https:\/\/www.donatonigroup.com\/pt-pt\/maquina\/d725-q\/","og_site_name":"Donatoni Group","article_publisher":"https:\/\/www.facebook.com\/donatonimacchine","article_modified_time":"2023-12-05T11:16:07+00:00","og_image":[{"width":1500,"height":935,"url":"https:\/\/www.donatonigroup.com\/wp-content\/uploads\/2023\/02\/D725Q-1500x9352-1.png","type":"image\/png"}],"twitter_card":"summary_large_image","twitter_misc":{"Tempo estimado de leitura":"1 minuto"},"schema":{"@context":"https:\/\/schema.org","@graph":[{"@type":"WebPage","@id":"https:\/\/www.donatonigroup.com\/pt-pt\/maquina\/d725-q\/","url":"https:\/\/www.donatonigroup.com\/pt-pt\/maquina\/d725-q\/","name":"D 725 Q - Donatoni Group","isPartOf":{"@id":"https:\/\/www.donatonigroup.com\/pt-pt\/#website"},"primaryImageOfPage":{"@id":"https:\/\/www.donatonigroup.com\/pt-pt\/maquina\/d725-q\/#primaryimage"},"image":{"@id":"https:\/\/www.donatonigroup.com\/pt-pt\/maquina\/d725-q\/#primaryimage"},"thumbnailUrl":"https:\/\/www.donatonigroup.com\/wp-content\/uploads\/2023\/02\/D725Q-1500x9352-1.png","datePublished":"2023-02-08T14:35:19+00:00","dateModified":"2023-12-05T11:16:07+00:00","breadcrumb":{"@id":"https:\/\/www.donatonigroup.com\/pt-pt\/maquina\/d725-q\/#breadcrumb"},"inLanguage":"pt-PT","potentialAction":[{"@type":"ReadAction","target":["https:\/\/www.donatonigroup.com\/pt-pt\/maquina\/d725-q\/"]}]},{"@type":"ImageObject","inLanguage":"pt-PT","@id":"https:\/\/www.donatonigroup.com\/pt-pt\/maquina\/d725-q\/#primaryimage","url":"https:\/\/www.donatonigroup.com\/wp-content\/uploads\/2023\/02\/D725Q-1500x9352-1.png","contentUrl":"https:\/\/www.donatonigroup.com\/wp-content\/uploads\/2023\/02\/D725Q-1500x9352-1.png","width":1500,"height":935},{"@type":"BreadcrumbList","@id":"https:\/\/www.donatonigroup.com\/pt-pt\/maquina\/d725-q\/#breadcrumb","itemListElement":[{"@type":"ListItem","position":1,"name":"Home","item":"https:\/\/www.donatonigroup.com\/pt-pt\/"},{"@type":"ListItem","position":2,"name":"Cat\u00e1logo de M\u00e1quinas","item":"https:\/\/www.donatonigroup.com\/pt-pt\/catalogo-de-maquinas\/"},{"@type":"ListItem","position":3,"name":"D 725 Q"}]},{"@type":"WebSite","@id":"https:\/\/www.donatonigroup.com\/pt-pt\/#website","url":"https:\/\/www.donatonigroup.com\/pt-pt\/","name":"Donatoni Group","description":"","publisher":{"@id":"https:\/\/www.donatonigroup.com\/pt-pt\/#organization"},"potentialAction":[{"@type":"SearchAction","target":{"@type":"EntryPoint","urlTemplate":"https:\/\/www.donatonigroup.com\/pt-pt\/?s={search_term_string}"},"query-input":{"@type":"PropertyValueSpecification","valueRequired":true,"valueName":"search_term_string"}}],"inLanguage":"pt-PT"},{"@type":"Organization","@id":"https:\/\/www.donatonigroup.com\/pt-pt\/#organization","name":"Donatoni Group","url":"https:\/\/www.donatonigroup.com\/pt-pt\/","logo":{"@type":"ImageObject","inLanguage":"pt-PT","@id":"https:\/\/www.donatonigroup.com\/pt-pt\/#\/schema\/logo\/image\/","url":"http:\/\/www.donatonigroup.com\/wp-content\/uploads\/2023\/02\/donatoni-logo.png","contentUrl":"http:\/\/www.donatonigroup.com\/wp-content\/uploads\/2023\/02\/donatoni-logo.png","width":800,"height":112,"caption":"Donatoni Group"},"image":{"@id":"https:\/\/www.donatonigroup.com\/pt-pt\/#\/schema\/logo\/image\/"},"sameAs":["https:\/\/www.facebook.com\/donatonimacchine","https:\/\/instagram.com\/donatonigroup\/","https:\/\/www.linkedin.com\/company\/donatoni-macchine-s-r-l"]}]}},"_links":{"self":[{"href":"https:\/\/www.donatonigroup.com\/pt-pt\/wp-json\/wp\/v2\/product\/6547","targetHints":{"allow":["GET"]}}],"collection":[{"href":"https:\/\/www.donatonigroup.com\/pt-pt\/wp-json\/wp\/v2\/product"}],"about":[{"href":"https:\/\/www.donatonigroup.com\/pt-pt\/wp-json\/wp\/v2\/types\/product"}],"wp:featuredmedia":[{"embeddable":true,"href":"https:\/\/www.donatonigroup.com\/pt-pt\/wp-json\/wp\/v2\/media\/6549"}],"wp:attachment":[{"href":"https:\/\/www.donatonigroup.com\/pt-pt\/wp-json\/wp\/v2\/media?parent=6547"}],"wp:term":[{"taxonomy":"product_brand","embeddable":true,"href":"https:\/\/www.donatonigroup.com\/pt-pt\/wp-json\/wp\/v2\/product_brand?post=6547"},{"taxonomy":"product_cat","embeddable":true,"href":"https:\/\/www.donatonigroup.com\/pt-pt\/wp-json\/wp\/v2\/product_cat?post=6547"},{"taxonomy":"product_tag","embeddable":true,"href":"https:\/\/www.donatonigroup.com\/pt-pt\/wp-json\/wp\/v2\/product_tag?post=6547"},{"taxonomy":"caratteristica","embeddable":true,"href":"https:\/\/www.donatonigroup.com\/pt-pt\/wp-json\/wp\/v2\/caratteristica?post=6547"},{"taxonomy":"serie","embeddable":true,"href":"https:\/\/www.donatonigroup.com\/pt-pt\/wp-json\/wp\/v2\/serie?post=6547"},{"taxonomy":"settore_di_applicazione","embeddable":true,"href":"https:\/\/www.donatonigroup.com\/pt-pt\/wp-json\/wp\/v2\/settore_di_applicazione?post=6547"}],"curies":[{"name":"wp","href":"https:\/\/api.w.org\/{rel}","templated":true}]}}