{"id":6584,"date":"2023-02-09T09:29:11","date_gmt":"2023-02-09T09:29:11","guid":{"rendered":"http:\/\/www.donatonigroup.com\/macchina\/jet-625\/"},"modified":"2023-12-05T09:56:16","modified_gmt":"2023-12-05T09:56:16","slug":"jet-625","status":"publish","type":"product","link":"https:\/\/www.donatonigroup.com\/pt-pt\/maquina\/jet-625\/","title":{"rendered":"JET 625"},"content":{"rendered":"<h2>Precisa, fi\u00e1vel, completa<\/h2>\n<h3>Fresa de ponte de controlo num\u00e9rico CNC<\/h3>\n<p>A <strong>DONATONIJET 625 CNC<\/strong> \u00e9 uma fresa de ponte de controlo num\u00e9rico com 5 eixos interpolados simples e compacta, ideal para a produ\u00e7\u00e3o de bancadas de cozinhas, bancadas para casas de banho, bases de chuveiro e revestimentos em geral em m\u00e1rmore, granito e pedra artificial destinados ao setor da constru\u00e7\u00e3o.<\/p>\n","protected":false},"excerpt":{"rendered":"<p>Precisa, fi\u00e1vel, completa Fresa de ponte de controlo num\u00e9rico CNC A DONATONIJET 625 CNC \u00e9 uma fresa de ponte de controlo num\u00e9rico com 5 eixos interpolados simples e compacta, ideal para a produ\u00e7\u00e3o de bancadas de cozinhas, bancadas para casas de banho, bases de chuveiro e revestimentos em geral em m\u00e1rmore, granito e pedra artificial [&hellip;]<\/p>\n","protected":false},"featured_media":6586,"template":"","meta":{"_et_pb_use_builder":"","_et_pb_old_content":"","_et_gb_content_width":""},"product_brand":[],"product_cat":[1237],"product_tag":[],"caratteristica":[1273,1274,1283,1284,1285,1286,1287,1288],"serie":[1261],"settore_di_applicazione":[1257,1259],"class_list":{"0":"post-6584","1":"product","2":"type-product","3":"status-publish","4":"has-post-thumbnail","6":"product_cat-fresadoras-de-ponte-cnc","7":"pa_assi-interpolati-5-pt-pt","8":"pa_consumo-acqua-3bar-35-pt-pt","9":"pa_consumo-aria-20-pt-pt","10":"pa_cop-nom-mot-elettromandrino-733-s1-876-s6-pt-pt","11":"pa_coppia-motore-elettro-tool-730-s1-871-s6-pt-pt","12":"pa_corsa-carrello-asse-x-3800-pt-pt","13":"pa_corsa-ponte-asse-y-2780-pt-pt","14":"pa_corsa-tastatore-lastra-250-pt-pt","15":"pa_corsa-ventose-245-pt-pt","16":"pa_diametro-massimo-disco-625-pt-pt","17":"pa_diametro-minimo-disco-350-pt-pt","18":"pa_dim-banco-portalastre-3800x1800-pt-pt","19":"pa_dimensioni-appendice-3800x650-pt-pt","20":"pa_disco-max-tastatore-lastra-625-pt-pt","21":"pa_disco-max-uso-ventose-625-pt-pt","22":"pa_inclinazione-testa-assea-0-90-pt-pt","23":"pa_peso-tot-max-sollev-ventose-500-pt-pt","24":"pa_pot-mot-elettromandrino-11-s1-13-s6-pt-pt","25":"pa_potenza-motore-tool-11-s1-13-s6-pt-pt","26":"pa_potenza-totale-installata-25-pt-pt","27":"pa_profondita-max-di-taglio-200-pt-pt","28":"pa_range-vel-elett-iso-40-0-7000-pt-pt","29":"pa_range-vel-elettromandrino-t-0-5500-pt-pt","30":"pa_rotazione-testa-porta-disco-5-365-pt-pt","31":"pa_salita-discesa-assez-450-pt-pt","32":"pa_tensione-elettrica-standard-40010-50-pt-pt","33":"pa_velocita-max-carrello-asse-x-0-40-pt-pt","34":"pa_velocita-max-ponte-asse-y-0-30-pt-pt","35":"pa_velocita-max-teste-asse-z-0-5-pt-pt","36":"pa_velocita-taglio-regolabile-0-25-pt-pt","37":"caratteristica-ampla-gama-de-trabalhos","38":"caratteristica-simples-e-rapida-de-programar","39":"caratteristica-utilizacao-simples-mesmo-no-modo-manual","40":"caratteristica-transporte-e-montagem-faceis","41":"caratteristica-qualidade-e-fiabilidade-ao-longo-do-tempo","42":"caratteristica-processo-de-trabalho-automatizado","43":"caratteristica-extremamente-compacta","44":"caratteristica-com-acessorios","45":"serie-d-series-pt-pt","46":"settore_di_applicazione-pecas-para-a-construcao-civil","47":"settore_di_applicazione-bancadas-de-cozinha-e-bancadas-para-casas-de-banho","49":"first","50":"instock","51":"shipping-taxable","52":"purchasable","53":"product-type-simple"},"acf":[],"yoast_head":"<!-- This site is optimized with the Yoast SEO plugin v25.8 - https:\/\/yoast.com\/wordpress\/plugins\/seo\/ -->\n<title>JET 625 - Donatoni Group<\/title>\n<meta name=\"robots\" content=\"index, follow, max-snippet:-1, max-image-preview:large, max-video-preview:-1\" \/>\n<link rel=\"canonical\" href=\"https:\/\/www.donatonigroup.com\/pt-pt\/maquina\/jet-625\/\" \/>\n<meta property=\"og:locale\" content=\"pt_PT\" \/>\n<meta property=\"og:type\" content=\"article\" \/>\n<meta property=\"og:title\" content=\"JET 625 - Donatoni Group\" \/>\n<meta property=\"og:description\" content=\"Precisa, fi\u00e1vel, completa Fresa de ponte de controlo num\u00e9rico CNC A DONATONIJET 625 CNC \u00e9 uma fresa de ponte de controlo num\u00e9rico com 5 eixos interpolados simples e compacta, ideal para a produ\u00e7\u00e3o de bancadas de cozinhas, bancadas para casas de banho, bases de chuveiro e revestimentos em geral em m\u00e1rmore, granito e pedra artificial [&hellip;]\" \/>\n<meta property=\"og:url\" content=\"https:\/\/www.donatonigroup.com\/pt-pt\/maquina\/jet-625\/\" \/>\n<meta property=\"og:site_name\" content=\"Donatoni Group\" \/>\n<meta property=\"article:publisher\" content=\"https:\/\/www.facebook.com\/donatonimacchine\" \/>\n<meta property=\"article:modified_time\" content=\"2023-12-05T09:56:16+00:00\" \/>\n<meta property=\"og:image\" content=\"https:\/\/www.donatonigroup.com\/wp-content\/uploads\/2023\/02\/JET_FRAME_625_23.png\" \/>\n\t<meta property=\"og:image:width\" content=\"1500\" \/>\n\t<meta property=\"og:image:height\" content=\"935\" \/>\n\t<meta property=\"og:image:type\" content=\"image\/png\" \/>\n<meta name=\"twitter:card\" content=\"summary_large_image\" \/>\n<meta name=\"twitter:label1\" content=\"Tempo estimado de leitura\" \/>\n\t<meta name=\"twitter:data1\" content=\"1 minuto\" \/>\n<script type=\"application\/ld+json\" class=\"yoast-schema-graph\">{\"@context\":\"https:\/\/schema.org\",\"@graph\":[{\"@type\":\"WebPage\",\"@id\":\"https:\/\/www.donatonigroup.com\/pt-pt\/maquina\/jet-625\/\",\"url\":\"https:\/\/www.donatonigroup.com\/pt-pt\/maquina\/jet-625\/\",\"name\":\"JET 625 - Donatoni Group\",\"isPartOf\":{\"@id\":\"https:\/\/www.donatonigroup.com\/pt-pt\/#website\"},\"primaryImageOfPage\":{\"@id\":\"https:\/\/www.donatonigroup.com\/pt-pt\/maquina\/jet-625\/#primaryimage\"},\"image\":{\"@id\":\"https:\/\/www.donatonigroup.com\/pt-pt\/maquina\/jet-625\/#primaryimage\"},\"thumbnailUrl\":\"https:\/\/www.donatonigroup.com\/wp-content\/uploads\/2023\/02\/JET_FRAME_625_23.png\",\"datePublished\":\"2023-02-09T09:29:11+00:00\",\"dateModified\":\"2023-12-05T09:56:16+00:00\",\"breadcrumb\":{\"@id\":\"https:\/\/www.donatonigroup.com\/pt-pt\/maquina\/jet-625\/#breadcrumb\"},\"inLanguage\":\"pt-PT\",\"potentialAction\":[{\"@type\":\"ReadAction\",\"target\":[\"https:\/\/www.donatonigroup.com\/pt-pt\/maquina\/jet-625\/\"]}]},{\"@type\":\"ImageObject\",\"inLanguage\":\"pt-PT\",\"@id\":\"https:\/\/www.donatonigroup.com\/pt-pt\/maquina\/jet-625\/#primaryimage\",\"url\":\"https:\/\/www.donatonigroup.com\/wp-content\/uploads\/2023\/02\/JET_FRAME_625_23.png\",\"contentUrl\":\"https:\/\/www.donatonigroup.com\/wp-content\/uploads\/2023\/02\/JET_FRAME_625_23.png\",\"width\":1500,\"height\":935},{\"@type\":\"BreadcrumbList\",\"@id\":\"https:\/\/www.donatonigroup.com\/pt-pt\/maquina\/jet-625\/#breadcrumb\",\"itemListElement\":[{\"@type\":\"ListItem\",\"position\":1,\"name\":\"Home\",\"item\":\"https:\/\/www.donatonigroup.com\/pt-pt\/\"},{\"@type\":\"ListItem\",\"position\":2,\"name\":\"Cat\u00e1logo de M\u00e1quinas\",\"item\":\"https:\/\/www.donatonigroup.com\/pt-pt\/catalogo-de-maquinas\/\"},{\"@type\":\"ListItem\",\"position\":3,\"name\":\"JET 625\"}]},{\"@type\":\"WebSite\",\"@id\":\"https:\/\/www.donatonigroup.com\/pt-pt\/#website\",\"url\":\"https:\/\/www.donatonigroup.com\/pt-pt\/\",\"name\":\"Donatoni Group\",\"description\":\"\",\"publisher\":{\"@id\":\"https:\/\/www.donatonigroup.com\/pt-pt\/#organization\"},\"potentialAction\":[{\"@type\":\"SearchAction\",\"target\":{\"@type\":\"EntryPoint\",\"urlTemplate\":\"https:\/\/www.donatonigroup.com\/pt-pt\/?s={search_term_string}\"},\"query-input\":{\"@type\":\"PropertyValueSpecification\",\"valueRequired\":true,\"valueName\":\"search_term_string\"}}],\"inLanguage\":\"pt-PT\"},{\"@type\":\"Organization\",\"@id\":\"https:\/\/www.donatonigroup.com\/pt-pt\/#organization\",\"name\":\"Donatoni Group\",\"url\":\"https:\/\/www.donatonigroup.com\/pt-pt\/\",\"logo\":{\"@type\":\"ImageObject\",\"inLanguage\":\"pt-PT\",\"@id\":\"https:\/\/www.donatonigroup.com\/pt-pt\/#\/schema\/logo\/image\/\",\"url\":\"http:\/\/www.donatonigroup.com\/wp-content\/uploads\/2023\/02\/donatoni-logo.png\",\"contentUrl\":\"http:\/\/www.donatonigroup.com\/wp-content\/uploads\/2023\/02\/donatoni-logo.png\",\"width\":800,\"height\":112,\"caption\":\"Donatoni Group\"},\"image\":{\"@id\":\"https:\/\/www.donatonigroup.com\/pt-pt\/#\/schema\/logo\/image\/\"},\"sameAs\":[\"https:\/\/www.facebook.com\/donatonimacchine\",\"https:\/\/instagram.com\/donatonigroup\/\",\"https:\/\/www.linkedin.com\/company\/donatoni-macchine-s-r-l\"]}]}<\/script>\n<!-- \/ Yoast SEO plugin. -->","yoast_head_json":{"title":"JET 625 - Donatoni Group","robots":{"index":"index","follow":"follow","max-snippet":"max-snippet:-1","max-image-preview":"max-image-preview:large","max-video-preview":"max-video-preview:-1"},"canonical":"https:\/\/www.donatonigroup.com\/pt-pt\/maquina\/jet-625\/","og_locale":"pt_PT","og_type":"article","og_title":"JET 625 - Donatoni Group","og_description":"Precisa, fi\u00e1vel, completa Fresa de ponte de controlo num\u00e9rico CNC A DONATONIJET 625 CNC \u00e9 uma fresa de ponte de controlo num\u00e9rico com 5 eixos interpolados simples e compacta, ideal para a produ\u00e7\u00e3o de bancadas de cozinhas, bancadas para casas de banho, bases de chuveiro e revestimentos em geral em m\u00e1rmore, granito e pedra artificial [&hellip;]","og_url":"https:\/\/www.donatonigroup.com\/pt-pt\/maquina\/jet-625\/","og_site_name":"Donatoni Group","article_publisher":"https:\/\/www.facebook.com\/donatonimacchine","article_modified_time":"2023-12-05T09:56:16+00:00","og_image":[{"width":1500,"height":935,"url":"https:\/\/www.donatonigroup.com\/wp-content\/uploads\/2023\/02\/JET_FRAME_625_23.png","type":"image\/png"}],"twitter_card":"summary_large_image","twitter_misc":{"Tempo estimado de leitura":"1 minuto"},"schema":{"@context":"https:\/\/schema.org","@graph":[{"@type":"WebPage","@id":"https:\/\/www.donatonigroup.com\/pt-pt\/maquina\/jet-625\/","url":"https:\/\/www.donatonigroup.com\/pt-pt\/maquina\/jet-625\/","name":"JET 625 - Donatoni Group","isPartOf":{"@id":"https:\/\/www.donatonigroup.com\/pt-pt\/#website"},"primaryImageOfPage":{"@id":"https:\/\/www.donatonigroup.com\/pt-pt\/maquina\/jet-625\/#primaryimage"},"image":{"@id":"https:\/\/www.donatonigroup.com\/pt-pt\/maquina\/jet-625\/#primaryimage"},"thumbnailUrl":"https:\/\/www.donatonigroup.com\/wp-content\/uploads\/2023\/02\/JET_FRAME_625_23.png","datePublished":"2023-02-09T09:29:11+00:00","dateModified":"2023-12-05T09:56:16+00:00","breadcrumb":{"@id":"https:\/\/www.donatonigroup.com\/pt-pt\/maquina\/jet-625\/#breadcrumb"},"inLanguage":"pt-PT","potentialAction":[{"@type":"ReadAction","target":["https:\/\/www.donatonigroup.com\/pt-pt\/maquina\/jet-625\/"]}]},{"@type":"ImageObject","inLanguage":"pt-PT","@id":"https:\/\/www.donatonigroup.com\/pt-pt\/maquina\/jet-625\/#primaryimage","url":"https:\/\/www.donatonigroup.com\/wp-content\/uploads\/2023\/02\/JET_FRAME_625_23.png","contentUrl":"https:\/\/www.donatonigroup.com\/wp-content\/uploads\/2023\/02\/JET_FRAME_625_23.png","width":1500,"height":935},{"@type":"BreadcrumbList","@id":"https:\/\/www.donatonigroup.com\/pt-pt\/maquina\/jet-625\/#breadcrumb","itemListElement":[{"@type":"ListItem","position":1,"name":"Home","item":"https:\/\/www.donatonigroup.com\/pt-pt\/"},{"@type":"ListItem","position":2,"name":"Cat\u00e1logo de M\u00e1quinas","item":"https:\/\/www.donatonigroup.com\/pt-pt\/catalogo-de-maquinas\/"},{"@type":"ListItem","position":3,"name":"JET 625"}]},{"@type":"WebSite","@id":"https:\/\/www.donatonigroup.com\/pt-pt\/#website","url":"https:\/\/www.donatonigroup.com\/pt-pt\/","name":"Donatoni Group","description":"","publisher":{"@id":"https:\/\/www.donatonigroup.com\/pt-pt\/#organization"},"potentialAction":[{"@type":"SearchAction","target":{"@type":"EntryPoint","urlTemplate":"https:\/\/www.donatonigroup.com\/pt-pt\/?s={search_term_string}"},"query-input":{"@type":"PropertyValueSpecification","valueRequired":true,"valueName":"search_term_string"}}],"inLanguage":"pt-PT"},{"@type":"Organization","@id":"https:\/\/www.donatonigroup.com\/pt-pt\/#organization","name":"Donatoni Group","url":"https:\/\/www.donatonigroup.com\/pt-pt\/","logo":{"@type":"ImageObject","inLanguage":"pt-PT","@id":"https:\/\/www.donatonigroup.com\/pt-pt\/#\/schema\/logo\/image\/","url":"http:\/\/www.donatonigroup.com\/wp-content\/uploads\/2023\/02\/donatoni-logo.png","contentUrl":"http:\/\/www.donatonigroup.com\/wp-content\/uploads\/2023\/02\/donatoni-logo.png","width":800,"height":112,"caption":"Donatoni Group"},"image":{"@id":"https:\/\/www.donatonigroup.com\/pt-pt\/#\/schema\/logo\/image\/"},"sameAs":["https:\/\/www.facebook.com\/donatonimacchine","https:\/\/instagram.com\/donatonigroup\/","https:\/\/www.linkedin.com\/company\/donatoni-macchine-s-r-l"]}]}},"_links":{"self":[{"href":"https:\/\/www.donatonigroup.com\/pt-pt\/wp-json\/wp\/v2\/product\/6584","targetHints":{"allow":["GET"]}}],"collection":[{"href":"https:\/\/www.donatonigroup.com\/pt-pt\/wp-json\/wp\/v2\/product"}],"about":[{"href":"https:\/\/www.donatonigroup.com\/pt-pt\/wp-json\/wp\/v2\/types\/product"}],"wp:featuredmedia":[{"embeddable":true,"href":"https:\/\/www.donatonigroup.com\/pt-pt\/wp-json\/wp\/v2\/media\/6586"}],"wp:attachment":[{"href":"https:\/\/www.donatonigroup.com\/pt-pt\/wp-json\/wp\/v2\/media?parent=6584"}],"wp:term":[{"taxonomy":"product_brand","embeddable":true,"href":"https:\/\/www.donatonigroup.com\/pt-pt\/wp-json\/wp\/v2\/product_brand?post=6584"},{"taxonomy":"product_cat","embeddable":true,"href":"https:\/\/www.donatonigroup.com\/pt-pt\/wp-json\/wp\/v2\/product_cat?post=6584"},{"taxonomy":"product_tag","embeddable":true,"href":"https:\/\/www.donatonigroup.com\/pt-pt\/wp-json\/wp\/v2\/product_tag?post=6584"},{"taxonomy":"caratteristica","embeddable":true,"href":"https:\/\/www.donatonigroup.com\/pt-pt\/wp-json\/wp\/v2\/caratteristica?post=6584"},{"taxonomy":"serie","embeddable":true,"href":"https:\/\/www.donatonigroup.com\/pt-pt\/wp-json\/wp\/v2\/serie?post=6584"},{"taxonomy":"settore_di_applicazione","embeddable":true,"href":"https:\/\/www.donatonigroup.com\/pt-pt\/wp-json\/wp\/v2\/settore_di_applicazione?post=6584"}],"curies":[{"name":"wp","href":"https:\/\/api.w.org\/{rel}","templated":true}]}}