{"id":6653,"date":"2023-02-09T08:56:40","date_gmt":"2023-02-09T08:56:40","guid":{"rendered":"http:\/\/www.donatonigroup.com\/macchina\/belt-s2\/"},"modified":"2023-12-05T11:46:44","modified_gmt":"2023-12-05T11:46:44","slug":"belt-s2","status":"publish","type":"product","link":"https:\/\/www.donatonigroup.com\/pt-pt\/maquina\/belt-s2\/","title":{"rendered":"BELT S2"},"content":{"rendered":"<div lang=\"it\" data-el-id=\"d31d121e-0890-42d7-a900-7fa109faf237\">\n<div lang=\"it\" data-el-id=\"d31d121e-0890-42d7-a900-7fa109faf237-txt\">\n<div class=\"machine-template__description-title\">\n<h3 class=\"machine-template__description-title-text\">Indicadas para a produ\u00e7\u00e3o em s\u00e9rie de diversos tipos de pe\u00e7as<\/h3>\n<\/div>\n<\/div>\n<\/div>\n<div lang=\"it\" data-el-id=\"c20b1ed3-7960-4862-b571-8985fcb045ec\">\n<div lang=\"it\" data-el-id=\"c20b1ed3-7960-4862-b571-8985fcb045ec-txt\">\n<div class=\"machine-template__description-description\">A <strong>DONATONI BELT S2<\/strong> \u00e9 uma fresadora de ponte de controlo num\u00e9rico de <strong>5 eixos interpolados<\/strong> particularmente vers\u00e1til e eficiente, indicada para a <strong>produ\u00e7\u00e3o em s\u00e9rie<\/strong> de diversos tipos de produtos em m\u00e1rmore, granito, cer\u00e2mica e pedra artificial. Permite realizar uma vasta gama de opera\u00e7\u00f5es: corte at\u00e9 250 mm de profundidade e tamb\u00e9m fresagem e fura\u00e7\u00e3o; Gra\u00e7as aos numerosos acess\u00f3rios, \u00e9 poss\u00edvel efetuar essas opera\u00e7\u00f5es de maquina\u00e7\u00e3o ao mesmo tempo, sem deslocar a pe\u00e7a da mesa e sem paragens prolongadas da m\u00e1quina.<\/div>\n<\/div>\n<\/div>\n","protected":false},"excerpt":{"rendered":"<p>Indicadas para a produ\u00e7\u00e3o em s\u00e9rie de diversos tipos de pe\u00e7as A DONATONI BELT S2 \u00e9 uma fresadora de ponte de controlo num\u00e9rico de 5 eixos interpolados particularmente vers\u00e1til e eficiente, indicada para a produ\u00e7\u00e3o em s\u00e9rie de diversos tipos de produtos em m\u00e1rmore, granito, cer\u00e2mica e pedra artificial. Permite realizar uma vasta gama de [&hellip;]<\/p>\n","protected":false},"featured_media":6625,"template":"","meta":{"_et_pb_use_builder":"","_et_pb_old_content":"","_et_gb_content_width":""},"product_brand":[],"product_cat":[1238],"product_tag":[],"caratteristica":[1268,1270,1271,1274,1418,1419],"serie":[1264],"settore_di_applicazione":[1257,1258,1259],"class_list":{"0":"post-6653","1":"product","2":"type-product","3":"status-publish","4":"has-post-thumbnail","6":"product_cat-linhas-de-alta-produtividade","7":"pa_assi-interpolati-5-pt-pt","8":"pa_consumo-acqua-50-pt-pt","9":"pa_consumo-aria-20-pt-pt","10":"pa_coppia-motore-elettro-tool-1216-s6-pt-pt","11":"pa_corsa-carrello-asse-x-3700-pt-pt","12":"pa_corsa-ponte-asse-y-2900-pt-pt","13":"pa_corsa-tastatore-lastra-300-pt-pt","14":"pa_corsa-ventose-295-pt-pt","15":"pa_diametro-albero-mandrino-50-pt-pt","16":"pa_diametro-massimo-disco-750-pt-pt","17":"pa_diametro-minimo-disco-350-pt-pt","18":"pa_dim-nastro-taglio-scar-6200x2400-pt-pt","19":"pa_dim-nastro-taglio-scar-7000x2400-pt-pt","20":"pa_dim-nastro-taglio-scarico-4000x2400-pt-pt","21":"pa_dim-nastro-taglio-scarico-6200x2400-pt-pt","22":"pa_dimensioni-nastro-di-taglio-10700x2400-pt-pt","23":"pa_disco-max-tastatore-lastra-725-pt-pt","24":"pa_disco-max-uso-ventose-725-pt-pt","25":"pa_inclinazione-testa-assea-0-90-pt-pt","26":"pa_peso-complessivo-macchina-13800-pt-pt","27":"pa_peso-max-nastro-4000-pt-pt","28":"pa_peso-tot-max-sollev-ventose-500-pt-pt","29":"pa_potenza-motore-tool-177-s6-pt-pt","30":"pa_potenza-totale-installata-38-pt-pt","31":"pa_profondita-max-di-taglio-250-pt-pt","32":"pa_range-vel-elettromandrino-t-0-5500-pt-pt","33":"pa_ripetibilita-posiz-asse-x-0-15-pt-pt","34":"pa_ripetibilita-posiz-asse-y-0-15-pt-pt","35":"pa_ripetibilita-posiz-asse-z-0-15-pt-pt","36":"pa_rotazione-testa-porta-disco-5-365-pt-pt","37":"pa_salita-discesa-assez-550-pt-pt","38":"pa_tensione-elettrica-standard-40010-50-pt-pt","39":"pa_velocita-max-carrello-asse-x-0-40-pt-pt","40":"pa_velocita-max-nastro-20-pt-pt","41":"pa_velocita-max-ponte-asse-y-0-30-pt-pt","42":"pa_velocita-max-teste-asse-z-0-5-pt-pt","43":"caratteristica-ampla-gama-de-acessorios-e-configuracoes","44":"caratteristica-flexibilidade-de-producao","45":"caratteristica-tecnologia-cnc-precisao-e-produtividade","46":"caratteristica-simples-e-rapida-de-programar","47":"caratteristica-ideal-para-a-producao-em-serie","48":"caratteristica-elevada-produtividade","49":"serie-belt-series-pt-pt","50":"settore_di_applicazione-pecas-para-a-construcao-civil","51":"settore_di_applicazione-pavimentos-e-revestimentos","52":"settore_di_applicazione-bancadas-de-cozinha-e-bancadas-para-casas-de-banho","54":"first","55":"instock","56":"shipping-taxable","57":"purchasable","58":"product-type-simple"},"acf":[],"yoast_head":"<!-- This site is optimized with the Yoast SEO plugin v25.8 - https:\/\/yoast.com\/wordpress\/plugins\/seo\/ -->\n<title>BELT S2 - Donatoni Group<\/title>\n<meta name=\"robots\" content=\"index, follow, max-snippet:-1, max-image-preview:large, max-video-preview:-1\" \/>\n<link rel=\"canonical\" href=\"https:\/\/www.donatonigroup.com\/pt-pt\/maquina\/belt-s2\/\" \/>\n<meta property=\"og:locale\" content=\"pt_PT\" \/>\n<meta property=\"og:type\" content=\"article\" \/>\n<meta property=\"og:title\" content=\"BELT S2 - Donatoni Group\" \/>\n<meta property=\"og:description\" content=\"Indicadas para a produ\u00e7\u00e3o em s\u00e9rie de diversos tipos de pe\u00e7as A DONATONI BELT S2 \u00e9 uma fresadora de ponte de controlo num\u00e9rico de 5 eixos interpolados particularmente vers\u00e1til e eficiente, indicada para a produ\u00e7\u00e3o em s\u00e9rie de diversos tipos de produtos em m\u00e1rmore, granito, cer\u00e2mica e pedra artificial. Permite realizar uma vasta gama de [&hellip;]\" \/>\n<meta property=\"og:url\" content=\"https:\/\/www.donatonigroup.com\/pt-pt\/maquina\/belt-s2\/\" \/>\n<meta property=\"og:site_name\" content=\"Donatoni Group\" \/>\n<meta property=\"article:publisher\" content=\"https:\/\/www.facebook.com\/donatonimacchine\" \/>\n<meta property=\"article:modified_time\" content=\"2023-12-05T11:46:44+00:00\" \/>\n<meta property=\"og:image\" content=\"https:\/\/www.donatonigroup.com\/wp-content\/uploads\/2023\/02\/Belt-s2-1500x9352-1.png\" \/>\n\t<meta property=\"og:image:width\" content=\"1500\" \/>\n\t<meta property=\"og:image:height\" content=\"935\" \/>\n\t<meta property=\"og:image:type\" content=\"image\/png\" \/>\n<meta name=\"twitter:card\" content=\"summary_large_image\" \/>\n<meta name=\"twitter:label1\" content=\"Tempo estimado de leitura\" \/>\n\t<meta name=\"twitter:data1\" content=\"1 minuto\" \/>\n<script type=\"application\/ld+json\" class=\"yoast-schema-graph\">{\"@context\":\"https:\/\/schema.org\",\"@graph\":[{\"@type\":\"WebPage\",\"@id\":\"https:\/\/www.donatonigroup.com\/pt-pt\/maquina\/belt-s2\/\",\"url\":\"https:\/\/www.donatonigroup.com\/pt-pt\/maquina\/belt-s2\/\",\"name\":\"BELT S2 - Donatoni Group\",\"isPartOf\":{\"@id\":\"https:\/\/www.donatonigroup.com\/pt-pt\/#website\"},\"primaryImageOfPage\":{\"@id\":\"https:\/\/www.donatonigroup.com\/pt-pt\/maquina\/belt-s2\/#primaryimage\"},\"image\":{\"@id\":\"https:\/\/www.donatonigroup.com\/pt-pt\/maquina\/belt-s2\/#primaryimage\"},\"thumbnailUrl\":\"https:\/\/www.donatonigroup.com\/wp-content\/uploads\/2023\/02\/Belt-s2-1500x9352-1.png\",\"datePublished\":\"2023-02-09T08:56:40+00:00\",\"dateModified\":\"2023-12-05T11:46:44+00:00\",\"breadcrumb\":{\"@id\":\"https:\/\/www.donatonigroup.com\/pt-pt\/maquina\/belt-s2\/#breadcrumb\"},\"inLanguage\":\"pt-PT\",\"potentialAction\":[{\"@type\":\"ReadAction\",\"target\":[\"https:\/\/www.donatonigroup.com\/pt-pt\/maquina\/belt-s2\/\"]}]},{\"@type\":\"ImageObject\",\"inLanguage\":\"pt-PT\",\"@id\":\"https:\/\/www.donatonigroup.com\/pt-pt\/maquina\/belt-s2\/#primaryimage\",\"url\":\"https:\/\/www.donatonigroup.com\/wp-content\/uploads\/2023\/02\/Belt-s2-1500x9352-1.png\",\"contentUrl\":\"https:\/\/www.donatonigroup.com\/wp-content\/uploads\/2023\/02\/Belt-s2-1500x9352-1.png\",\"width\":1500,\"height\":935},{\"@type\":\"BreadcrumbList\",\"@id\":\"https:\/\/www.donatonigroup.com\/pt-pt\/maquina\/belt-s2\/#breadcrumb\",\"itemListElement\":[{\"@type\":\"ListItem\",\"position\":1,\"name\":\"Home\",\"item\":\"https:\/\/www.donatonigroup.com\/pt-pt\/\"},{\"@type\":\"ListItem\",\"position\":2,\"name\":\"Cat\u00e1logo de M\u00e1quinas\",\"item\":\"https:\/\/www.donatonigroup.com\/pt-pt\/catalogo-de-maquinas\/\"},{\"@type\":\"ListItem\",\"position\":3,\"name\":\"BELT S2\"}]},{\"@type\":\"WebSite\",\"@id\":\"https:\/\/www.donatonigroup.com\/pt-pt\/#website\",\"url\":\"https:\/\/www.donatonigroup.com\/pt-pt\/\",\"name\":\"Donatoni Group\",\"description\":\"\",\"publisher\":{\"@id\":\"https:\/\/www.donatonigroup.com\/pt-pt\/#organization\"},\"potentialAction\":[{\"@type\":\"SearchAction\",\"target\":{\"@type\":\"EntryPoint\",\"urlTemplate\":\"https:\/\/www.donatonigroup.com\/pt-pt\/?s={search_term_string}\"},\"query-input\":{\"@type\":\"PropertyValueSpecification\",\"valueRequired\":true,\"valueName\":\"search_term_string\"}}],\"inLanguage\":\"pt-PT\"},{\"@type\":\"Organization\",\"@id\":\"https:\/\/www.donatonigroup.com\/pt-pt\/#organization\",\"name\":\"Donatoni Group\",\"url\":\"https:\/\/www.donatonigroup.com\/pt-pt\/\",\"logo\":{\"@type\":\"ImageObject\",\"inLanguage\":\"pt-PT\",\"@id\":\"https:\/\/www.donatonigroup.com\/pt-pt\/#\/schema\/logo\/image\/\",\"url\":\"http:\/\/www.donatonigroup.com\/wp-content\/uploads\/2023\/02\/donatoni-logo.png\",\"contentUrl\":\"http:\/\/www.donatonigroup.com\/wp-content\/uploads\/2023\/02\/donatoni-logo.png\",\"width\":800,\"height\":112,\"caption\":\"Donatoni Group\"},\"image\":{\"@id\":\"https:\/\/www.donatonigroup.com\/pt-pt\/#\/schema\/logo\/image\/\"},\"sameAs\":[\"https:\/\/www.facebook.com\/donatonimacchine\",\"https:\/\/instagram.com\/donatonigroup\/\",\"https:\/\/www.linkedin.com\/company\/donatoni-macchine-s-r-l\"]}]}<\/script>\n<!-- \/ Yoast SEO plugin. -->","yoast_head_json":{"title":"BELT S2 - Donatoni Group","robots":{"index":"index","follow":"follow","max-snippet":"max-snippet:-1","max-image-preview":"max-image-preview:large","max-video-preview":"max-video-preview:-1"},"canonical":"https:\/\/www.donatonigroup.com\/pt-pt\/maquina\/belt-s2\/","og_locale":"pt_PT","og_type":"article","og_title":"BELT S2 - Donatoni Group","og_description":"Indicadas para a produ\u00e7\u00e3o em s\u00e9rie de diversos tipos de pe\u00e7as A DONATONI BELT S2 \u00e9 uma fresadora de ponte de controlo num\u00e9rico de 5 eixos interpolados particularmente vers\u00e1til e eficiente, indicada para a produ\u00e7\u00e3o em s\u00e9rie de diversos tipos de produtos em m\u00e1rmore, granito, cer\u00e2mica e pedra artificial. Permite realizar uma vasta gama de [&hellip;]","og_url":"https:\/\/www.donatonigroup.com\/pt-pt\/maquina\/belt-s2\/","og_site_name":"Donatoni Group","article_publisher":"https:\/\/www.facebook.com\/donatonimacchine","article_modified_time":"2023-12-05T11:46:44+00:00","og_image":[{"width":1500,"height":935,"url":"https:\/\/www.donatonigroup.com\/wp-content\/uploads\/2023\/02\/Belt-s2-1500x9352-1.png","type":"image\/png"}],"twitter_card":"summary_large_image","twitter_misc":{"Tempo estimado de leitura":"1 minuto"},"schema":{"@context":"https:\/\/schema.org","@graph":[{"@type":"WebPage","@id":"https:\/\/www.donatonigroup.com\/pt-pt\/maquina\/belt-s2\/","url":"https:\/\/www.donatonigroup.com\/pt-pt\/maquina\/belt-s2\/","name":"BELT S2 - Donatoni Group","isPartOf":{"@id":"https:\/\/www.donatonigroup.com\/pt-pt\/#website"},"primaryImageOfPage":{"@id":"https:\/\/www.donatonigroup.com\/pt-pt\/maquina\/belt-s2\/#primaryimage"},"image":{"@id":"https:\/\/www.donatonigroup.com\/pt-pt\/maquina\/belt-s2\/#primaryimage"},"thumbnailUrl":"https:\/\/www.donatonigroup.com\/wp-content\/uploads\/2023\/02\/Belt-s2-1500x9352-1.png","datePublished":"2023-02-09T08:56:40+00:00","dateModified":"2023-12-05T11:46:44+00:00","breadcrumb":{"@id":"https:\/\/www.donatonigroup.com\/pt-pt\/maquina\/belt-s2\/#breadcrumb"},"inLanguage":"pt-PT","potentialAction":[{"@type":"ReadAction","target":["https:\/\/www.donatonigroup.com\/pt-pt\/maquina\/belt-s2\/"]}]},{"@type":"ImageObject","inLanguage":"pt-PT","@id":"https:\/\/www.donatonigroup.com\/pt-pt\/maquina\/belt-s2\/#primaryimage","url":"https:\/\/www.donatonigroup.com\/wp-content\/uploads\/2023\/02\/Belt-s2-1500x9352-1.png","contentUrl":"https:\/\/www.donatonigroup.com\/wp-content\/uploads\/2023\/02\/Belt-s2-1500x9352-1.png","width":1500,"height":935},{"@type":"BreadcrumbList","@id":"https:\/\/www.donatonigroup.com\/pt-pt\/maquina\/belt-s2\/#breadcrumb","itemListElement":[{"@type":"ListItem","position":1,"name":"Home","item":"https:\/\/www.donatonigroup.com\/pt-pt\/"},{"@type":"ListItem","position":2,"name":"Cat\u00e1logo de M\u00e1quinas","item":"https:\/\/www.donatonigroup.com\/pt-pt\/catalogo-de-maquinas\/"},{"@type":"ListItem","position":3,"name":"BELT S2"}]},{"@type":"WebSite","@id":"https:\/\/www.donatonigroup.com\/pt-pt\/#website","url":"https:\/\/www.donatonigroup.com\/pt-pt\/","name":"Donatoni Group","description":"","publisher":{"@id":"https:\/\/www.donatonigroup.com\/pt-pt\/#organization"},"potentialAction":[{"@type":"SearchAction","target":{"@type":"EntryPoint","urlTemplate":"https:\/\/www.donatonigroup.com\/pt-pt\/?s={search_term_string}"},"query-input":{"@type":"PropertyValueSpecification","valueRequired":true,"valueName":"search_term_string"}}],"inLanguage":"pt-PT"},{"@type":"Organization","@id":"https:\/\/www.donatonigroup.com\/pt-pt\/#organization","name":"Donatoni Group","url":"https:\/\/www.donatonigroup.com\/pt-pt\/","logo":{"@type":"ImageObject","inLanguage":"pt-PT","@id":"https:\/\/www.donatonigroup.com\/pt-pt\/#\/schema\/logo\/image\/","url":"http:\/\/www.donatonigroup.com\/wp-content\/uploads\/2023\/02\/donatoni-logo.png","contentUrl":"http:\/\/www.donatonigroup.com\/wp-content\/uploads\/2023\/02\/donatoni-logo.png","width":800,"height":112,"caption":"Donatoni Group"},"image":{"@id":"https:\/\/www.donatonigroup.com\/pt-pt\/#\/schema\/logo\/image\/"},"sameAs":["https:\/\/www.facebook.com\/donatonimacchine","https:\/\/instagram.com\/donatonigroup\/","https:\/\/www.linkedin.com\/company\/donatoni-macchine-s-r-l"]}]}},"_links":{"self":[{"href":"https:\/\/www.donatonigroup.com\/pt-pt\/wp-json\/wp\/v2\/product\/6653","targetHints":{"allow":["GET"]}}],"collection":[{"href":"https:\/\/www.donatonigroup.com\/pt-pt\/wp-json\/wp\/v2\/product"}],"about":[{"href":"https:\/\/www.donatonigroup.com\/pt-pt\/wp-json\/wp\/v2\/types\/product"}],"wp:featuredmedia":[{"embeddable":true,"href":"https:\/\/www.donatonigroup.com\/pt-pt\/wp-json\/wp\/v2\/media\/6625"}],"wp:attachment":[{"href":"https:\/\/www.donatonigroup.com\/pt-pt\/wp-json\/wp\/v2\/media?parent=6653"}],"wp:term":[{"taxonomy":"product_brand","embeddable":true,"href":"https:\/\/www.donatonigroup.com\/pt-pt\/wp-json\/wp\/v2\/product_brand?post=6653"},{"taxonomy":"product_cat","embeddable":true,"href":"https:\/\/www.donatonigroup.com\/pt-pt\/wp-json\/wp\/v2\/product_cat?post=6653"},{"taxonomy":"product_tag","embeddable":true,"href":"https:\/\/www.donatonigroup.com\/pt-pt\/wp-json\/wp\/v2\/product_tag?post=6653"},{"taxonomy":"caratteristica","embeddable":true,"href":"https:\/\/www.donatonigroup.com\/pt-pt\/wp-json\/wp\/v2\/caratteristica?post=6653"},{"taxonomy":"serie","embeddable":true,"href":"https:\/\/www.donatonigroup.com\/pt-pt\/wp-json\/wp\/v2\/serie?post=6653"},{"taxonomy":"settore_di_applicazione","embeddable":true,"href":"https:\/\/www.donatonigroup.com\/pt-pt\/wp-json\/wp\/v2\/settore_di_applicazione?post=6653"}],"curies":[{"name":"wp","href":"https:\/\/api.w.org\/{rel}","templated":true}]}}