{"id":6662,"date":"2023-02-08T15:58:23","date_gmt":"2023-02-08T15:58:23","guid":{"rendered":"http:\/\/www.donatonigroup.com\/macchina\/twin-s2\/"},"modified":"2023-12-05T09:02:09","modified_gmt":"2023-12-05T09:02:09","slug":"twin-s2","status":"publish","type":"product","link":"https:\/\/www.donatonigroup.com\/pt-pt\/maquina\/twin-s2\/","title":{"rendered":"TWIN S2"},"content":{"rendered":"<div data-el-id=\"fb96e8aa-1985-4288-9f7e-948d513895a9\">\n<div data-el-id=\"fb96e8aa-1985-4288-9f7e-948d513895a9-txt\">\n<div class=\"machine-template__description-title\">\n<h3 class=\"machine-template__description-title-text\">M\u00e1quinas de alta produtividade com patente Twin System<\/h3>\n<\/div>\n<\/div>\n<\/div>\n<div data-el-id=\"93c6e076-bb2e-4a9e-a8ae-c3ebe7592c57\">\n<div class=\"\" data-el-id=\"b7ceae05-9bef-4a8f-a5aa-6c96d64a828d\">\n<div data-el-id=\"a7f8fdb2-98bf-4143-9db8-2983f22edb1f\">\n<div data-el-id=\"a2403db7-8284-42a0-a465-f9bcd99b4e50\">\n<div data-el-id=\"a2403db7-8284-42a0-a465-f9bcd99b4e50-html\">A <strong>DONATONI TWIN S2<\/strong> \u00e9 uma fresadora de ponte de controlo num\u00e9rico de <strong>5\/6 eixos interpolados<\/strong> equipada com o <strong>Twin System<\/strong>: o sistema <strong>patenteado<\/strong> pela Donatoni Macchine que permite otimizar ao m\u00e1ximo o trabalho de uma fresadora de ponte, aumentando a capacidade de produ\u00e7\u00e3o em mais de 70%. Permite realizar uma vasta gama de opera\u00e7\u00f5es: corte at\u00e9 150 mm de profundidade e tamb\u00e9m fresagem, fura\u00e7\u00e3o e perfis.<\/div>\n<\/div>\n<\/div>\n<\/div>\n<\/div>\n<div data-el-id=\"71e9d813-0cbb-4660-be73-b1bf72d428ec\">\n<div data-el-id=\"71e9d813-0cbb-4660-be73-b1bf72d428ec-txt\">\n<div class=\"machine-template__description-description\">\n<p>O Twin System consiste numa mesa dupla com sistema de troca de mesa autom\u00e1tica, apoiado sobre uma estrutura monobloco com carris sobre os quais deslocam-se as duas mesas, alternando-se entre a zona de corte e a zona de carga\/descarga. Isso permite ao operador fazer as opera\u00e7\u00f5es de descarga, carga e programa\u00e7\u00e3o da 1\u00aa mesa, enquanto a m\u00e1quina efetua a maquinagem na 2\u00aa mesa.<\/p>\n<p>Vantagens do Twin System:<\/p>\n<ul>\n<li>Aumento da capacidade produtiva.<\/li>\n<li>Utiliza\u00e7\u00e3o com um s\u00f3 operador.<\/li>\n<li>2 fresas em 1: possibilidade de utilizar a m\u00e1quina como uma fresa tradicional e executar perfis.<\/li>\n<\/ul>\n<\/div>\n<\/div>\n<\/div>\n","protected":false},"excerpt":{"rendered":"<p>M\u00e1quinas de alta produtividade com patente Twin System A DONATONI TWIN S2 \u00e9 uma fresadora de ponte de controlo num\u00e9rico de 5\/6 eixos interpolados equipada com o Twin System: o sistema patenteado pela Donatoni Macchine que permite otimizar ao m\u00e1ximo o trabalho de uma fresadora de ponte, aumentando a capacidade de produ\u00e7\u00e3o em mais de [&hellip;]<\/p>\n","protected":false},"featured_media":6664,"template":"","meta":{"_et_pb_use_builder":"","_et_pb_old_content":"","_et_gb_content_width":""},"product_brand":[],"product_cat":[1245],"product_tag":[],"caratteristica":[1271,1272,1274,1419,1420,1421,1422],"serie":[1267],"settore_di_applicazione":[1257,1258,1259],"class_list":{"0":"post-6662","1":"product","2":"type-product","3":"status-publish","4":"has-post-thumbnail","6":"product_cat-maquinas-de-alta-produtividade","7":"pa_assi-interpolati-5-pt-pt","8":"pa_consumo-acqua-55-pt-pt","9":"pa_consumo-aria-20-pt-pt","10":"pa_coppia-motore-elettro-tool-1216-s6-pt-pt","11":"pa_corsa-carrello-asse-x-3700-pt-pt","12":"pa_corsa-ponte-asse-y-2900-pt-pt","13":"pa_corsa-tastatore-lastra-300-pt-pt","14":"pa_corsa-ventose-220-pt-pt","15":"pa_diametro-albero-mandrino-50-pt-pt","16":"pa_diametro-massimo-disco-525-pt-pt","17":"pa_diametro-minimo-disco-350-pt-pt","18":"pa_dim-max-lastra-rib-3800x2400-pt-pt","19":"pa_dim-min-lastra-rib-1000x800-pt-pt","20":"pa_dimensione-banco-3800x2300x650-pt-pt","21":"pa_dimensione-banco-3800x2400x900-pt-pt","22":"pa_disco-max-tastatore-lastra-525-pt-pt","23":"pa_disco-max-uso-ventose-525-pt-pt","24":"pa_inclinazione-testa-assea-0-90-pt-pt","25":"pa_peso-complessivo-macchina-9900-pt-pt","26":"pa_peso-max-din-1-banco-1650-pt-pt","27":"pa_peso-max-sta-1-banco-3000-pt-pt","28":"pa_peso-tot-max-sollev-ventose-500-pt-pt","29":"pa_potenza-motore-tool-177-s6-pt-pt","30":"pa_potenza-totale-installata-285-pt-pt","31":"pa_profondita-max-di-taglio-150-pt-pt","32":"pa_range-vel-elettromandrino-t-0-5500-pt-pt","33":"pa_ripetibilita-posiz-asse-x-0-15-pt-pt","34":"pa_ripetibilita-posiz-asse-y-0-15-pt-pt","35":"pa_ripetibilita-posiz-asse-z-0-15-pt-pt","36":"pa_rotazione-testa-porta-disco-5-365-pt-pt","37":"pa_salita-discesa-assez-550-pt-pt","38":"pa_tempo-scambio-banchi-33-pt-pt","39":"pa_tensione-elettrica-standard-40010-50-pt-pt","40":"pa_velocita-avanzamento-banchi-20-pt-pt","41":"pa_velocita-max-carrello-asse-x-0-40-pt-pt","42":"pa_velocita-max-ponte-asse-y-0-30-pt-pt","43":"pa_velocita-max-teste-asse-z-0-5-pt-pt","44":"caratteristica-tecnologia-cnc-precisao-e-produtividade","45":"caratteristica-volume-reduzido","46":"caratteristica-simples-e-rapida-de-programar","47":"caratteristica-elevada-produtividade","48":"caratteristica-otimizacao-do-corte","49":"caratteristica-utilizacao-com-um-so-operador","50":"caratteristica-nao-necessita-de-fundacao","51":"serie-twin-series-pt-pt","52":"settore_di_applicazione-pecas-para-a-construcao-civil","53":"settore_di_applicazione-pavimentos-e-revestimentos","54":"settore_di_applicazione-bancadas-de-cozinha-e-bancadas-para-casas-de-banho","56":"first","57":"instock","58":"shipping-taxable","59":"purchasable","60":"product-type-simple"},"acf":[],"yoast_head":"<!-- This site is optimized with the Yoast SEO plugin v25.8 - https:\/\/yoast.com\/wordpress\/plugins\/seo\/ -->\n<title>TWIN S2 - Donatoni Group<\/title>\n<meta name=\"robots\" content=\"index, follow, max-snippet:-1, max-image-preview:large, max-video-preview:-1\" \/>\n<link rel=\"canonical\" href=\"https:\/\/www.donatonigroup.com\/pt-pt\/maquina\/twin-s2\/\" \/>\n<meta property=\"og:locale\" content=\"pt_PT\" \/>\n<meta property=\"og:type\" content=\"article\" \/>\n<meta property=\"og:title\" content=\"TWIN S2 - Donatoni Group\" \/>\n<meta property=\"og:description\" content=\"M\u00e1quinas de alta produtividade com patente Twin System A DONATONI TWIN S2 \u00e9 uma fresadora de ponte de controlo num\u00e9rico de 5\/6 eixos interpolados equipada com o Twin System: o sistema patenteado pela Donatoni Macchine que permite otimizar ao m\u00e1ximo o trabalho de uma fresadora de ponte, aumentando a capacidade de produ\u00e7\u00e3o em mais de [&hellip;]\" \/>\n<meta property=\"og:url\" content=\"https:\/\/www.donatonigroup.com\/pt-pt\/maquina\/twin-s2\/\" \/>\n<meta property=\"og:site_name\" content=\"Donatoni Group\" \/>\n<meta property=\"article:publisher\" content=\"https:\/\/www.facebook.com\/donatonimacchine\" \/>\n<meta property=\"article:modified_time\" content=\"2023-12-05T09:02:09+00:00\" \/>\n<meta property=\"og:image\" content=\"https:\/\/www.donatonigroup.com\/wp-content\/uploads\/2023\/02\/TWIN-S2-1500x9352-1.png\" \/>\n\t<meta property=\"og:image:width\" content=\"1500\" \/>\n\t<meta property=\"og:image:height\" content=\"935\" \/>\n\t<meta property=\"og:image:type\" content=\"image\/png\" \/>\n<meta name=\"twitter:card\" content=\"summary_large_image\" \/>\n<meta name=\"twitter:label1\" content=\"Tempo estimado de leitura\" \/>\n\t<meta name=\"twitter:data1\" content=\"1 minuto\" \/>\n<script type=\"application\/ld+json\" class=\"yoast-schema-graph\">{\"@context\":\"https:\/\/schema.org\",\"@graph\":[{\"@type\":\"WebPage\",\"@id\":\"https:\/\/www.donatonigroup.com\/pt-pt\/maquina\/twin-s2\/\",\"url\":\"https:\/\/www.donatonigroup.com\/pt-pt\/maquina\/twin-s2\/\",\"name\":\"TWIN S2 - Donatoni Group\",\"isPartOf\":{\"@id\":\"https:\/\/www.donatonigroup.com\/pt-pt\/#website\"},\"primaryImageOfPage\":{\"@id\":\"https:\/\/www.donatonigroup.com\/pt-pt\/maquina\/twin-s2\/#primaryimage\"},\"image\":{\"@id\":\"https:\/\/www.donatonigroup.com\/pt-pt\/maquina\/twin-s2\/#primaryimage\"},\"thumbnailUrl\":\"https:\/\/www.donatonigroup.com\/wp-content\/uploads\/2023\/02\/TWIN-S2-1500x9352-1.png\",\"datePublished\":\"2023-02-08T15:58:23+00:00\",\"dateModified\":\"2023-12-05T09:02:09+00:00\",\"breadcrumb\":{\"@id\":\"https:\/\/www.donatonigroup.com\/pt-pt\/maquina\/twin-s2\/#breadcrumb\"},\"inLanguage\":\"pt-PT\",\"potentialAction\":[{\"@type\":\"ReadAction\",\"target\":[\"https:\/\/www.donatonigroup.com\/pt-pt\/maquina\/twin-s2\/\"]}]},{\"@type\":\"ImageObject\",\"inLanguage\":\"pt-PT\",\"@id\":\"https:\/\/www.donatonigroup.com\/pt-pt\/maquina\/twin-s2\/#primaryimage\",\"url\":\"https:\/\/www.donatonigroup.com\/wp-content\/uploads\/2023\/02\/TWIN-S2-1500x9352-1.png\",\"contentUrl\":\"https:\/\/www.donatonigroup.com\/wp-content\/uploads\/2023\/02\/TWIN-S2-1500x9352-1.png\",\"width\":1500,\"height\":935},{\"@type\":\"BreadcrumbList\",\"@id\":\"https:\/\/www.donatonigroup.com\/pt-pt\/maquina\/twin-s2\/#breadcrumb\",\"itemListElement\":[{\"@type\":\"ListItem\",\"position\":1,\"name\":\"Home\",\"item\":\"https:\/\/www.donatonigroup.com\/pt-pt\/\"},{\"@type\":\"ListItem\",\"position\":2,\"name\":\"Cat\u00e1logo de M\u00e1quinas\",\"item\":\"https:\/\/www.donatonigroup.com\/pt-pt\/catalogo-de-maquinas\/\"},{\"@type\":\"ListItem\",\"position\":3,\"name\":\"TWIN S2\"}]},{\"@type\":\"WebSite\",\"@id\":\"https:\/\/www.donatonigroup.com\/pt-pt\/#website\",\"url\":\"https:\/\/www.donatonigroup.com\/pt-pt\/\",\"name\":\"Donatoni Group\",\"description\":\"\",\"publisher\":{\"@id\":\"https:\/\/www.donatonigroup.com\/pt-pt\/#organization\"},\"potentialAction\":[{\"@type\":\"SearchAction\",\"target\":{\"@type\":\"EntryPoint\",\"urlTemplate\":\"https:\/\/www.donatonigroup.com\/pt-pt\/?s={search_term_string}\"},\"query-input\":{\"@type\":\"PropertyValueSpecification\",\"valueRequired\":true,\"valueName\":\"search_term_string\"}}],\"inLanguage\":\"pt-PT\"},{\"@type\":\"Organization\",\"@id\":\"https:\/\/www.donatonigroup.com\/pt-pt\/#organization\",\"name\":\"Donatoni Group\",\"url\":\"https:\/\/www.donatonigroup.com\/pt-pt\/\",\"logo\":{\"@type\":\"ImageObject\",\"inLanguage\":\"pt-PT\",\"@id\":\"https:\/\/www.donatonigroup.com\/pt-pt\/#\/schema\/logo\/image\/\",\"url\":\"http:\/\/www.donatonigroup.com\/wp-content\/uploads\/2023\/02\/donatoni-logo.png\",\"contentUrl\":\"http:\/\/www.donatonigroup.com\/wp-content\/uploads\/2023\/02\/donatoni-logo.png\",\"width\":800,\"height\":112,\"caption\":\"Donatoni Group\"},\"image\":{\"@id\":\"https:\/\/www.donatonigroup.com\/pt-pt\/#\/schema\/logo\/image\/\"},\"sameAs\":[\"https:\/\/www.facebook.com\/donatonimacchine\",\"https:\/\/instagram.com\/donatonigroup\/\",\"https:\/\/www.linkedin.com\/company\/donatoni-macchine-s-r-l\"]}]}<\/script>\n<!-- \/ Yoast SEO plugin. -->","yoast_head_json":{"title":"TWIN S2 - Donatoni Group","robots":{"index":"index","follow":"follow","max-snippet":"max-snippet:-1","max-image-preview":"max-image-preview:large","max-video-preview":"max-video-preview:-1"},"canonical":"https:\/\/www.donatonigroup.com\/pt-pt\/maquina\/twin-s2\/","og_locale":"pt_PT","og_type":"article","og_title":"TWIN S2 - Donatoni Group","og_description":"M\u00e1quinas de alta produtividade com patente Twin System A DONATONI TWIN S2 \u00e9 uma fresadora de ponte de controlo num\u00e9rico de 5\/6 eixos interpolados equipada com o Twin System: o sistema patenteado pela Donatoni Macchine que permite otimizar ao m\u00e1ximo o trabalho de uma fresadora de ponte, aumentando a capacidade de produ\u00e7\u00e3o em mais de [&hellip;]","og_url":"https:\/\/www.donatonigroup.com\/pt-pt\/maquina\/twin-s2\/","og_site_name":"Donatoni Group","article_publisher":"https:\/\/www.facebook.com\/donatonimacchine","article_modified_time":"2023-12-05T09:02:09+00:00","og_image":[{"width":1500,"height":935,"url":"https:\/\/www.donatonigroup.com\/wp-content\/uploads\/2023\/02\/TWIN-S2-1500x9352-1.png","type":"image\/png"}],"twitter_card":"summary_large_image","twitter_misc":{"Tempo estimado de leitura":"1 minuto"},"schema":{"@context":"https:\/\/schema.org","@graph":[{"@type":"WebPage","@id":"https:\/\/www.donatonigroup.com\/pt-pt\/maquina\/twin-s2\/","url":"https:\/\/www.donatonigroup.com\/pt-pt\/maquina\/twin-s2\/","name":"TWIN S2 - Donatoni Group","isPartOf":{"@id":"https:\/\/www.donatonigroup.com\/pt-pt\/#website"},"primaryImageOfPage":{"@id":"https:\/\/www.donatonigroup.com\/pt-pt\/maquina\/twin-s2\/#primaryimage"},"image":{"@id":"https:\/\/www.donatonigroup.com\/pt-pt\/maquina\/twin-s2\/#primaryimage"},"thumbnailUrl":"https:\/\/www.donatonigroup.com\/wp-content\/uploads\/2023\/02\/TWIN-S2-1500x9352-1.png","datePublished":"2023-02-08T15:58:23+00:00","dateModified":"2023-12-05T09:02:09+00:00","breadcrumb":{"@id":"https:\/\/www.donatonigroup.com\/pt-pt\/maquina\/twin-s2\/#breadcrumb"},"inLanguage":"pt-PT","potentialAction":[{"@type":"ReadAction","target":["https:\/\/www.donatonigroup.com\/pt-pt\/maquina\/twin-s2\/"]}]},{"@type":"ImageObject","inLanguage":"pt-PT","@id":"https:\/\/www.donatonigroup.com\/pt-pt\/maquina\/twin-s2\/#primaryimage","url":"https:\/\/www.donatonigroup.com\/wp-content\/uploads\/2023\/02\/TWIN-S2-1500x9352-1.png","contentUrl":"https:\/\/www.donatonigroup.com\/wp-content\/uploads\/2023\/02\/TWIN-S2-1500x9352-1.png","width":1500,"height":935},{"@type":"BreadcrumbList","@id":"https:\/\/www.donatonigroup.com\/pt-pt\/maquina\/twin-s2\/#breadcrumb","itemListElement":[{"@type":"ListItem","position":1,"name":"Home","item":"https:\/\/www.donatonigroup.com\/pt-pt\/"},{"@type":"ListItem","position":2,"name":"Cat\u00e1logo de M\u00e1quinas","item":"https:\/\/www.donatonigroup.com\/pt-pt\/catalogo-de-maquinas\/"},{"@type":"ListItem","position":3,"name":"TWIN S2"}]},{"@type":"WebSite","@id":"https:\/\/www.donatonigroup.com\/pt-pt\/#website","url":"https:\/\/www.donatonigroup.com\/pt-pt\/","name":"Donatoni Group","description":"","publisher":{"@id":"https:\/\/www.donatonigroup.com\/pt-pt\/#organization"},"potentialAction":[{"@type":"SearchAction","target":{"@type":"EntryPoint","urlTemplate":"https:\/\/www.donatonigroup.com\/pt-pt\/?s={search_term_string}"},"query-input":{"@type":"PropertyValueSpecification","valueRequired":true,"valueName":"search_term_string"}}],"inLanguage":"pt-PT"},{"@type":"Organization","@id":"https:\/\/www.donatonigroup.com\/pt-pt\/#organization","name":"Donatoni Group","url":"https:\/\/www.donatonigroup.com\/pt-pt\/","logo":{"@type":"ImageObject","inLanguage":"pt-PT","@id":"https:\/\/www.donatonigroup.com\/pt-pt\/#\/schema\/logo\/image\/","url":"http:\/\/www.donatonigroup.com\/wp-content\/uploads\/2023\/02\/donatoni-logo.png","contentUrl":"http:\/\/www.donatonigroup.com\/wp-content\/uploads\/2023\/02\/donatoni-logo.png","width":800,"height":112,"caption":"Donatoni Group"},"image":{"@id":"https:\/\/www.donatonigroup.com\/pt-pt\/#\/schema\/logo\/image\/"},"sameAs":["https:\/\/www.facebook.com\/donatonimacchine","https:\/\/instagram.com\/donatonigroup\/","https:\/\/www.linkedin.com\/company\/donatoni-macchine-s-r-l"]}]}},"_links":{"self":[{"href":"https:\/\/www.donatonigroup.com\/pt-pt\/wp-json\/wp\/v2\/product\/6662","targetHints":{"allow":["GET"]}}],"collection":[{"href":"https:\/\/www.donatonigroup.com\/pt-pt\/wp-json\/wp\/v2\/product"}],"about":[{"href":"https:\/\/www.donatonigroup.com\/pt-pt\/wp-json\/wp\/v2\/types\/product"}],"wp:featuredmedia":[{"embeddable":true,"href":"https:\/\/www.donatonigroup.com\/pt-pt\/wp-json\/wp\/v2\/media\/6664"}],"wp:attachment":[{"href":"https:\/\/www.donatonigroup.com\/pt-pt\/wp-json\/wp\/v2\/media?parent=6662"}],"wp:term":[{"taxonomy":"product_brand","embeddable":true,"href":"https:\/\/www.donatonigroup.com\/pt-pt\/wp-json\/wp\/v2\/product_brand?post=6662"},{"taxonomy":"product_cat","embeddable":true,"href":"https:\/\/www.donatonigroup.com\/pt-pt\/wp-json\/wp\/v2\/product_cat?post=6662"},{"taxonomy":"product_tag","embeddable":true,"href":"https:\/\/www.donatonigroup.com\/pt-pt\/wp-json\/wp\/v2\/product_tag?post=6662"},{"taxonomy":"caratteristica","embeddable":true,"href":"https:\/\/www.donatonigroup.com\/pt-pt\/wp-json\/wp\/v2\/caratteristica?post=6662"},{"taxonomy":"serie","embeddable":true,"href":"https:\/\/www.donatonigroup.com\/pt-pt\/wp-json\/wp\/v2\/serie?post=6662"},{"taxonomy":"settore_di_applicazione","embeddable":true,"href":"https:\/\/www.donatonigroup.com\/pt-pt\/wp-json\/wp\/v2\/settore_di_applicazione?post=6662"}],"curies":[{"name":"wp","href":"https:\/\/api.w.org\/{rel}","templated":true}]}}