{"id":6773,"date":"2023-02-09T08:29:54","date_gmt":"2023-02-09T08:29:54","guid":{"rendered":"http:\/\/www.donatonigroup.com\/macchina\/cr-1\/"},"modified":"2023-10-19T12:53:40","modified_gmt":"2023-10-19T12:53:40","slug":"cr-1","status":"publish","type":"product","link":"https:\/\/www.donatonigroup.com\/pt-pt\/maquina\/cr-1\/","title":{"rendered":"CR 1"},"content":{"rendered":"<div data-el-id=\"9192ed59-d792-4841-8238-1e7a7a287d76\">\n<div data-el-id=\"9192ed59-d792-4841-8238-1e7a7a287d76-txt\">\n<div class=\"machine-template__description-title\">\n<h3 class=\"machine-template__description-title-text\">Sistemas de produ\u00e7\u00e3o de nova gera\u00e7\u00e3o<\/h3>\n<\/div>\n<\/div>\n<\/div>\n<div data-el-id=\"117bc00d-cfe6-4e75-aea3-d633731d9307\">\n<div data-el-id=\"117bc00d-cfe6-4e75-aea3-d633731d9307-txt\">\n<div class=\"machine-template__description-description\">\n<p>O <strong>DONATONI CR1<\/strong> \u00e9 um sistema de produ\u00e7\u00e3o robotizado de controlo num\u00e9rico de nova gera\u00e7\u00e3o com <strong>6\/7\/8 eixos interpolados<\/strong>, concebido para ser uma ferramenta altamente flex\u00edvel para realizar elementos de qualquer dimens\u00e3o e material com alturas at\u00e9 2900 mm. Permite realizar uma vasta gama de opera\u00e7\u00f5es de maquina\u00e7\u00e3o: corte, fresagem, fura\u00e7\u00e3o e execu\u00e7\u00e3o de perfis simples e complexa.<\/p>\n<p>O sistema \u00e9 completamente personaliz\u00e1vel, quer no que diz respeito \u00e0 disposi\u00e7\u00e3o do layout, quer no que se refere \u00e0 grande diversidade de acess\u00f3rios, como a troca de ferramentas e troca de disco autom\u00e1ticas ISO40\/ISO50, a mesa rotativa interpolada, o torno horizontal interpolado, a plataforma com plano em alum\u00ednio e as mesas com plano em madeira.<\/p>\n<\/div>\n<\/div>\n<\/div>\n","protected":false},"excerpt":{"rendered":"<p>Sistemas de produ\u00e7\u00e3o de nova gera\u00e7\u00e3o O DONATONI CR1 \u00e9 um sistema de produ\u00e7\u00e3o robotizado de controlo num\u00e9rico de nova gera\u00e7\u00e3o com 6\/7\/8 eixos interpolados, concebido para ser uma ferramenta altamente flex\u00edvel para realizar elementos de qualquer dimens\u00e3o e material com alturas at\u00e9 2900 mm. Permite realizar uma vasta gama de opera\u00e7\u00f5es de maquina\u00e7\u00e3o: corte, [&hellip;]<\/p>\n","protected":false},"featured_media":6775,"template":"","meta":{"_et_pb_use_builder":"","_et_pb_old_content":"","_et_gb_content_width":""},"product_brand":[],"product_cat":[1239],"product_tag":[],"caratteristica":[1272,1273,1274,1275,1426,1427,1428],"serie":[1266],"settore_di_applicazione":[1254,1255,1256,1257],"class_list":{"0":"post-6773","1":"product","2":"type-product","3":"status-publish","4":"has-post-thumbnail","6":"product_cat-sistemas-roboticos","7":"pa_altezza-max-lavoro-ind-2200-pt-pt","8":"pa_assi-interpolati-6-7-8-pt-pt","9":"pa_attacco-portautensile-40-pt-pt","10":"pa_attacco-portautensile-50-pt-pt","11":"pa_classe-di-protezione-cr-65-pt-pt","12":"pa_classe-di-protezione-polso-67-pt-pt","13":"pa_consumo-acqua-3bar-50-pt-pt","14":"pa_consumo-aria-6-bar-20-pt-pt","15":"pa_coppia-mot-elettromandrino-31-8-38-2-pt-pt","16":"pa_coppia-mot-elettromandrino-95-5-114-5-pt-pt","17":"pa_corsa-asse-a1-185-pt-pt","18":"pa_corsa-asse-a2-140-5-pt-pt","19":"pa_corsa-asse-a3-120-168-pt-pt","20":"pa_corsa-asse-a4-350-pt-pt","21":"pa_corsa-asse-a5-122-5-pt-pt","22":"pa_corsa-asse-a6-350-pt-pt","23":"pa_diametro-massimo-disco-625-pt-pt","24":"pa_diametro-massimo-disco-825-pt-pt","25":"pa_diametro-minimo-disco-350-pt-pt","26":"pa_dim-piattaforma-3270-x-1500-pt-pt","27":"pa_dim-piattaforma-3270-x-2000-pt-pt","28":"pa_limiti-ambiente-temp-5-40-pt-pt","29":"pa_livello-sonoro-75-pt-pt","30":"pa_max-raggio-dazione-2900-pt-pt","31":"pa_peso-solo-robot-1120-pt-pt","32":"pa_portata-al-polso-240-pt-pt","33":"pa_potenza-installata-28-pt-pt","34":"pa_potenza-installata-34-pt-pt","35":"pa_potenza-nominale-15-18-pt-pt","36":"pa_potenza-nominale-20-24-pt-pt","37":"pa_profondita-max-di-taglio-205-pt-pt","38":"pa_profondita-max-di-taglio-276-pt-pt","39":"pa_raffreddamento-motore-liquido-pt-pt","40":"pa_ripetibilita-posiz-asse-x-0-05-pt-pt","41":"pa_sistema-di-controllo-kr-c4-pt-pt","42":"pa_temp-esercizio-10--50-pt-pt","43":"pa_tensione-elettrica-standard-40010-50-pt-pt","44":"pa_velocita-massima-12000-pt-pt","45":"pa_velocita-massima-6000-pt-pt","46":"pa_velocita-massima-asse-a1-103-pt-pt","47":"pa_velocita-massima-asse-a2-94-pt-pt","48":"pa_velocita-massima-asse-a3-100-pt-pt","49":"pa_velocita-massima-asse-a4-170-pt-pt","50":"pa_velocita-massima-asse-a5-129-pt-pt","51":"pa_velocita-massima-asse-a6-206-pt-pt","52":"caratteristica-volume-reduzido","53":"caratteristica-ampla-gama-de-trabalhos","54":"caratteristica-simples-e-rapida-de-programar","55":"caratteristica-extremamente-potente","56":"caratteristica-interface-software-dedicada","57":"caratteristica-ideal-para-perfis-e-esculturas","58":"caratteristica-sistema-modular-de-combinacao-livre","59":"serie-cr-series-pt-pt","60":"settore_di_applicazione-arte-funebre","61":"settore_di_applicazione-design-e-esculturas","62":"settore_di_applicazione-grandes-projetos","63":"settore_di_applicazione-pecas-para-a-construcao-civil","65":"first","66":"instock","67":"shipping-taxable","68":"purchasable","69":"product-type-simple"},"acf":[],"yoast_head":"<!-- This site is optimized with the Yoast SEO plugin v25.8 - https:\/\/yoast.com\/wordpress\/plugins\/seo\/ -->\n<title>CR 1 - Donatoni Group<\/title>\n<meta name=\"robots\" content=\"index, follow, max-snippet:-1, max-image-preview:large, max-video-preview:-1\" \/>\n<link rel=\"canonical\" href=\"https:\/\/www.donatonigroup.com\/pt-pt\/maquina\/cr-1\/\" \/>\n<meta property=\"og:locale\" content=\"pt_PT\" \/>\n<meta property=\"og:type\" content=\"article\" \/>\n<meta property=\"og:title\" content=\"CR 1 - Donatoni Group\" \/>\n<meta property=\"og:description\" content=\"Sistemas de produ\u00e7\u00e3o de nova gera\u00e7\u00e3o O DONATONI CR1 \u00e9 um sistema de produ\u00e7\u00e3o robotizado de controlo num\u00e9rico de nova gera\u00e7\u00e3o com 6\/7\/8 eixos interpolados, concebido para ser uma ferramenta altamente flex\u00edvel para realizar elementos de qualquer dimens\u00e3o e material com alturas at\u00e9 2900 mm. Permite realizar uma vasta gama de opera\u00e7\u00f5es de maquina\u00e7\u00e3o: corte, [&hellip;]\" \/>\n<meta property=\"og:url\" content=\"https:\/\/www.donatonigroup.com\/pt-pt\/maquina\/cr-1\/\" \/>\n<meta property=\"og:site_name\" content=\"Donatoni Group\" \/>\n<meta property=\"article:publisher\" content=\"https:\/\/www.facebook.com\/donatonimacchine\" \/>\n<meta property=\"article:modified_time\" content=\"2023-10-19T12:53:40+00:00\" \/>\n<meta property=\"og:image\" content=\"https:\/\/www.donatonigroup.com\/wp-content\/uploads\/2023\/02\/CR1-1500x9352-1.png\" \/>\n\t<meta property=\"og:image:width\" content=\"1500\" \/>\n\t<meta property=\"og:image:height\" content=\"935\" \/>\n\t<meta property=\"og:image:type\" content=\"image\/png\" \/>\n<meta name=\"twitter:card\" content=\"summary_large_image\" \/>\n<meta name=\"twitter:label1\" content=\"Tempo estimado de leitura\" \/>\n\t<meta name=\"twitter:data1\" content=\"1 minuto\" \/>\n<script type=\"application\/ld+json\" class=\"yoast-schema-graph\">{\"@context\":\"https:\/\/schema.org\",\"@graph\":[{\"@type\":\"WebPage\",\"@id\":\"https:\/\/www.donatonigroup.com\/pt-pt\/maquina\/cr-1\/\",\"url\":\"https:\/\/www.donatonigroup.com\/pt-pt\/maquina\/cr-1\/\",\"name\":\"CR 1 - Donatoni Group\",\"isPartOf\":{\"@id\":\"https:\/\/www.donatonigroup.com\/pt-pt\/#website\"},\"primaryImageOfPage\":{\"@id\":\"https:\/\/www.donatonigroup.com\/pt-pt\/maquina\/cr-1\/#primaryimage\"},\"image\":{\"@id\":\"https:\/\/www.donatonigroup.com\/pt-pt\/maquina\/cr-1\/#primaryimage\"},\"thumbnailUrl\":\"https:\/\/www.donatonigroup.com\/wp-content\/uploads\/2023\/02\/CR1-1500x9352-1.png\",\"datePublished\":\"2023-02-09T08:29:54+00:00\",\"dateModified\":\"2023-10-19T12:53:40+00:00\",\"breadcrumb\":{\"@id\":\"https:\/\/www.donatonigroup.com\/pt-pt\/maquina\/cr-1\/#breadcrumb\"},\"inLanguage\":\"pt-PT\",\"potentialAction\":[{\"@type\":\"ReadAction\",\"target\":[\"https:\/\/www.donatonigroup.com\/pt-pt\/maquina\/cr-1\/\"]}]},{\"@type\":\"ImageObject\",\"inLanguage\":\"pt-PT\",\"@id\":\"https:\/\/www.donatonigroup.com\/pt-pt\/maquina\/cr-1\/#primaryimage\",\"url\":\"https:\/\/www.donatonigroup.com\/wp-content\/uploads\/2023\/02\/CR1-1500x9352-1.png\",\"contentUrl\":\"https:\/\/www.donatonigroup.com\/wp-content\/uploads\/2023\/02\/CR1-1500x9352-1.png\",\"width\":1500,\"height\":935},{\"@type\":\"BreadcrumbList\",\"@id\":\"https:\/\/www.donatonigroup.com\/pt-pt\/maquina\/cr-1\/#breadcrumb\",\"itemListElement\":[{\"@type\":\"ListItem\",\"position\":1,\"name\":\"Home\",\"item\":\"https:\/\/www.donatonigroup.com\/pt-pt\/\"},{\"@type\":\"ListItem\",\"position\":2,\"name\":\"Cat\u00e1logo de M\u00e1quinas\",\"item\":\"https:\/\/www.donatonigroup.com\/pt-pt\/catalogo-de-maquinas\/\"},{\"@type\":\"ListItem\",\"position\":3,\"name\":\"CR 1\"}]},{\"@type\":\"WebSite\",\"@id\":\"https:\/\/www.donatonigroup.com\/pt-pt\/#website\",\"url\":\"https:\/\/www.donatonigroup.com\/pt-pt\/\",\"name\":\"Donatoni Group\",\"description\":\"\",\"publisher\":{\"@id\":\"https:\/\/www.donatonigroup.com\/pt-pt\/#organization\"},\"potentialAction\":[{\"@type\":\"SearchAction\",\"target\":{\"@type\":\"EntryPoint\",\"urlTemplate\":\"https:\/\/www.donatonigroup.com\/pt-pt\/?s={search_term_string}\"},\"query-input\":{\"@type\":\"PropertyValueSpecification\",\"valueRequired\":true,\"valueName\":\"search_term_string\"}}],\"inLanguage\":\"pt-PT\"},{\"@type\":\"Organization\",\"@id\":\"https:\/\/www.donatonigroup.com\/pt-pt\/#organization\",\"name\":\"Donatoni Group\",\"url\":\"https:\/\/www.donatonigroup.com\/pt-pt\/\",\"logo\":{\"@type\":\"ImageObject\",\"inLanguage\":\"pt-PT\",\"@id\":\"https:\/\/www.donatonigroup.com\/pt-pt\/#\/schema\/logo\/image\/\",\"url\":\"http:\/\/www.donatonigroup.com\/wp-content\/uploads\/2023\/02\/donatoni-logo.png\",\"contentUrl\":\"http:\/\/www.donatonigroup.com\/wp-content\/uploads\/2023\/02\/donatoni-logo.png\",\"width\":800,\"height\":112,\"caption\":\"Donatoni Group\"},\"image\":{\"@id\":\"https:\/\/www.donatonigroup.com\/pt-pt\/#\/schema\/logo\/image\/\"},\"sameAs\":[\"https:\/\/www.facebook.com\/donatonimacchine\",\"https:\/\/instagram.com\/donatonigroup\/\",\"https:\/\/www.linkedin.com\/company\/donatoni-macchine-s-r-l\"]}]}<\/script>\n<!-- \/ Yoast SEO plugin. -->","yoast_head_json":{"title":"CR 1 - Donatoni Group","robots":{"index":"index","follow":"follow","max-snippet":"max-snippet:-1","max-image-preview":"max-image-preview:large","max-video-preview":"max-video-preview:-1"},"canonical":"https:\/\/www.donatonigroup.com\/pt-pt\/maquina\/cr-1\/","og_locale":"pt_PT","og_type":"article","og_title":"CR 1 - Donatoni Group","og_description":"Sistemas de produ\u00e7\u00e3o de nova gera\u00e7\u00e3o O DONATONI CR1 \u00e9 um sistema de produ\u00e7\u00e3o robotizado de controlo num\u00e9rico de nova gera\u00e7\u00e3o com 6\/7\/8 eixos interpolados, concebido para ser uma ferramenta altamente flex\u00edvel para realizar elementos de qualquer dimens\u00e3o e material com alturas at\u00e9 2900 mm. Permite realizar uma vasta gama de opera\u00e7\u00f5es de maquina\u00e7\u00e3o: corte, [&hellip;]","og_url":"https:\/\/www.donatonigroup.com\/pt-pt\/maquina\/cr-1\/","og_site_name":"Donatoni Group","article_publisher":"https:\/\/www.facebook.com\/donatonimacchine","article_modified_time":"2023-10-19T12:53:40+00:00","og_image":[{"width":1500,"height":935,"url":"https:\/\/www.donatonigroup.com\/wp-content\/uploads\/2023\/02\/CR1-1500x9352-1.png","type":"image\/png"}],"twitter_card":"summary_large_image","twitter_misc":{"Tempo estimado de leitura":"1 minuto"},"schema":{"@context":"https:\/\/schema.org","@graph":[{"@type":"WebPage","@id":"https:\/\/www.donatonigroup.com\/pt-pt\/maquina\/cr-1\/","url":"https:\/\/www.donatonigroup.com\/pt-pt\/maquina\/cr-1\/","name":"CR 1 - Donatoni Group","isPartOf":{"@id":"https:\/\/www.donatonigroup.com\/pt-pt\/#website"},"primaryImageOfPage":{"@id":"https:\/\/www.donatonigroup.com\/pt-pt\/maquina\/cr-1\/#primaryimage"},"image":{"@id":"https:\/\/www.donatonigroup.com\/pt-pt\/maquina\/cr-1\/#primaryimage"},"thumbnailUrl":"https:\/\/www.donatonigroup.com\/wp-content\/uploads\/2023\/02\/CR1-1500x9352-1.png","datePublished":"2023-02-09T08:29:54+00:00","dateModified":"2023-10-19T12:53:40+00:00","breadcrumb":{"@id":"https:\/\/www.donatonigroup.com\/pt-pt\/maquina\/cr-1\/#breadcrumb"},"inLanguage":"pt-PT","potentialAction":[{"@type":"ReadAction","target":["https:\/\/www.donatonigroup.com\/pt-pt\/maquina\/cr-1\/"]}]},{"@type":"ImageObject","inLanguage":"pt-PT","@id":"https:\/\/www.donatonigroup.com\/pt-pt\/maquina\/cr-1\/#primaryimage","url":"https:\/\/www.donatonigroup.com\/wp-content\/uploads\/2023\/02\/CR1-1500x9352-1.png","contentUrl":"https:\/\/www.donatonigroup.com\/wp-content\/uploads\/2023\/02\/CR1-1500x9352-1.png","width":1500,"height":935},{"@type":"BreadcrumbList","@id":"https:\/\/www.donatonigroup.com\/pt-pt\/maquina\/cr-1\/#breadcrumb","itemListElement":[{"@type":"ListItem","position":1,"name":"Home","item":"https:\/\/www.donatonigroup.com\/pt-pt\/"},{"@type":"ListItem","position":2,"name":"Cat\u00e1logo de M\u00e1quinas","item":"https:\/\/www.donatonigroup.com\/pt-pt\/catalogo-de-maquinas\/"},{"@type":"ListItem","position":3,"name":"CR 1"}]},{"@type":"WebSite","@id":"https:\/\/www.donatonigroup.com\/pt-pt\/#website","url":"https:\/\/www.donatonigroup.com\/pt-pt\/","name":"Donatoni Group","description":"","publisher":{"@id":"https:\/\/www.donatonigroup.com\/pt-pt\/#organization"},"potentialAction":[{"@type":"SearchAction","target":{"@type":"EntryPoint","urlTemplate":"https:\/\/www.donatonigroup.com\/pt-pt\/?s={search_term_string}"},"query-input":{"@type":"PropertyValueSpecification","valueRequired":true,"valueName":"search_term_string"}}],"inLanguage":"pt-PT"},{"@type":"Organization","@id":"https:\/\/www.donatonigroup.com\/pt-pt\/#organization","name":"Donatoni Group","url":"https:\/\/www.donatonigroup.com\/pt-pt\/","logo":{"@type":"ImageObject","inLanguage":"pt-PT","@id":"https:\/\/www.donatonigroup.com\/pt-pt\/#\/schema\/logo\/image\/","url":"http:\/\/www.donatonigroup.com\/wp-content\/uploads\/2023\/02\/donatoni-logo.png","contentUrl":"http:\/\/www.donatonigroup.com\/wp-content\/uploads\/2023\/02\/donatoni-logo.png","width":800,"height":112,"caption":"Donatoni Group"},"image":{"@id":"https:\/\/www.donatonigroup.com\/pt-pt\/#\/schema\/logo\/image\/"},"sameAs":["https:\/\/www.facebook.com\/donatonimacchine","https:\/\/instagram.com\/donatonigroup\/","https:\/\/www.linkedin.com\/company\/donatoni-macchine-s-r-l"]}]}},"_links":{"self":[{"href":"https:\/\/www.donatonigroup.com\/pt-pt\/wp-json\/wp\/v2\/product\/6773","targetHints":{"allow":["GET"]}}],"collection":[{"href":"https:\/\/www.donatonigroup.com\/pt-pt\/wp-json\/wp\/v2\/product"}],"about":[{"href":"https:\/\/www.donatonigroup.com\/pt-pt\/wp-json\/wp\/v2\/types\/product"}],"wp:featuredmedia":[{"embeddable":true,"href":"https:\/\/www.donatonigroup.com\/pt-pt\/wp-json\/wp\/v2\/media\/6775"}],"wp:attachment":[{"href":"https:\/\/www.donatonigroup.com\/pt-pt\/wp-json\/wp\/v2\/media?parent=6773"}],"wp:term":[{"taxonomy":"product_brand","embeddable":true,"href":"https:\/\/www.donatonigroup.com\/pt-pt\/wp-json\/wp\/v2\/product_brand?post=6773"},{"taxonomy":"product_cat","embeddable":true,"href":"https:\/\/www.donatonigroup.com\/pt-pt\/wp-json\/wp\/v2\/product_cat?post=6773"},{"taxonomy":"product_tag","embeddable":true,"href":"https:\/\/www.donatonigroup.com\/pt-pt\/wp-json\/wp\/v2\/product_tag?post=6773"},{"taxonomy":"caratteristica","embeddable":true,"href":"https:\/\/www.donatonigroup.com\/pt-pt\/wp-json\/wp\/v2\/caratteristica?post=6773"},{"taxonomy":"serie","embeddable":true,"href":"https:\/\/www.donatonigroup.com\/pt-pt\/wp-json\/wp\/v2\/serie?post=6773"},{"taxonomy":"settore_di_applicazione","embeddable":true,"href":"https:\/\/www.donatonigroup.com\/pt-pt\/wp-json\/wp\/v2\/settore_di_applicazione?post=6773"}],"curies":[{"name":"wp","href":"https:\/\/api.w.org\/{rel}","templated":true}]}}