{"id":6784,"date":"2023-02-09T08:36:54","date_gmt":"2023-02-09T08:36:54","guid":{"rendered":"http:\/\/www.donatonigroup.com\/macchina\/cr-2\/"},"modified":"2023-10-19T13:03:49","modified_gmt":"2023-10-19T13:03:49","slug":"cr-2","status":"publish","type":"product","link":"https:\/\/www.donatonigroup.com\/pt-pt\/maquina\/cr-2\/","title":{"rendered":"CR 2"},"content":{"rendered":"<div class=\"dfa848d5-a83c-4f3f-a77b-be50d21ef421\" data-el-id=\"dfa848d5-a83c-4f3f-a77b-be50d21ef421\">\n<div data-el-id=\"dfa848d5-a83c-4f3f-a77b-be50d21ef421-txt\"><\/div>\n<\/div>\n<div data-el-id=\"c1dee416-bb48-483e-9098-f0ea43eb00a6\">\n<div data-el-id=\"c1dee416-bb48-483e-9098-f0ea43eb00a6-txt\">\n<div class=\"machine-template__description-title\">\n<h3 class=\"machine-template__description-title-sub\">Sistemas de produ\u00e7\u00e3o de nova gera\u00e7\u00e3o<\/h3>\n<\/div>\n<\/div>\n<\/div>\n<div data-el-id=\"cd1a8a55-1de4-4e0c-8118-1887ad458c0e\">\n<div data-el-id=\"cd1a8a55-1de4-4e0c-8118-1887ad458c0e-txt\">\n<div class=\"machine-template__description-description\">\n<p>O <strong>DONATONI CR2<\/strong> \u00e9 um sistema de produ\u00e7\u00e3o robotizado de controlo num\u00e9rico de nova gera\u00e7\u00e3o com <strong>6\/7\/8 eixos interpolados<\/strong>, concebido para ser uma ferramenta altamente flex\u00edvel para realizar elementos de qualquer dimens\u00e3o e material com alturas at\u00e9 3300 mm. Permite realizar uma vasta gama de opera\u00e7\u00f5es de maquina\u00e7\u00e3o: corte, fresagem, fura\u00e7\u00e3o e execu\u00e7\u00e3o de perfis simples e complexa.<\/p>\n<p>O sistema \u00e9 completamente personaliz\u00e1vel, quer no que diz respeito \u00e0 disposi\u00e7\u00e3o do layout, quer no que se refere \u00e0 grande diversidade de acess\u00f3rios, como a troca de ferramentas e troca de disco autom\u00e1ticas ISO50, a mesa rotativa interpolada, o torno horizontal interpolado, a plataforma com plano em alum\u00ednio e as mesas com plano em madeira.<\/p>\n<p>&nbsp;<\/p>\n<\/div>\n<\/div>\n<\/div>\n","protected":false},"excerpt":{"rendered":"<p>Sistemas de produ\u00e7\u00e3o de nova gera\u00e7\u00e3o O DONATONI CR2 \u00e9 um sistema de produ\u00e7\u00e3o robotizado de controlo num\u00e9rico de nova gera\u00e7\u00e3o com 6\/7\/8 eixos interpolados, concebido para ser uma ferramenta altamente flex\u00edvel para realizar elementos de qualquer dimens\u00e3o e material com alturas at\u00e9 3300 mm. Permite realizar uma vasta gama de opera\u00e7\u00f5es de maquina\u00e7\u00e3o: corte, [&hellip;]<\/p>\n","protected":false},"featured_media":6786,"template":"","meta":{"_et_pb_use_builder":"","_et_pb_old_content":"","_et_gb_content_width":""},"product_brand":[],"product_cat":[1239],"product_tag":[],"caratteristica":[1272,1273,1274,1275,1426,1427,1428],"serie":[1266],"settore_di_applicazione":[1254,1255,1256,1257],"class_list":{"0":"post-6784","1":"product","2":"type-product","3":"status-publish","4":"has-post-thumbnail","6":"product_cat-sistemas-roboticos","7":"pa_altezza-max-lavoro-ind-2700-pt-pt","8":"pa_assi-interpolati-6-7-8-pt-pt","9":"pa_attacco-portautensile-50-pt-pt","10":"pa_classe-di-protezione-cr-65-pt-pt","11":"pa_classe-di-protezione-polso-67-pt-pt","12":"pa_consumo-acqua-3bar-50-pt-pt","13":"pa_consumo-aria-6-bar-20-pt-pt","14":"pa_coppia-mot-elettromandrino-239-273-pt-pt","15":"pa_corsa-asse-a1-185-pt-pt","16":"pa_corsa-asse-a2-130-20-pt-pt","17":"pa_corsa-asse-a3-100-144-pt-pt","18":"pa_corsa-asse-a4-350-pt-pt","19":"pa_corsa-asse-a5-120-pt-pt","20":"pa_corsa-asse-a6-350-pt-pt","21":"pa_diametro-massimo-disco-825-pt-pt","22":"pa_diametro-minimo-disco-350-pt-pt","23":"pa_dim-piattaforma-3270-x-2000-pt-pt","24":"pa_limiti-ambiente-temp-5-40-pt-pt","25":"pa_livello-sonoro-75-pt-pt","26":"pa_max-raggio-dazione-3326-pt-pt","27":"pa_peso-solo-robot-2686-pt-pt","28":"pa_portata-al-polso-420-pt-pt","29":"pa_potenza-installata-49-pt-pt","30":"pa_potenza-nominale-35-40-pt-pt","31":"pa_profondita-max-di-taglio-276-pt-pt","32":"pa_raffreddamento-motore-liquido-pt-pt","33":"pa_ripetibilita-posiz-asse-x-0-08-pt-pt","34":"pa_sistema-di-controllo-kr-c4-pt-pt","35":"pa_temp-esercizio-10--50-pt-pt","36":"pa_tensione-elettrica-standard-40010-50-pt-pt","37":"pa_velocita-massima-8000-pt-pt","38":"pa_velocita-massima-asse-a1-80-pt-pt","39":"pa_velocita-massima-asse-a2-75-pt-pt","40":"pa_velocita-massima-asse-a3-70-pt-pt","41":"pa_velocita-massima-asse-a4-70-pt-pt","42":"pa_velocita-massima-asse-a5-70-pt-pt","43":"pa_velocita-massima-asse-a6-110-pt-pt","44":"caratteristica-volume-reduzido","45":"caratteristica-ampla-gama-de-trabalhos","46":"caratteristica-simples-e-rapida-de-programar","47":"caratteristica-extremamente-potente","48":"caratteristica-interface-software-dedicada","49":"caratteristica-ideal-para-perfis-e-esculturas","50":"caratteristica-sistema-modular-de-combinacao-livre","51":"serie-cr-series-pt-pt","52":"settore_di_applicazione-arte-funebre","53":"settore_di_applicazione-design-e-esculturas","54":"settore_di_applicazione-grandes-projetos","55":"settore_di_applicazione-pecas-para-a-construcao-civil","57":"first","58":"instock","59":"shipping-taxable","60":"purchasable","61":"product-type-simple"},"acf":[],"yoast_head":"<!-- This site is optimized with the Yoast SEO plugin v25.8 - https:\/\/yoast.com\/wordpress\/plugins\/seo\/ -->\n<title>CR 2 - Donatoni Group<\/title>\n<meta name=\"robots\" content=\"index, follow, max-snippet:-1, max-image-preview:large, max-video-preview:-1\" \/>\n<link rel=\"canonical\" href=\"https:\/\/www.donatonigroup.com\/pt-pt\/maquina\/cr-2\/\" \/>\n<meta property=\"og:locale\" content=\"pt_PT\" \/>\n<meta property=\"og:type\" content=\"article\" \/>\n<meta property=\"og:title\" content=\"CR 2 - Donatoni Group\" \/>\n<meta property=\"og:description\" content=\"Sistemas de produ\u00e7\u00e3o de nova gera\u00e7\u00e3o O DONATONI CR2 \u00e9 um sistema de produ\u00e7\u00e3o robotizado de controlo num\u00e9rico de nova gera\u00e7\u00e3o com 6\/7\/8 eixos interpolados, concebido para ser uma ferramenta altamente flex\u00edvel para realizar elementos de qualquer dimens\u00e3o e material com alturas at\u00e9 3300 mm. Permite realizar uma vasta gama de opera\u00e7\u00f5es de maquina\u00e7\u00e3o: corte, [&hellip;]\" \/>\n<meta property=\"og:url\" content=\"https:\/\/www.donatonigroup.com\/pt-pt\/maquina\/cr-2\/\" \/>\n<meta property=\"og:site_name\" content=\"Donatoni Group\" \/>\n<meta property=\"article:publisher\" content=\"https:\/\/www.facebook.com\/donatonimacchine\" \/>\n<meta property=\"article:modified_time\" content=\"2023-10-19T13:03:49+00:00\" \/>\n<meta property=\"og:image\" content=\"https:\/\/www.donatonigroup.com\/wp-content\/uploads\/2023\/02\/CR2-1500x9352-1.png\" \/>\n\t<meta property=\"og:image:width\" content=\"1500\" \/>\n\t<meta property=\"og:image:height\" content=\"935\" \/>\n\t<meta property=\"og:image:type\" content=\"image\/png\" \/>\n<meta name=\"twitter:card\" content=\"summary_large_image\" \/>\n<meta name=\"twitter:label1\" content=\"Tempo estimado de leitura\" \/>\n\t<meta name=\"twitter:data1\" content=\"1 minuto\" \/>\n<script type=\"application\/ld+json\" class=\"yoast-schema-graph\">{\"@context\":\"https:\/\/schema.org\",\"@graph\":[{\"@type\":\"WebPage\",\"@id\":\"https:\/\/www.donatonigroup.com\/pt-pt\/maquina\/cr-2\/\",\"url\":\"https:\/\/www.donatonigroup.com\/pt-pt\/maquina\/cr-2\/\",\"name\":\"CR 2 - Donatoni Group\",\"isPartOf\":{\"@id\":\"https:\/\/www.donatonigroup.com\/pt-pt\/#website\"},\"primaryImageOfPage\":{\"@id\":\"https:\/\/www.donatonigroup.com\/pt-pt\/maquina\/cr-2\/#primaryimage\"},\"image\":{\"@id\":\"https:\/\/www.donatonigroup.com\/pt-pt\/maquina\/cr-2\/#primaryimage\"},\"thumbnailUrl\":\"https:\/\/www.donatonigroup.com\/wp-content\/uploads\/2023\/02\/CR2-1500x9352-1.png\",\"datePublished\":\"2023-02-09T08:36:54+00:00\",\"dateModified\":\"2023-10-19T13:03:49+00:00\",\"breadcrumb\":{\"@id\":\"https:\/\/www.donatonigroup.com\/pt-pt\/maquina\/cr-2\/#breadcrumb\"},\"inLanguage\":\"pt-PT\",\"potentialAction\":[{\"@type\":\"ReadAction\",\"target\":[\"https:\/\/www.donatonigroup.com\/pt-pt\/maquina\/cr-2\/\"]}]},{\"@type\":\"ImageObject\",\"inLanguage\":\"pt-PT\",\"@id\":\"https:\/\/www.donatonigroup.com\/pt-pt\/maquina\/cr-2\/#primaryimage\",\"url\":\"https:\/\/www.donatonigroup.com\/wp-content\/uploads\/2023\/02\/CR2-1500x9352-1.png\",\"contentUrl\":\"https:\/\/www.donatonigroup.com\/wp-content\/uploads\/2023\/02\/CR2-1500x9352-1.png\",\"width\":1500,\"height\":935},{\"@type\":\"BreadcrumbList\",\"@id\":\"https:\/\/www.donatonigroup.com\/pt-pt\/maquina\/cr-2\/#breadcrumb\",\"itemListElement\":[{\"@type\":\"ListItem\",\"position\":1,\"name\":\"Home\",\"item\":\"https:\/\/www.donatonigroup.com\/pt-pt\/\"},{\"@type\":\"ListItem\",\"position\":2,\"name\":\"Cat\u00e1logo de M\u00e1quinas\",\"item\":\"https:\/\/www.donatonigroup.com\/pt-pt\/catalogo-de-maquinas\/\"},{\"@type\":\"ListItem\",\"position\":3,\"name\":\"CR 2\"}]},{\"@type\":\"WebSite\",\"@id\":\"https:\/\/www.donatonigroup.com\/pt-pt\/#website\",\"url\":\"https:\/\/www.donatonigroup.com\/pt-pt\/\",\"name\":\"Donatoni Group\",\"description\":\"\",\"publisher\":{\"@id\":\"https:\/\/www.donatonigroup.com\/pt-pt\/#organization\"},\"potentialAction\":[{\"@type\":\"SearchAction\",\"target\":{\"@type\":\"EntryPoint\",\"urlTemplate\":\"https:\/\/www.donatonigroup.com\/pt-pt\/?s={search_term_string}\"},\"query-input\":{\"@type\":\"PropertyValueSpecification\",\"valueRequired\":true,\"valueName\":\"search_term_string\"}}],\"inLanguage\":\"pt-PT\"},{\"@type\":\"Organization\",\"@id\":\"https:\/\/www.donatonigroup.com\/pt-pt\/#organization\",\"name\":\"Donatoni Group\",\"url\":\"https:\/\/www.donatonigroup.com\/pt-pt\/\",\"logo\":{\"@type\":\"ImageObject\",\"inLanguage\":\"pt-PT\",\"@id\":\"https:\/\/www.donatonigroup.com\/pt-pt\/#\/schema\/logo\/image\/\",\"url\":\"http:\/\/www.donatonigroup.com\/wp-content\/uploads\/2023\/02\/donatoni-logo.png\",\"contentUrl\":\"http:\/\/www.donatonigroup.com\/wp-content\/uploads\/2023\/02\/donatoni-logo.png\",\"width\":800,\"height\":112,\"caption\":\"Donatoni Group\"},\"image\":{\"@id\":\"https:\/\/www.donatonigroup.com\/pt-pt\/#\/schema\/logo\/image\/\"},\"sameAs\":[\"https:\/\/www.facebook.com\/donatonimacchine\",\"https:\/\/instagram.com\/donatonigroup\/\",\"https:\/\/www.linkedin.com\/company\/donatoni-macchine-s-r-l\"]}]}<\/script>\n<!-- \/ Yoast SEO plugin. -->","yoast_head_json":{"title":"CR 2 - Donatoni Group","robots":{"index":"index","follow":"follow","max-snippet":"max-snippet:-1","max-image-preview":"max-image-preview:large","max-video-preview":"max-video-preview:-1"},"canonical":"https:\/\/www.donatonigroup.com\/pt-pt\/maquina\/cr-2\/","og_locale":"pt_PT","og_type":"article","og_title":"CR 2 - Donatoni Group","og_description":"Sistemas de produ\u00e7\u00e3o de nova gera\u00e7\u00e3o O DONATONI CR2 \u00e9 um sistema de produ\u00e7\u00e3o robotizado de controlo num\u00e9rico de nova gera\u00e7\u00e3o com 6\/7\/8 eixos interpolados, concebido para ser uma ferramenta altamente flex\u00edvel para realizar elementos de qualquer dimens\u00e3o e material com alturas at\u00e9 3300 mm. Permite realizar uma vasta gama de opera\u00e7\u00f5es de maquina\u00e7\u00e3o: corte, [&hellip;]","og_url":"https:\/\/www.donatonigroup.com\/pt-pt\/maquina\/cr-2\/","og_site_name":"Donatoni Group","article_publisher":"https:\/\/www.facebook.com\/donatonimacchine","article_modified_time":"2023-10-19T13:03:49+00:00","og_image":[{"width":1500,"height":935,"url":"https:\/\/www.donatonigroup.com\/wp-content\/uploads\/2023\/02\/CR2-1500x9352-1.png","type":"image\/png"}],"twitter_card":"summary_large_image","twitter_misc":{"Tempo estimado de leitura":"1 minuto"},"schema":{"@context":"https:\/\/schema.org","@graph":[{"@type":"WebPage","@id":"https:\/\/www.donatonigroup.com\/pt-pt\/maquina\/cr-2\/","url":"https:\/\/www.donatonigroup.com\/pt-pt\/maquina\/cr-2\/","name":"CR 2 - Donatoni Group","isPartOf":{"@id":"https:\/\/www.donatonigroup.com\/pt-pt\/#website"},"primaryImageOfPage":{"@id":"https:\/\/www.donatonigroup.com\/pt-pt\/maquina\/cr-2\/#primaryimage"},"image":{"@id":"https:\/\/www.donatonigroup.com\/pt-pt\/maquina\/cr-2\/#primaryimage"},"thumbnailUrl":"https:\/\/www.donatonigroup.com\/wp-content\/uploads\/2023\/02\/CR2-1500x9352-1.png","datePublished":"2023-02-09T08:36:54+00:00","dateModified":"2023-10-19T13:03:49+00:00","breadcrumb":{"@id":"https:\/\/www.donatonigroup.com\/pt-pt\/maquina\/cr-2\/#breadcrumb"},"inLanguage":"pt-PT","potentialAction":[{"@type":"ReadAction","target":["https:\/\/www.donatonigroup.com\/pt-pt\/maquina\/cr-2\/"]}]},{"@type":"ImageObject","inLanguage":"pt-PT","@id":"https:\/\/www.donatonigroup.com\/pt-pt\/maquina\/cr-2\/#primaryimage","url":"https:\/\/www.donatonigroup.com\/wp-content\/uploads\/2023\/02\/CR2-1500x9352-1.png","contentUrl":"https:\/\/www.donatonigroup.com\/wp-content\/uploads\/2023\/02\/CR2-1500x9352-1.png","width":1500,"height":935},{"@type":"BreadcrumbList","@id":"https:\/\/www.donatonigroup.com\/pt-pt\/maquina\/cr-2\/#breadcrumb","itemListElement":[{"@type":"ListItem","position":1,"name":"Home","item":"https:\/\/www.donatonigroup.com\/pt-pt\/"},{"@type":"ListItem","position":2,"name":"Cat\u00e1logo de M\u00e1quinas","item":"https:\/\/www.donatonigroup.com\/pt-pt\/catalogo-de-maquinas\/"},{"@type":"ListItem","position":3,"name":"CR 2"}]},{"@type":"WebSite","@id":"https:\/\/www.donatonigroup.com\/pt-pt\/#website","url":"https:\/\/www.donatonigroup.com\/pt-pt\/","name":"Donatoni Group","description":"","publisher":{"@id":"https:\/\/www.donatonigroup.com\/pt-pt\/#organization"},"potentialAction":[{"@type":"SearchAction","target":{"@type":"EntryPoint","urlTemplate":"https:\/\/www.donatonigroup.com\/pt-pt\/?s={search_term_string}"},"query-input":{"@type":"PropertyValueSpecification","valueRequired":true,"valueName":"search_term_string"}}],"inLanguage":"pt-PT"},{"@type":"Organization","@id":"https:\/\/www.donatonigroup.com\/pt-pt\/#organization","name":"Donatoni Group","url":"https:\/\/www.donatonigroup.com\/pt-pt\/","logo":{"@type":"ImageObject","inLanguage":"pt-PT","@id":"https:\/\/www.donatonigroup.com\/pt-pt\/#\/schema\/logo\/image\/","url":"http:\/\/www.donatonigroup.com\/wp-content\/uploads\/2023\/02\/donatoni-logo.png","contentUrl":"http:\/\/www.donatonigroup.com\/wp-content\/uploads\/2023\/02\/donatoni-logo.png","width":800,"height":112,"caption":"Donatoni Group"},"image":{"@id":"https:\/\/www.donatonigroup.com\/pt-pt\/#\/schema\/logo\/image\/"},"sameAs":["https:\/\/www.facebook.com\/donatonimacchine","https:\/\/instagram.com\/donatonigroup\/","https:\/\/www.linkedin.com\/company\/donatoni-macchine-s-r-l"]}]}},"_links":{"self":[{"href":"https:\/\/www.donatonigroup.com\/pt-pt\/wp-json\/wp\/v2\/product\/6784","targetHints":{"allow":["GET"]}}],"collection":[{"href":"https:\/\/www.donatonigroup.com\/pt-pt\/wp-json\/wp\/v2\/product"}],"about":[{"href":"https:\/\/www.donatonigroup.com\/pt-pt\/wp-json\/wp\/v2\/types\/product"}],"wp:featuredmedia":[{"embeddable":true,"href":"https:\/\/www.donatonigroup.com\/pt-pt\/wp-json\/wp\/v2\/media\/6786"}],"wp:attachment":[{"href":"https:\/\/www.donatonigroup.com\/pt-pt\/wp-json\/wp\/v2\/media?parent=6784"}],"wp:term":[{"taxonomy":"product_brand","embeddable":true,"href":"https:\/\/www.donatonigroup.com\/pt-pt\/wp-json\/wp\/v2\/product_brand?post=6784"},{"taxonomy":"product_cat","embeddable":true,"href":"https:\/\/www.donatonigroup.com\/pt-pt\/wp-json\/wp\/v2\/product_cat?post=6784"},{"taxonomy":"product_tag","embeddable":true,"href":"https:\/\/www.donatonigroup.com\/pt-pt\/wp-json\/wp\/v2\/product_tag?post=6784"},{"taxonomy":"caratteristica","embeddable":true,"href":"https:\/\/www.donatonigroup.com\/pt-pt\/wp-json\/wp\/v2\/caratteristica?post=6784"},{"taxonomy":"serie","embeddable":true,"href":"https:\/\/www.donatonigroup.com\/pt-pt\/wp-json\/wp\/v2\/serie?post=6784"},{"taxonomy":"settore_di_applicazione","embeddable":true,"href":"https:\/\/www.donatonigroup.com\/pt-pt\/wp-json\/wp\/v2\/settore_di_applicazione?post=6784"}],"curies":[{"name":"wp","href":"https:\/\/api.w.org\/{rel}","templated":true}]}}